{"id":1615,"date":"2024-06-29T01:06:11","date_gmt":"2024-06-29T01:06:11","guid":{"rendered":"https:\/\/touchscreenmfg.com\/manufacturer\/chemically-tempered-cover-glass\/"},"modified":"2024-06-29T03:26:40","modified_gmt":"2024-06-29T03:26:40","slug":"chemically-tempered-cover-glass","status":"publish","type":"product","link":"https:\/\/touchscreenmfg.com\/hu\/chemically-tempered-cover-glass\/","title":{"rendered":"K\u00e9miailag edzett fed\u0151\u00fcveg"},"content":{"rendered":"<h2 class=\"\" data-sourcepos=\"1:1-1:91\">K\u00e9miailag edzett fed\u0151\u00fcveg: Elektronikus eszk\u00f6z\u00f6k tart\u00f3ss\u00e1g\u00e1nak \u00e9s tisztas\u00e1g\u00e1nak n\u00f6vel\u00e9se<\/h2>\n<p data-sourcepos=\"3:1-3:72\">A k\u00e9miailag edzett fed\u0151\u00fcveg, m\u00e1s n\u00e9ven ioncser\u00e9lt \u00fcveg olyan \u00fcvegt\u00edpus, amely szil\u00e1rds\u00e1g\u00e1nak \u00e9s tart\u00f3ss\u00e1g\u00e1nak n\u00f6vel\u00e9se \u00e9rdek\u00e9ben k\u00e9miai kezel\u00e9sen esett \u00e1t. Ez a folyamat, amely jellemz\u0151en az \u00fcvegben l\u00e9v\u0151 n\u00e1triumionok k\u00e1liumionokra t\u00f6rt\u00e9n\u0151 cser\u00e9j\u00e9vel j\u00e1r, egy nyom\u00f3fesz\u00fclts\u00e9g\u0171 r\u00e9teget hoz l\u00e9tre a fel\u00fcleten, amely ellen\u00e1ll\u00f3bb\u00e1 teszi az \u00fcveget a karcol\u00e1sokkal, \u00fct\u00e9sekkel \u00e9s h\u0151hat\u00e1sokkal szemben.<\/p>\n<p data-sourcepos=\"5:1-5:49\"><strong>Kulcsfontoss\u00e1g\u00fa jellemz\u0151k:<\/strong><\/p>\n<ul data-sourcepos=\"7:1-9:1\">\n<li data-sourcepos=\"7:1-8:0\">\n<p data-sourcepos=\"7:3-7:166\"><strong>Fokozott er\u0151:<\/strong> \u00c1ltal\u00e1ban hatszor-nyolcszor er\u0151sebb, mint a k\u00f6z\u00f6ns\u00e9ges \u00fcveg, \u00edgy kev\u00e9sb\u00e9 hajlamos a t\u00f6r\u00e9sre \u00e9s a karcol\u00e1sokra.<\/p>\n<\/li>\n<li data-sourcepos=\"9:1-9:1\">\n<p data-sourcepos=\"9:3-9:140\"><strong>Optikai tisztas\u00e1g:<\/strong> Az ioncsere-folyamat nem v\u00e1ltoztatja meg az \u00fcveg optikai tulajdons\u00e1gait, meg\u0151rizve annak \u00e1tl\u00e1tsz\u00f3s\u00e1g\u00e1t \u00e9s tisztas\u00e1g\u00e1t.<\/p>\n<\/li>\n<li data-sourcepos=\"11:1-12:0\">\n<p data-sourcepos=\"11:3-11:145\"><strong>Sokoldal\u00fas\u00e1g:<\/strong> K\u00fcl\u00f6nb\u00f6z\u0151 form\u00e1kra v\u00e1ghat\u00f3 \u00e9s alak\u00edthat\u00f3, \u00edgy sz\u00e1mos felhaszn\u00e1l\u00e1si ter\u00fcletre alkalmas.<\/p>\n<\/li>\n<li data-sourcepos=\"13:1-14:0\">\n<p data-sourcepos=\"13:3-13:163\"><strong>V\u00e9konys\u00e1g:<\/strong> A termikusan edzett \u00fcveghez k\u00e9pest v\u00e9konyabb szelv\u00e9nyekben gy\u00e1rthat\u00f3, ami k\u00f6nnyebb \u00e9s karcs\u00fabb eszk\u00f6z\u00f6ket tesz lehet\u0151v\u00e9.<\/p>\n<\/li>\n<\/ul>\n<p data-sourcepos=\"15:1-15:52\"><strong>Alkalmaz\u00e1sok:<\/strong><\/p>\n<ul data-sourcepos=\"17:1-19:1\">\n<li data-sourcepos=\"17:1-18:0\">\n<p data-sourcepos=\"17:3-17:184\"><strong>Okostelefonok \u00e9s t\u00e1blag\u00e9pek:<\/strong>Sz\u00e9les k\u00f6rben haszn\u00e1lj\u00e1k okostelefonokban \u00e9s t\u00e1blag\u00e9pekben, hogy megv\u00e9dj\u00e9k a k\u00e9nyes kijelz\u0151ket a karcol\u00e1sokt\u00f3l, \u00fct\u0151d\u00e9sekt\u0151l \u00e9s v\u00e9letlen leejt\u00e9sekt\u0151l.<\/p>\n<\/li>\n<li data-sourcepos=\"19:1-19:1\">\n<p data-sourcepos=\"19:3-19:159\"><strong>Laptopok \u00e9s hordozhat\u00f3 eszk\u00f6z\u00f6k:<\/strong> A laptopok, t\u00e1blag\u00e9pek \u00e9s m\u00e1s hordozhat\u00f3 eszk\u00f6z\u00f6k gyakran haszn\u00e1lnak k\u00e9miailag edzett fed\u0151\u00fcveget a kijelz\u0151ikhez \u00e9s az \u00e9rint\u0151k\u00e9perny\u0151ikhez.<\/p>\n<\/li>\n<li data-sourcepos=\"21:1-22:0\">\n<p data-sourcepos=\"21:3-21:151\"><strong>Aut\u00f3ipari kijelz\u0151k:<\/strong> Tart\u00f3ss\u00e1ga \u00e9s optikai tisztas\u00e1ga miatt egyre gyakrabban haszn\u00e1lj\u00e1k aut\u00f3ipari kijelz\u0151kben.<\/p>\n<\/li>\n<li data-sourcepos=\"23:1-24:0\">\n<p data-sourcepos=\"23:3-23:160\"><strong>Intelligens \u00f3r\u00e1k \u00e9s viselhet\u0151 eszk\u00f6z\u00f6k:<\/strong> Az okos\u00f3r\u00e1k \u00e9s m\u00e1s hordhat\u00f3 eszk\u00f6z\u00f6k sz\u00e1m\u00e1ra el\u0151ny\u00f6s a k\u00e9miailag edzett fed\u0151\u00fcveg karc\u00e1ll\u00f3s\u00e1ga \u00e9s szil\u00e1rds\u00e1ga.<\/p>\n<\/li>\n<\/ul>\n<p data-sourcepos=\"25:1-25:27\"><strong>Edzett \u00fcveg v\u00e1g\u00e1sa:<\/strong><\/p>\n<p data-sourcepos=\"27:1-27:276\">A k\u00e9miailag edzett fed\u0151\u00fcveg v\u00e1g\u00e1sa speci\u00e1lis technik\u00e1kat \u00e9s berendez\u00e9seket ig\u00e9nyel a megn\u00f6vekedett szil\u00e1rds\u00e1g \u00e9s a rossz kezel\u00e9s eset\u00e9n fell\u00e9p\u0151 t\u00f6r\u00e9svesz\u00e9ly miatt. A k\u00e9miailag edzett fed\u0151\u00fcveg pontos \u00e9s biztons\u00e1gos v\u00e1g\u00e1s\u00e1hoz professzion\u00e1lis \u00fcvegv\u00e1g\u00f3 szolg\u00e1ltat\u00e1s aj\u00e1nlott.<\/p>","protected":false},"excerpt":{"rendered":"<p>A k\u00e9miailag edzett fed\u0151\u00fcveg a k\u00fcl\u00f6nb\u00f6z\u0151 elektronikus k\u00e9sz\u00fcl\u00e9kek kijelz\u0151inek v\u00e9delm\u00e9re \u00e9s jav\u00edt\u00e1s\u00e1ra el\u0151ny\u00f6s v\u00e1laszt\u00e1ss\u00e1 v\u00e1lt. A szil\u00e1rds\u00e1g, az optikai tisztas\u00e1g \u00e9s a sokoldal\u00fas\u00e1g kombin\u00e1ci\u00f3ja a modern technol\u00f3gia n\u00e9lk\u00fcl\u00f6zhetetlen \u00f6sszetev\u0151j\u00e9v\u00e9 teszi.<\/p>","protected":false},"featured_media":1576,"template":"","meta":[],"product_cat":[15],"product_tag":[],"_links":{"self":[{"href":"https:\/\/touchscreenmfg.com\/hu\/wp-json\/wp\/v2\/product\/1615"}],"collection":[{"href":"https:\/\/touchscreenmfg.com\/hu\/wp-json\/wp\/v2\/product"}],"about":[{"href":"https:\/\/touchscreenmfg.com\/hu\/wp-json\/wp\/v2\/types\/product"}],"wp:featuredmedia":[{"embeddable":true,"href":"https:\/\/touchscreenmfg.com\/hu\/wp-json\/wp\/v2\/media\/1576"}],"wp:attachment":[{"href":"https:\/\/touchscreenmfg.com\/hu\/wp-json\/wp\/v2\/media?parent=1615"}],"wp:term":[{"taxonomy":"product_cat","embeddable":true,"href":"https:\/\/touchscreenmfg.com\/hu\/wp-json\/wp\/v2\/product_cat?post=1615"},{"taxonomy":"product_tag","embeddable":true,"href":"https:\/\/touchscreenmfg.com\/hu\/wp-json\/wp\/v2\/product_tag?post=1615"}],"curies":[{"name":"wp","href":"https:\/\/api.w.org\/{rel}","templated":true}]}}