{"id":1614,"date":"2024-06-29T01:06:11","date_gmt":"2024-06-29T01:06:11","guid":{"rendered":"https:\/\/touchscreenmfg.com\/manufacturer\/physically-tempered-cover-glass\/"},"modified":"2024-06-29T03:30:56","modified_gmt":"2024-06-29T03:30:56","slug":"physically-tempered-cover-glass","status":"publish","type":"product","link":"https:\/\/touchscreenmfg.com\/hu\/physically-tempered-cover-glass\/","title":{"rendered":"Fizikailag edzett fed\u0151\u00fcveg"},"content":{"rendered":"<h2 class=\"\" data-sourcepos=\"1:1-1:100\">Fizikailag edzett fed\u0151\u00fcveg: Elektronikus k\u00e9sz\u00fcl\u00e9kek robusztus v\u00e9delme \u00e9s fokozott tart\u00f3ss\u00e1ga<\/h2>\n<p data-sourcepos=\"3:1-3:96\">A fizikailag edzett fed\u0151\u00fcveg, m\u00e1s n\u00e9ven termikusan edzett \u00fcveg olyan \u00fcvegt\u00edpus, amely h\u0151kezel\u00e9si elj\u00e1r\u00e1son ment kereszt\u00fcl, hogy n\u00f6velje szil\u00e1rds\u00e1g\u00e1t \u00e9s tart\u00f3ss\u00e1g\u00e1t. Ez az elj\u00e1r\u00e1s, amely jellemz\u0151en az \u00fcveg gyors felmeleg\u00edt\u00e9s\u00e9vel \u00e9s leh\u0171t\u00e9s\u00e9vel j\u00e1r, nyom\u00f3fesz\u00fclts\u00e9gi r\u00e9teget hoz l\u00e9tre a fel\u00fcleten, \u00edgy az \u00fcveg ellen\u00e1ll\u00f3bb\u00e1 v\u00e1lik a karcol\u00e1sokkal, \u00fct\u00e9sekkel \u00e9s h\u0151hat\u00e1sokkal szemben.<\/p>\n<p data-sourcepos=\"5:1-5:52\"><strong>A fizikailag edzett fed\u0151\u00fcveg f\u0151 jellemz\u0151i:<\/strong><\/p>\n<ul data-sourcepos=\"7:1-7:27\">\n<li data-sourcepos=\"7:1-7:27\">\n<p data-sourcepos=\"7:3-7:183\"><strong>Kiv\u00e9teles er\u0151:<\/strong> A fizikailag edzett fed\u0151\u00fcveg jellemz\u0151en n\u00e9gyszer-\u00f6tsz\u00f6r er\u0151sebb, mint a hagyom\u00e1nyos \u00fcveg, \u00edgy kiv\u00e1l\u00f3 v\u00e9delmet ny\u00fajt a t\u00f6r\u00e9s \u00e9s a karcol\u00e1sok ellen.<\/p>\n<\/li>\n<li data-sourcepos=\"9:1-9:54\">\n<p data-sourcepos=\"9:3-9:54\"><strong>Optikai tisztas\u00e1g:<\/strong> A h\u0151kezel\u00e9si folyamat nem v\u00e1ltoztatja meg az \u00fcveg optikai tulajdons\u00e1gait, \u00edgy az \u00fcveg \u00e1tl\u00e1tsz\u00f3s\u00e1ga \u00e9s tisztas\u00e1ga megmarad.<\/p>\n<\/li>\n<li data-sourcepos=\"11:1-12:0\">\n<p data-sourcepos=\"11:3-11:145\"><strong>Sokoldal\u00fas\u00e1g:<\/strong> A fizikailag edzett fed\u0151\u00fcveg k\u00fcl\u00f6nb\u00f6z\u0151 form\u00e1kra v\u00e1ghat\u00f3 \u00e9s alak\u00edthat\u00f3, \u00edgy az alkalmaz\u00e1sok sz\u00e9les k\u00f6r\u00e9re alkalmas.<\/p>\n<\/li>\n<li data-sourcepos=\"13:1-14:0\">\n<p data-sourcepos=\"13:3-13:171\"><strong>V\u00e9konyabb lehet\u0151s\u00e9gek:<\/strong> A fizikailag edzett fed\u0151\u00fcveg a k\u00e9miailag edzett \u00fcveghez k\u00e9pest v\u00e9konyabb szelv\u00e9nyekben gy\u00e1rthat\u00f3, ami karcs\u00fabb \u00e9s k\u00f6nnyebb k\u00e9sz\u00fcl\u00e9keket tesz lehet\u0151v\u00e9.<\/p>\n<\/li>\n<\/ul>\n<p data-sourcepos=\"15:1-15:52\"><strong>A fizikailag edzett fed\u0151\u00fcveg alkalmaz\u00e1sai:<\/strong><\/p>\n<ul data-sourcepos=\"17:1-19:98\">\n<li data-sourcepos=\"17:1-18:0\">\n<p data-sourcepos=\"17:3-17:184\"><strong>Okostelefonok \u00e9s t\u00e1blag\u00e9pek:<\/strong> A fizikailag edzett fed\u0151\u00fcveget sz\u00e9les k\u00f6rben haszn\u00e1lj\u00e1k okostelefonokban \u00e9s t\u00e1blag\u00e9pekben, hogy megv\u00e9dj\u00e9k a k\u00e9nyes kijelz\u0151ket a karcol\u00e1sokt\u00f3l, \u00fct\u0151d\u00e9sekt\u0151l \u00e9s v\u00e9letlen lees\u00e9sekt\u0151l.<\/p>\n<\/li>\n<li data-sourcepos=\"19:1-19:98\">\n<p data-sourcepos=\"19:3-19:98\"><strong>\u00c9p\u00edt\u00e9szeti alkalmaz\u00e1sok:<\/strong> A fizikailag edzett fed\u0151\u00fcveget szil\u00e1rds\u00e1ga \u00e9s biztons\u00e1gi jellemz\u0151i miatt k\u00fcl\u00f6nb\u00f6z\u0151 \u00e9p\u00edt\u00e9szeti alkalmaz\u00e1sokban, p\u00e9ld\u00e1ul ablakokban, ajt\u00f3kban \u00e9s v\u00e1laszfalakban haszn\u00e1lj\u00e1k.<\/p>\n<\/li>\n<li data-sourcepos=\"21:1-22:0\">\n<p data-sourcepos=\"21:3-21:151\"><strong>Aut\u00f3ipari kijelz\u0151k:<\/strong> A fizikailag edzett fed\u0151\u00fcveget tart\u00f3ss\u00e1ga \u00e9s optikai tisztas\u00e1ga miatt egyre gyakrabban haszn\u00e1lj\u00e1k az aut\u00f3ipari kijelz\u0151kben.<\/p>\n<\/li>\n<li data-sourcepos=\"23:1-24:0\">\n<p data-sourcepos=\"23:3-23:154\"><strong>K\u00e9sz\u00fcl\u00e9kpanelek:<\/strong> A h\u00e1ztart\u00e1si k\u00e9sz\u00fcl\u00e9kek, p\u00e9ld\u00e1ul a h\u0171t\u0151szekr\u00e9nyek \u00e9s s\u00fct\u0151k gyakran haszn\u00e1lnak fizikailag edzett fed\u0151\u00fcveget a kezel\u0151panelekhez \u00e9s kijelz\u0151kh\u00f6z.<\/p>\n<\/li>\n<\/ul>\n<p data-sourcepos=\"25:1-25:28\"><strong>\u00dcveg edz\u00e9si folyamat:<\/strong><\/p>\n<p data-sourcepos=\"27:1-27:309\">A fizikailag edzett fed\u0151\u00fcvegek edz\u00e9si folyamata sor\u00e1n az \u00fcveget 600-700 \u00b0C k\u00f6r\u00fcli h\u0151m\u00e9rs\u00e9kletre meleg\u00edtik, majd hideg leveg\u0151vel gyorsan leh\u0171tik. Ez a gyors h\u0151m\u00e9rs\u00e9kletv\u00e1ltoz\u00e1s nyom\u00f3fesz\u00fclts\u00e9gi r\u00e9teget hoz l\u00e9tre a fel\u00fcleten, ami az \u00fcveget ellen\u00e1ll\u00f3bb\u00e1 teszi a fesz\u00fclts\u00e9ggel \u00e9s a t\u00f6r\u00e9ssel szemben.<\/p>","protected":false},"excerpt":{"rendered":"<p>A fizikailag edzett fed\u0151\u00fcveg az elektronikus eszk\u00f6z\u00f6k \u00e9s az \u00e9p\u00edt\u00e9szeti alkalmaz\u00e1sok v\u00e9delm\u00e9nek alapelem\u00e9v\u00e9 v\u00e1lt. Kiv\u00e9teles szil\u00e1rds\u00e1ga, optikai tisztas\u00e1ga \u00e9s sokoldal\u00fas\u00e1ga a modern technol\u00f3gia \u00e9s \u00e9p\u00edt\u0151ipar n\u00e9lk\u00fcl\u00f6zhetetlen alkot\u00f3elem\u00e9v\u00e9 teszi.<\/p>","protected":false},"featured_media":1575,"template":"","meta":[],"product_cat":[15],"product_tag":[],"_links":{"self":[{"href":"https:\/\/touchscreenmfg.com\/hu\/wp-json\/wp\/v2\/product\/1614"}],"collection":[{"href":"https:\/\/touchscreenmfg.com\/hu\/wp-json\/wp\/v2\/product"}],"about":[{"href":"https:\/\/touchscreenmfg.com\/hu\/wp-json\/wp\/v2\/types\/product"}],"wp:featuredmedia":[{"embeddable":true,"href":"https:\/\/touchscreenmfg.com\/hu\/wp-json\/wp\/v2\/media\/1575"}],"wp:attachment":[{"href":"https:\/\/touchscreenmfg.com\/hu\/wp-json\/wp\/v2\/media?parent=1614"}],"wp:term":[{"taxonomy":"product_cat","embeddable":true,"href":"https:\/\/touchscreenmfg.com\/hu\/wp-json\/wp\/v2\/product_cat?post=1614"},{"taxonomy":"product_tag","embeddable":true,"href":"https:\/\/touchscreenmfg.com\/hu\/wp-json\/wp\/v2\/product_tag?post=1614"}],"curies":[{"name":"wp","href":"https:\/\/api.w.org\/{rel}","templated":true}]}}