{"id":1612,"date":"2024-06-29T01:06:10","date_gmt":"2024-06-29T01:06:10","guid":{"rendered":"https:\/\/touchscreenmfg.com\/manufacturer\/capacitive-touch-screen\/"},"modified":"2024-06-29T03:40:01","modified_gmt":"2024-06-29T03:40:01","slug":"capacitive-touch-screen","status":"publish","type":"product","link":"https:\/\/touchscreenmfg.com\/hu\/capacitive-touch-screen\/","title":{"rendered":"Kapacit\u00edv \u00e9rint\u0151k\u00e9perny\u0151"},"content":{"rendered":"<h2 class=\"\" data-sourcepos=\"1:1-1:102\">Kapacit\u00edv \u00e9rint\u0151k\u00e9perny\u0151k: Az ember-g\u00e9p interakci\u00f3 forradalmas\u00edt\u00e1sa az intuit\u00edv \u00e9rint\u00e9stechnol\u00f3gi\u00e1val<\/h2>\n<p data-sourcepos=\"3:1-3:88\">A kapacit\u00edv \u00e9rint\u0151k\u00e9perny\u0151k, m\u00e1s n\u00e9ven kapacit\u00edv \u00e9rint\u0151k\u00e9perny\u0151k vagy interakt\u00edv kijelz\u0151k forradalmas\u00edtott\u00e1k a technol\u00f3gi\u00e1val val\u00f3 interakci\u00f3inkat. Ezek az innovat\u00edv \u00e9rint\u0151k\u00e9perny\u0151k a kijelz\u0151 fel\u00fclete al\u00e1 \u00e1gyazott elektr\u00f3d\u00e1k r\u00e1cs\u00e1t haszn\u00e1lj\u00e1k, hogy \u00e9rz\u00e9kelj\u00e9k az elektromos mez\u0151ben az emberi ujj vagy m\u00e1s vezet\u0151 t\u00e1rgy \u00e1ltal okozott v\u00e1ltoz\u00e1sokat. Ez a technol\u00f3gia lehet\u0151v\u00e9 teszi a felhaszn\u00e1l\u00f3k sz\u00e1m\u00e1ra, hogy intuit\u00edv \u00e9rint\u00e9ses gesztusokkal, p\u00e9ld\u00e1ul koppint\u00e1sokkal, h\u00faz\u00e1sokkal, csippent\u00e9sekkel \u00e9s zoomol\u00e1ssal ir\u00e1ny\u00edts\u00e1k a digit\u00e1lis tartalmakat \u00e9s interakci\u00f3ba l\u00e9pjenek vel\u00fck.<\/p>\n<p data-sourcepos=\"5:1-5:45\"><strong>Kulcsfontoss\u00e1g\u00fa jellemz\u0151k:<\/strong><\/p>\n<ul data-sourcepos=\"7:1-7:125\">\n<li data-sourcepos=\"7:1-7:125\">\n<p class=\"\" data-sourcepos=\"7:3-7:241\"><strong class=\"\">Pontos \u00e9s \u00e9rz\u00e9keny \u00e9rint\u00e9sfelismer\u00e9s:<\/strong> A kapacit\u00edv \u00e9rint\u0151k\u00e9perny\u0151k kifinomult \u00e9rint\u00e9s\u00e9rz\u00e9kel\u00e9si technol\u00f3gi\u00e1t haszn\u00e1lnak, hogy pontosan r\u00f6gz\u00edts\u00e9k \u00e9s reag\u00e1ljanak az \u00e9rint\u00e9si gesztusok sz\u00e9les sk\u00e1l\u00e1j\u00e1ra, term\u00e9szetes \u00e9s intuit\u00edv felhaszn\u00e1l\u00f3i \u00e9lm\u00e9nyt ny\u00fajtva.<\/p>\n<\/li>\n<li data-sourcepos=\"9:1-10:0\">\n<p data-sourcepos=\"9:3-9:210\"><strong>Multi-Touch k\u00e9pess\u00e9g:<\/strong> Sok kapacit\u00edv \u00e9rint\u0151k\u00e9perny\u0151 t\u00e1mogatja a t\u00f6bb\u00e9rint\u00e9ses funkci\u00f3t, lehet\u0151v\u00e9 t\u00e9ve a felhaszn\u00e1l\u00f3k sz\u00e1m\u00e1ra, hogy a k\u00e9perny\u0151 t\u00f6bb pontj\u00e1val egyszerre l\u00e9pjenek kapcsolatba, fokozva ezzel az interakt\u00edv \u00e9lm\u00e9nyt.<\/p>\n<\/li>\n<li data-sourcepos=\"11:1-12:0\">\n<p data-sourcepos=\"11:3-11:206\"><strong>Tart\u00f3s \u00e9s karc\u00e1ll\u00f3 fel\u00fcletek:<\/strong> A kapacit\u00edv \u00e9rint\u0151k\u00e9perny\u0151k jellemz\u0151en tart\u00f3s anyagokb\u00f3l, p\u00e9ld\u00e1ul edzett \u00fcvegb\u0151l vagy m\u0171anyagb\u00f3l k\u00e9sz\u00fclnek, ami biztos\u00edtja, hogy ellen\u00e1lljanak a rendszeres haszn\u00e1latnak \u00e9s a karcol\u00e1soknak.<\/p>\n<\/li>\n<li data-sourcepos=\"13:1-13:35\">\n<p data-sourcepos=\"13:3-13:35\"><strong>Sokoldal\u00fa alkalmaz\u00e1sok:<\/strong> A kapacit\u00edv \u00e9rint\u0151k\u00e9perny\u0151ket sz\u00e1mos alkalmaz\u00e1sban haszn\u00e1lj\u00e1k, t\u00f6bbek k\u00f6z\u00f6tt okostelefonokban, t\u00e1blag\u00e9pekben, laptopokban, kioszkokban \u00e9s ipari vez\u00e9rl\u0151rendszerekben.<\/p>\n<\/li>\n<\/ul>\n<p data-sourcepos=\"15:1-15:32\"><strong>Kapacit\u00edv \u00e9rint\u00e9stechnol\u00f3gia:<\/strong><\/p>\n<p data-sourcepos=\"17:1-17:327\">A kapacit\u00edv \u00e9rint\u0151k\u00e9perny\u0151k k\u00f6z\u00e9ppontj\u00e1ban a kapacit\u00edv \u00e9rz\u00e9kel\u00e9s elve \u00e1ll. Amikor egy vezet\u0151 t\u00e1rgy, p\u00e9ld\u00e1ul egy ujj, meg\u00e9rinti a k\u00e9perny\u0151t, az megzavarja az elektr\u00f3d\u00e1k \u00e1ltal l\u00e9trehozott elektromos mez\u0151t. Ezt a zavar\u00e1st az \u00e9rint\u00e9s\u00e9rz\u00e9kel\u0151 \u00e1ramk\u00f6r m\u00e9ri, \u00e9s lehet\u0151v\u00e9 teszi a rendszer sz\u00e1m\u00e1ra, hogy meghat\u00e1rozza az \u00e9rint\u00e9s hely\u00e9t.<\/p>\n<p data-sourcepos=\"19:1-19:45\"><strong>Alkalmaz\u00e1sok:<\/strong><\/p>\n<ul data-sourcepos=\"21:1-28:0\">\n<li data-sourcepos=\"21:1-22:0\">\n<p data-sourcepos=\"21:3-21:168\"><strong>Sz\u00f3rakoztat\u00f3 elektronika:<\/strong> A kapacit\u00edv \u00e9rint\u0151k\u00e9perny\u0151k minden\u00fctt jelen vannak a sz\u00f3rakoztat\u00f3elektronikai eszk\u00f6z\u00f6kben, intuit\u00edv vez\u00e9rl\u00e9st biztos\u00edtanak az okostelefonok, t\u00e1blag\u00e9pek \u00e9s laptopok felett.<\/p>\n<\/li>\n<li data-sourcepos=\"23:1-24:0\">\n<p data-sourcepos=\"23:3-23:152\"><strong>Kereskedelmi kijelz\u0151k:<\/strong> Az \u00e9rint\u0151k\u00e9perny\u0151ket egyre gyakrabban haszn\u00e1lj\u00e1k kereskedelmi k\u00f6rnyezetben, p\u00e9ld\u00e1ul kiskereskedelmi kioszkokban, interakt\u00edv t\u00e1bl\u00e1kon \u00e9s oktat\u00e1si kijelz\u0151k\u00f6n.<\/p>\n<\/li>\n<li data-sourcepos=\"25:1-26:0\">\n<p data-sourcepos=\"25:3-25:158\"><strong>Ipari automatiz\u00e1l\u00e1s:<\/strong> Az \u00e9rint\u0151k\u00e9perny\u0151ket az ipari automatiz\u00e1l\u00e1si rendszerekben a g\u00e9pek vez\u00e9rl\u00e9s\u00e9re, a folyamatok megfigyel\u00e9s\u00e9re \u00e9s az adatok megjelen\u00edt\u00e9s\u00e9re haszn\u00e1lj\u00e1k.<\/p>\n<\/li>\n<li data-sourcepos=\"27:1-28:0\">\n<p data-sourcepos=\"27:3-27:178\"><strong>Otthoni automatiz\u00e1l\u00e1s:<\/strong> A kapacit\u00edv \u00e9rint\u0151k\u00e9perny\u0151k be\u00e9p\u00fclnek az intelligens otthoni rendszerekbe, lehet\u0151v\u00e9 t\u00e9ve a felhaszn\u00e1l\u00f3k sz\u00e1m\u00e1ra a vil\u00e1g\u00edt\u00e1s, a k\u00e9sz\u00fcl\u00e9kek \u00e9s a biztons\u00e1gi funkci\u00f3k egyszer\u0171 \u00e9rint\u00e9ssel t\u00f6rt\u00e9n\u0151 vez\u00e9rl\u00e9s\u00e9t.<\/p>\n<\/li>\n<\/ul>","protected":false},"excerpt":{"rendered":"<p>A kapacit\u00edv \u00e9rint\u0151k\u00e9perny\u0151k \u00e1talak\u00edtott\u00e1k az ember-g\u00e9p interakci\u00f3t, mivel term\u00e9szetesebb \u00e9s intuit\u00edvabb m\u00f3dot biztos\u00edtanak a digit\u00e1lis eszk\u00f6z\u00f6k vez\u00e9rl\u00e9s\u00e9re \u00e9s a vel\u00fck val\u00f3 interakci\u00f3ra. Sokoldal\u00fas\u00e1guk, pontoss\u00e1guk \u00e9s tart\u00f3ss\u00e1guk miatt a fogyaszt\u00f3i elektronik\u00e1t\u00f3l az ipari automatiz\u00e1l\u00e1sig sz\u00e1mos alkalmaz\u00e1sban n\u00e9lk\u00fcl\u00f6zhetetlen alkatr\u00e9szek.<\/p>","protected":false},"featured_media":1573,"template":"","meta":[],"product_cat":[41],"product_tag":[],"_links":{"self":[{"href":"https:\/\/touchscreenmfg.com\/hu\/wp-json\/wp\/v2\/product\/1612"}],"collection":[{"href":"https:\/\/touchscreenmfg.com\/hu\/wp-json\/wp\/v2\/product"}],"about":[{"href":"https:\/\/touchscreenmfg.com\/hu\/wp-json\/wp\/v2\/types\/product"}],"wp:featuredmedia":[{"embeddable":true,"href":"https:\/\/touchscreenmfg.com\/hu\/wp-json\/wp\/v2\/media\/1573"}],"wp:attachment":[{"href":"https:\/\/touchscreenmfg.com\/hu\/wp-json\/wp\/v2\/media?parent=1612"}],"wp:term":[{"taxonomy":"product_cat","embeddable":true,"href":"https:\/\/touchscreenmfg.com\/hu\/wp-json\/wp\/v2\/product_cat?post=1612"},{"taxonomy":"product_tag","embeddable":true,"href":"https:\/\/touchscreenmfg.com\/hu\/wp-json\/wp\/v2\/product_tag?post=1612"}],"curies":[{"name":"wp","href":"https:\/\/api.w.org\/{rel}","templated":true}]}}