{"id":1611,"date":"2024-06-29T01:06:10","date_gmt":"2024-06-29T01:06:10","guid":{"rendered":"https:\/\/touchscreenmfg.com\/manufacturer\/oled-touch-screen\/"},"modified":"2024-06-29T03:46:04","modified_gmt":"2024-06-29T03:46:04","slug":"oled-touch-screen","status":"publish","type":"product","link":"https:\/\/touchscreenmfg.com\/hu\/oled-touch-screen\/","title":{"rendered":"OLED \u00e9rint\u0151k\u00e9perny\u0151"},"content":{"rendered":"<h2 class=\"\" data-sourcepos=\"3:1-3:103\">OLED \u00e9rint\u0151k\u00e9perny\u0151k: A felhaszn\u00e1l\u00f3i \u00e9lm\u00e9ny jav\u00edt\u00e1sa vibr\u00e1l\u00f3 kijelz\u0151kkel \u00e9s reszponz\u00edv \u00e9rint\u00e9ses interakci\u00f3val<\/h2>\n<p data-sourcepos=\"5:1-5:118\">Az OLED \u00e9rint\u0151k\u00e9perny\u0151k, m\u00e1s n\u00e9ven OLED \u00e9rint\u0151k\u00e9perny\u0151k, az organikus f\u00e9nykibocs\u00e1t\u00f3 di\u00f3da (OLED) technol\u00f3gia kiv\u00e1l\u00f3 k\u00e9pmin\u0151s\u00e9g\u00e9t \u00f6tv\u00f6zik az \u00e9rint\u0151k\u00e9perny\u0151s panelek interakt\u00edv k\u00e9pess\u00e9geivel. Ez az innovat\u00edv technol\u00f3gia mag\u00e1val ragad\u00f3 felhaszn\u00e1l\u00f3i \u00e9lm\u00e9nyt ny\u00fajt, a leny\u0171g\u00f6z\u0151 vizu\u00e1lis megjelen\u00edt\u00e9st intuit\u00edv \u00e9rint\u00e9svez\u00e9rl\u00e9ssel \u00f6tv\u00f6zi.<\/p>\n<p data-sourcepos=\"7:1-7:39\"><strong>Kulcsfontoss\u00e1g\u00fa jellemz\u0151k:<\/strong><\/p>\n<ul data-sourcepos=\"9:1-9:134\">\n<li data-sourcepos=\"9:1-9:134\">\n<p class=\"\" data-sourcepos=\"9:3-9:190\"><strong class=\"\">Kiv\u00e9teles kijelz\u0151min\u0151s\u00e9g:<\/strong> Az OLED \u00e9rint\u0151k\u00e9perny\u0151k kiv\u00e9teles k\u00e9pmin\u0151s\u00e9get biztos\u00edtanak, \u00e9l\u00e9nk sz\u00ednekkel, nagy kontrasztar\u00e1nnyal \u00e9s val\u00f3di feket\u00e9vel, vizu\u00e1lisan mag\u00e1val ragad\u00f3 \u00e9lm\u00e9nyt ny\u00fajtva.<\/p>\n<\/li>\n<li data-sourcepos=\"11:1-12:0\">\n<p data-sourcepos=\"11:3-11:178\"><strong>Reag\u00e1l\u00f3 \u00e9rint\u00e9ses interakci\u00f3:<\/strong> Az \u00e9rint\u0151k\u00e9perny\u0151 panel fel\u00fclete lehet\u0151v\u00e9 teszi a felhaszn\u00e1l\u00f3k sz\u00e1m\u00e1ra, hogy intuit\u00edv \u00e9rint\u00e9ses gesztusokkal, p\u00e9ld\u00e1ul koppint\u00e1sokkal, h\u00faz\u00e1sokkal \u00e9s csippent\u00e9sekkel interakci\u00f3ba l\u00e9pjenek a kijelz\u0151vel.<\/p>\n<\/li>\n<li data-sourcepos=\"13:1-14:0\">\n<p data-sourcepos=\"13:3-13:165\"><strong>Energiahat\u00e9konys\u00e1g:<\/strong> Az OLED k\u00e9perny\u0151k jellemz\u0151en energiatakar\u00e9kosabbak az LCD \u00e9rint\u0151k\u00e9perny\u0151kh\u00f6z k\u00e9pest, mivel kevesebb energi\u00e1t fogyasztanak a teljes\u00edtm\u00e9ny cs\u00f6kken\u00e9se n\u00e9lk\u00fcl.<\/p>\n<\/li>\n<li data-sourcepos=\"15:1-16:0\">\n<p data-sourcepos=\"15:3-15:130\"><strong>Rugalmas kialak\u00edt\u00e1s:<\/strong> Az OLED-kijelz\u0151k nagyobb rugalmass\u00e1got biztos\u00edtanak a tervez\u00e9sben, lehet\u0151v\u00e9 t\u00e9ve a v\u00e9konyabb, k\u00f6nnyebb \u00e9s hajl\u00edtott \u00e9rint\u0151k\u00e9perny\u0151k kialak\u00edt\u00e1s\u00e1t.<\/p>\n<\/li>\n<\/ul>\n<p data-sourcepos=\"17:1-17:39\"><strong>Alkalmaz\u00e1sok:<\/strong><\/p>\n<ul data-sourcepos=\"19:1-19:151\">\n<li data-sourcepos=\"19:1-19:151\">\n<p data-sourcepos=\"19:3-19:178\"><strong>Okostelefonok \u00e9s t\u00e1blag\u00e9pek:<\/strong> Az OLED k\u00e9perny\u0151ket egyre gyakrabban haszn\u00e1lj\u00e1k pr\u00e9mium kateg\u00f3ri\u00e1s okostelefonokban \u00e9s t\u00e1blag\u00e9pekben, amelyek kiv\u00e1l\u00f3 megjelen\u00edt\u00e9si \u00e9lm\u00e9nyt \u00e9s fokozott felhaszn\u00e1l\u00f3i interakci\u00f3t biztos\u00edtanak.<\/p>\n<\/li>\n<li data-sourcepos=\"21:1-22:0\">\n<p data-sourcepos=\"21:3-21:181\"><strong>Okos\u00f3r\u00e1k \u00e9s viselhet\u0151 eszk\u00f6z\u00f6k:<\/strong> Az OLED-kijelz\u0151k kompakt m\u00e9ret\u00fck, alacsony energiafogyaszt\u00e1suk \u00e9s kiv\u00e1l\u00f3 k\u00e9pmin\u0151s\u00e9g\u00fck miatt egyre ink\u00e1bb elterjednek az okos\u00f3r\u00e1kban \u00e9s a viselhet\u0151 eszk\u00f6z\u00f6kben.<\/p>\n<\/li>\n<li data-sourcepos=\"23:1-24:0\">\n<p data-sourcepos=\"23:3-23:147\"><strong>Telev\u00edzi\u00f3k \u00e9s monitorok:<\/strong> Az OLED TV-k \u00e9s monitorok egyre n\u00e9pszer\u0171bbek, mivel kiv\u00e9teles k\u00e9pmin\u0151s\u00e9get \u00e9s mag\u00e1val ragad\u00f3 \u00e9lm\u00e9nyt ny\u00fajtanak.<\/p>\n<\/li>\n<li data-sourcepos=\"25:1-26:0\">\n<p data-sourcepos=\"25:3-25:153\"><strong>Aut\u00f3ipari kijelz\u0151k:<\/strong> Az OLED \u00e9rint\u0151k\u00e9perny\u0151ket be\u00e9p\u00edtik az aut\u00f3k m\u0171szerfalaiba \u00e9s infotainment rendszereibe, jav\u00edtva a vezet\u00e9si \u00e9lm\u00e9nyt.<\/p>\n<\/li>\n<\/ul>","protected":false},"excerpt":{"rendered":"<p>Az OLED \u00e9rint\u0151k\u00e9perny\u0151k forradalmas\u00edtott\u00e1k a digit\u00e1lis eszk\u00f6z\u00f6kkel val\u00f3 interakci\u00f3inkat, mivel a leny\u0171g\u00f6z\u0151 l\u00e1tv\u00e1ny, az \u00e9rz\u00e9keny \u00e9rint\u00e9svez\u00e9rl\u00e9s \u00e9s az energiahat\u00e9konys\u00e1g kombin\u00e1ci\u00f3j\u00e1t k\u00edn\u00e1lj\u00e1k. Sokoldal\u00fas\u00e1guk \u00e9s kiv\u00e1l\u00f3 kijelz\u0151min\u0151s\u00e9g\u00fck miatt az okostelefonokt\u00f3l \u00e9s t\u00e1blag\u00e9pekt\u0151l kezdve a telev\u00edzi\u00f3kon \u00e1t az aut\u00f3ipari kijelz\u0151kig sz\u00e1mos alkalmaz\u00e1sban el\u0151szeretettel alkalmazz\u00e1k \u0151ket.<\/p>","protected":false},"featured_media":1572,"template":"","meta":[],"product_cat":[41],"product_tag":[],"_links":{"self":[{"href":"https:\/\/touchscreenmfg.com\/hu\/wp-json\/wp\/v2\/product\/1611"}],"collection":[{"href":"https:\/\/touchscreenmfg.com\/hu\/wp-json\/wp\/v2\/product"}],"about":[{"href":"https:\/\/touchscreenmfg.com\/hu\/wp-json\/wp\/v2\/types\/product"}],"wp:featuredmedia":[{"embeddable":true,"href":"https:\/\/touchscreenmfg.com\/hu\/wp-json\/wp\/v2\/media\/1572"}],"wp:attachment":[{"href":"https:\/\/touchscreenmfg.com\/hu\/wp-json\/wp\/v2\/media?parent=1611"}],"wp:term":[{"taxonomy":"product_cat","embeddable":true,"href":"https:\/\/touchscreenmfg.com\/hu\/wp-json\/wp\/v2\/product_cat?post=1611"},{"taxonomy":"product_tag","embeddable":true,"href":"https:\/\/touchscreenmfg.com\/hu\/wp-json\/wp\/v2\/product_tag?post=1611"}],"curies":[{"name":"wp","href":"https:\/\/api.w.org\/{rel}","templated":true}]}}