{"id":1610,"date":"2024-06-29T01:06:10","date_gmt":"2024-06-29T01:06:10","guid":{"rendered":"https:\/\/touchscreenmfg.com\/manufacturer\/tft-touch-screen\/"},"modified":"2024-06-29T03:49:15","modified_gmt":"2024-06-29T03:49:15","slug":"tft-touch-screen","status":"publish","type":"product","link":"https:\/\/touchscreenmfg.com\/hu\/tft-touch-screen\/","title":{"rendered":"TFT \u00e9rint\u0151k\u00e9perny\u0151"},"content":{"rendered":"<h2 class=\"\" data-sourcepos=\"3:1-3:77\">TFT \u00e9rint\u0151k\u00e9perny\u0151k: A sz\u00edntisztas\u00e1g \u00e9s az intuit\u00edv \u00e9rint\u00e9ses interakci\u00f3 kombin\u00e1l\u00e1sa<\/h2>\n<p data-sourcepos=\"5:1-5:122\">A TFT-\u00e9rint\u0151k\u00e9perny\u0151k, m\u00e1s n\u00e9ven TFT-\u00e9rint\u0151k\u00e9perny\u0151k az \u00e9rint\u0151k\u00e9perny\u0151k egy olyan t\u00edpusa, amely a v\u00e9konyr\u00e9teg-tranzisztor (TFT) technol\u00f3gi\u00e1t haszn\u00e1lja a kiv\u00e1l\u00f3 min\u0151s\u00e9g\u0171 k\u00e9pek megjelen\u00edt\u00e9s\u00e9hez \u00e9s az interakt\u00edv \u00e9rint\u00e9svez\u00e9rl\u00e9s lehet\u0151v\u00e9 t\u00e9tel\u00e9hez. Ezeket a sokoldal\u00fa kijelz\u0151ket sz\u00e9les k\u00f6rben haszn\u00e1lj\u00e1k k\u00fcl\u00f6nb\u00f6z\u0151 elektronikus eszk\u00f6z\u00f6kben, \u00e9s a vizu\u00e1lis tisztas\u00e1g \u00e9s a felhaszn\u00e1l\u00f3bar\u00e1t interakci\u00f3 egyens\u00faly\u00e1t k\u00edn\u00e1lj\u00e1k.<\/p>\n<p data-sourcepos=\"7:1-7:38\"><strong>Kulcsfontoss\u00e1g\u00fa jellemz\u0151k:<\/strong><\/p>\n<ul data-sourcepos=\"9:1-9:87\">\n<li data-sourcepos=\"9:1-9:87\">\n<p class=\"\" data-sourcepos=\"9:3-9:159\"><strong class=\"\">\u00c9l\u00e9nk sz\u00edn\u0171 kijelz\u0151:<\/strong> A TFT-\u00e9rint\u0151k\u00e9perny\u0151k sz\u00e9les sz\u00edntartom\u00e1nyt \u00e9s nagy felbont\u00e1st biztos\u00edtanak, vizu\u00e1lisan vonz\u00f3 \u00e9s vonz\u00f3 felhaszn\u00e1l\u00f3i \u00e9lm\u00e9nyt ny\u00fajtva.<\/p>\n<\/li>\n<li data-sourcepos=\"11:1-12:0\">\n<p data-sourcepos=\"11:3-11:177\"><strong>Reag\u00e1l\u00f3 \u00e9rint\u00e9ses interakci\u00f3:<\/strong> Az \u00e9rint\u0151k\u00e9perny\u0151 panelfel\u00fclet lehet\u0151v\u00e9 teszi a felhaszn\u00e1l\u00f3k sz\u00e1m\u00e1ra, hogy intuit\u00edv \u00e9rint\u00e9ses gesztusokkal, p\u00e9ld\u00e1ul koppint\u00e1sokkal, h\u00faz\u00e1sokkal \u00e9s csippent\u00e9sekkel interakci\u00f3ba l\u00e9pjenek a kijelz\u0151vel.<\/p>\n<\/li>\n<li data-sourcepos=\"13:1-14:0\">\n<p data-sourcepos=\"13:3-13:158\"><strong>Tart\u00f3s \u00e9s sokoldal\u00fa:<\/strong> A TFT k\u00e9perny\u0151k jellemz\u0151en tart\u00f3s anyagokb\u00f3l, p\u00e9ld\u00e1ul \u00fcvegb\u0151l vagy m\u0171anyagb\u00f3l k\u00e9sz\u00fclnek, \u00edgy k\u00fcl\u00f6nb\u00f6z\u0151 alkalmaz\u00e1sokhoz alkalmasak.<\/p>\n<\/li>\n<li data-sourcepos=\"15:1-16:0\">\n<p data-sourcepos=\"15:3-15:130\"><strong>K\u00f6lts\u00e9ghat\u00e9kony:<\/strong> A TFT-technol\u00f3gia m\u00e1s \u00e9rint\u0151k\u00e9perny\u0151-technol\u00f3gi\u00e1kkal \u00f6sszehasonl\u00edtva a teljes\u00edtm\u00e9ny \u00e9s a megfizethet\u0151s\u00e9g egyens\u00faly\u00e1t k\u00edn\u00e1lja.<\/p>\n<\/li>\n<\/ul>\n<p data-sourcepos=\"17:1-17:2\"><strong>Alkalmaz\u00e1sok:<\/strong><\/p>\n<ul data-sourcepos=\"19:1-26:0\">\n<li data-sourcepos=\"19:1-20:0\">\n<p data-sourcepos=\"19:3-19:171\"><strong>Okostelefonok \u00e9s t\u00e1blag\u00e9pek:<\/strong> A TFT-k\u00e9perny\u0151ket \u00e1ltal\u00e1ban okostelefonokban \u00e9s t\u00e1blag\u00e9pekben haszn\u00e1lj\u00e1k, \u00edgy k\u00f6lts\u00e9ghat\u00e9kony \u00e9s sokoldal\u00fa megold\u00e1st jelentenek az \u00e9rint\u00e9s\u00e9rz\u00e9keny eszk\u00f6z\u00f6k sz\u00e1m\u00e1ra.<\/p>\n<\/li>\n<li data-sourcepos=\"21:1-22:0\">\n<p data-sourcepos=\"21:3-21:140\"><strong>Laptopok \u00e9s asztali sz\u00e1m\u00edt\u00f3g\u00e9pek:<\/strong> Az \u00e9rint\u0151k\u00e9perny\u0151s laptopok \u00e9s asztali sz\u00e1m\u00edt\u00f3g\u00e9pek (AIO) gyakran haszn\u00e1lnak TFT-\u00e9rint\u0151k\u00e9perny\u0151ket a fokozott felhaszn\u00e1l\u00f3i interakci\u00f3 \u00e9rdek\u00e9ben.<\/p>\n<\/li>\n<li data-sourcepos=\"23:1-24:0\">\n<p data-sourcepos=\"23:3-23:171\"><strong>Kioszkok \u00e9s interakt\u00edv kijelz\u0151k:<\/strong> A TFT k\u00e9perny\u0151ket sz\u00e9les k\u00f6rben haszn\u00e1lj\u00e1k kioszkokban, inform\u00e1ci\u00f3s termin\u00e1lokban \u00e9s interakt\u00edv jelz\u0151t\u00e1bl\u00e1kban \u00f6nkiszolg\u00e1l\u00e1sra \u00e9s inform\u00e1ci\u00f3hoz val\u00f3 hozz\u00e1f\u00e9r\u00e9sre.<\/p>\n<\/li>\n<li data-sourcepos=\"25:1-26:0\">\n<p data-sourcepos=\"25:3-25:166\"><strong>POS-rendszerek (Point-of-Sale):<\/strong> A TFT k\u00e9perny\u0151k a POS-rendszerek alapvet\u0151 elemei, amelyek lehet\u0151v\u00e9 teszik a hat\u00e9kony p\u00e9nzt\u00e1rkezel\u00e9st \u00e9s rendel\u00e9skezel\u00e9st a kiskereskedelmi k\u00f6rnyezetben.<\/p>\n<\/li>\n<\/ul>","protected":false},"excerpt":{"rendered":"<p>A TFT-\u00e9rint\u0151k\u00e9perny\u0151k az elektronikus eszk\u00f6z\u00f6k vil\u00e1g\u00e1nak egyik alapelem\u00e9v\u00e9 v\u00e1ltak, mivel a sz\u00edntisztas\u00e1g, az \u00e9rz\u00e9keny \u00e9rint\u00e9ses interakci\u00f3 \u00e9s a megfizethet\u0151s\u00e9g kombin\u00e1ci\u00f3j\u00e1t k\u00edn\u00e1lj\u00e1k. Sokoldal\u00fas\u00e1guknak k\u00f6sz\u00f6nhet\u0151en az alkalmaz\u00e1sok sz\u00e9les sk\u00e1l\u00e1j\u00e1ra alkalmasak, a szem\u00e9lyes eszk\u00f6z\u00f6kt\u0151l a kereskedelmi k\u00f6rnyezetekig, jav\u00edtva a felhaszn\u00e1l\u00f3i \u00e9lm\u00e9nyt \u00e9s \u00f6szt\u00f6n\u00f6zve az innov\u00e1ci\u00f3t.<\/p>","protected":false},"featured_media":1571,"template":"","meta":[],"product_cat":[41],"product_tag":[],"_links":{"self":[{"href":"https:\/\/touchscreenmfg.com\/hu\/wp-json\/wp\/v2\/product\/1610"}],"collection":[{"href":"https:\/\/touchscreenmfg.com\/hu\/wp-json\/wp\/v2\/product"}],"about":[{"href":"https:\/\/touchscreenmfg.com\/hu\/wp-json\/wp\/v2\/types\/product"}],"wp:featuredmedia":[{"embeddable":true,"href":"https:\/\/touchscreenmfg.com\/hu\/wp-json\/wp\/v2\/media\/1571"}],"wp:attachment":[{"href":"https:\/\/touchscreenmfg.com\/hu\/wp-json\/wp\/v2\/media?parent=1610"}],"wp:term":[{"taxonomy":"product_cat","embeddable":true,"href":"https:\/\/touchscreenmfg.com\/hu\/wp-json\/wp\/v2\/product_cat?post=1610"},{"taxonomy":"product_tag","embeddable":true,"href":"https:\/\/touchscreenmfg.com\/hu\/wp-json\/wp\/v2\/product_tag?post=1610"}],"curies":[{"name":"wp","href":"https:\/\/api.w.org\/{rel}","templated":true}]}}