{"id":1609,"date":"2024-06-29T01:06:10","date_gmt":"2024-06-29T01:06:10","guid":{"rendered":"https:\/\/touchscreenmfg.com\/manufacturer\/lcd-touch-screen\/"},"modified":"2024-06-29T03:20:02","modified_gmt":"2024-06-29T03:20:02","slug":"lcd-touch-screen","status":"publish","type":"product","link":"https:\/\/touchscreenmfg.com\/hu\/lcd-touch-screen\/","title":{"rendered":"LCD \u00e9rint\u0151k\u00e9perny\u0151"},"content":{"rendered":"<h2 class=\"\" data-sourcepos=\"3:1-3:89\">LCD \u00e9rint\u0151k\u00e9perny\u0151: A felhaszn\u00e1l\u00f3i interakci\u00f3 fokoz\u00e1sa vizu\u00e1lis egy\u00e9rtelm\u0171s\u00e9ggel \u00e9s tapint\u00e1ssal<\/h2>\n<p data-sourcepos=\"5:1-5:121\">Az LCD-\u00e9rint\u0151k\u00e9perny\u0151k, m\u00e1s n\u00e9ven \u00e9rint\u0151k\u00e9perny\u0151k vagy \u00e9rint\u0151k\u00e9perny\u0151k, az \u00e9rint\u0151k\u00e9perny\u0151k egy olyan t\u00edpusa, amely egyes\u00edti a folyad\u00e9kkrist\u00e1lyos kijelz\u0151 (LCD) vizu\u00e1lis tisztas\u00e1g\u00e1t az \u00e9rint\u0151k\u00e9perny\u0151s panel interakt\u00edv k\u00e9pess\u00e9geivel. Ezeket a sokoldal\u00fa kijelz\u0151ket sz\u00e9les k\u00f6rben haszn\u00e1lj\u00e1k k\u00fcl\u00f6nb\u00f6z\u0151 elektronikus eszk\u00f6z\u00f6kben, felhaszn\u00e1l\u00f3bar\u00e1t \u00e9s vonz\u00f3 fel\u00fcletet k\u00edn\u00e1lva.<\/p>\n<p data-sourcepos=\"7:1-7:38\"><strong>Kulcsfontoss\u00e1g\u00fa jellemz\u0151k:<\/strong><\/p>\n<ul data-sourcepos=\"9:1-9:76\">\n<li data-sourcepos=\"9:1-9:76\">\n<p class=\"\" data-sourcepos=\"9:3-9:190\"><strong class=\"\">Tiszta \u00e9s \u00e9l\u00e9nk kijelz\u0151:<\/strong> Az LCD \u00e9rint\u0151k\u00e9perny\u0151k az LCD-technol\u00f3gi\u00e1t haszn\u00e1lj\u00e1k a nagy felbont\u00e1s\u00fa, gazdag sz\u00ednvil\u00e1g\u00fa \u00e9s \u00e9les r\u00e9szletess\u00e9g\u0171 k\u00e9pek el\u0151\u00e1ll\u00edt\u00e1s\u00e1hoz, biztos\u00edtva a vizu\u00e1lisan vonz\u00f3 felhaszn\u00e1l\u00f3i \u00e9lm\u00e9nyt.<\/p>\n<\/li>\n<li data-sourcepos=\"11:1-12:0\">\n<p data-sourcepos=\"11:3-11:177\"><strong>Reag\u00e1l\u00f3 \u00e9rint\u00e9ses interakci\u00f3:<\/strong> Az \u00e9rint\u0151k\u00e9perny\u0151s panel fel\u00fclete lehet\u0151v\u00e9 teszi a felhaszn\u00e1l\u00f3k sz\u00e1m\u00e1ra, hogy intuit\u00edv \u00e9rint\u00e9ses gesztusokkal, p\u00e9ld\u00e1ul koppint\u00e1sokkal, h\u00faz\u00e1sokkal \u00e9s csippent\u00e9sekkel interakci\u00f3ba l\u00e9pjenek a kijelz\u0151vel.<\/p>\n<\/li>\n<li data-sourcepos=\"13:1-14:0\">\n<p data-sourcepos=\"13:3-13:185\"><strong>Tart\u00f3s \u00e9s sokoldal\u00fa:<\/strong> \u00c1ltal\u00e1ban tart\u00f3s anyagokb\u00f3l, p\u00e9ld\u00e1ul \u00fcvegb\u0151l vagy m\u0171anyagb\u00f3l k\u00e9sz\u00fclnek, \u00edgy ellen\u00e1llnak a karcol\u00e1soknak, \u00e9s k\u00fcl\u00f6nb\u00f6z\u0151 alkalmaz\u00e1sokhoz alkalmasak.<\/p>\n<\/li>\n<li data-sourcepos=\"15:1-15:72\">\n<p data-sourcepos=\"15:3-15:72\"><strong>Energiahat\u00e9kony:<\/strong> M\u00e1s kijelz\u0151technol\u00f3gi\u00e1khoz k\u00e9pest \u00e1ltal\u00e1ban energiatakar\u00e9kosak, kevesebb energi\u00e1t fogyasztanak a teljes\u00edtm\u00e9ny cs\u00f6kken\u00e9se n\u00e9lk\u00fcl.<\/p>\n<\/li>\n<\/ul>\n<p data-sourcepos=\"17:1-17:38\"><strong>Alkalmaz\u00e1sok:<\/strong><\/p>\n<ul data-sourcepos=\"19:1-26:0\">\n<li data-sourcepos=\"19:1-20:0\">\n<p data-sourcepos=\"19:3-19:159\"><strong>Okostelefonok \u00e9s t\u00e1blag\u00e9pek:<\/strong> Ezek az okostelefonok \u00e9s t\u00e1blag\u00e9pek els\u0151dleges megjelen\u00edt\u00e9si technol\u00f3gi\u00e1ja, amely kompakt \u00e9s interakt\u00edv fel\u00fcletet biztos\u00edt.<\/p>\n<\/li>\n<li data-sourcepos=\"21:1-22:0\">\n<p data-sourcepos=\"21:3-21:171\"><strong>Laptopok \u00e9s asztali sz\u00e1m\u00edt\u00f3g\u00e9pek:<\/strong> Egyre n\u00e9pszer\u0171bbek az \u00e9rint\u0151k\u00e9perny\u0151s laptopok \u00e9s a multifunkci\u00f3s AIO asztali sz\u00e1m\u00edt\u00f3g\u00e9pek, amelyek LCD \u00e9rint\u0151k\u00e9perny\u0151ket haszn\u00e1lnak a fokozott felhaszn\u00e1l\u00f3i interakci\u00f3 \u00e9rdek\u00e9ben.<\/p>\n<\/li>\n<li data-sourcepos=\"23:1-24:0\">\n<p data-sourcepos=\"23:3-23:171\"><strong>Kioszkok \u00e9s interakt\u00edv kijelz\u0151k:<\/strong> Az LCD \u00e9rint\u0151k\u00e9perny\u0151ket sz\u00e9les k\u00f6rben haszn\u00e1lj\u00e1k kioszkokban, inform\u00e1ci\u00f3s termin\u00e1lokban \u00e9s interakt\u00edv t\u00e1bl\u00e1kban \u00f6nkiszolg\u00e1l\u00e1sra \u00e9s inform\u00e1ci\u00f3hoz val\u00f3 hozz\u00e1f\u00e9r\u00e9sre.<\/p>\n<\/li>\n<li data-sourcepos=\"25:1-26:0\">\n<p data-sourcepos=\"25:3-25:166\"><strong>POS-rendszerek (Point-of-Sale):<\/strong> Az LCD \u00e9rint\u0151k\u00e9perny\u0151k a POS-rendszerek alapvet\u0151 elemei, amelyek lehet\u0151v\u00e9 teszik a hat\u00e9kony p\u00e9nzt\u00e1rg\u00e9p- \u00e9s rendel\u00e9skezel\u00e9st a kiskereskedelmi k\u00f6rnyezetben.<\/p>\n<\/li>\n<\/ul>","protected":false},"excerpt":{"rendered":"<p>Az LCD \u00e9rint\u0151k\u00e9perny\u0151k a modern digit\u00e1lis vil\u00e1g n\u00e9lk\u00fcl\u00f6zhetetlen elemeiv\u00e9 v\u00e1ltak, mivel a vizu\u00e1lis tisztas\u00e1g, az \u00e9rz\u00e9keny \u00e9rint\u00e9ses interakci\u00f3 \u00e9s a tart\u00f3ss\u00e1g z\u00f6kken\u0151mentes kever\u00e9k\u00e9t k\u00edn\u00e1lj\u00e1k. Sokoldal\u00fas\u00e1guknak k\u00f6sz\u00f6nhet\u0151en az alkalmaz\u00e1sok sz\u00e9les sk\u00e1l\u00e1j\u00e1n alkalmazhat\u00f3k, a szem\u00e9lyi eszk\u00f6z\u00f6kt\u0151l a kereskedelmi k\u00f6rnyezetekig, jav\u00edtva a felhaszn\u00e1l\u00f3i \u00e9lm\u00e9nyt \u00e9s \u00f6szt\u00f6n\u00f6zve az innov\u00e1ci\u00f3t.<\/p>","protected":false},"featured_media":1570,"template":"","meta":[],"product_cat":[41],"product_tag":[],"_links":{"self":[{"href":"https:\/\/touchscreenmfg.com\/hu\/wp-json\/wp\/v2\/product\/1609"}],"collection":[{"href":"https:\/\/touchscreenmfg.com\/hu\/wp-json\/wp\/v2\/product"}],"about":[{"href":"https:\/\/touchscreenmfg.com\/hu\/wp-json\/wp\/v2\/types\/product"}],"wp:featuredmedia":[{"embeddable":true,"href":"https:\/\/touchscreenmfg.com\/hu\/wp-json\/wp\/v2\/media\/1570"}],"wp:attachment":[{"href":"https:\/\/touchscreenmfg.com\/hu\/wp-json\/wp\/v2\/media?parent=1609"}],"wp:term":[{"taxonomy":"product_cat","embeddable":true,"href":"https:\/\/touchscreenmfg.com\/hu\/wp-json\/wp\/v2\/product_cat?post=1609"},{"taxonomy":"product_tag","embeddable":true,"href":"https:\/\/touchscreenmfg.com\/hu\/wp-json\/wp\/v2\/product_tag?post=1609"}],"curies":[{"name":"wp","href":"https:\/\/api.w.org\/{rel}","templated":true}]}}