{"id":1608,"date":"2024-06-29T01:06:10","date_gmt":"2024-06-29T01:06:10","guid":{"rendered":"https:\/\/touchscreenmfg.com\/manufacturer\/touch-screen-lens\/"},"modified":"2024-06-29T03:53:36","modified_gmt":"2024-06-29T03:53:36","slug":"touch-screen-lens","status":"publish","type":"product","link":"https:\/\/touchscreenmfg.com\/hu\/touch-screen-lens\/","title":{"rendered":"\u00c9rint\u0151k\u00e9perny\u0151 lencse"},"content":{"rendered":"<h2 class=\"\" data-sourcepos=\"3:1-3:76\">\u00c9rint\u0151k\u00e9perny\u0151s lencs\u00e9k: Az \u00e9rint\u0151k\u00e9perny\u0151 \u00e9lm\u00e9ny\u00e9nek v\u00e9delme \u00e9s jav\u00edt\u00e1sa<\/h2>\n<p data-sourcepos=\"5:1-5:166\">Az \u00e9rint\u0151k\u00e9perny\u0151-lencs\u00e9k, m\u00e1s n\u00e9ven \u00e9rint\u0151k\u00e9perny\u0151-bor\u00edt\u00e1sok vagy v\u00e9d\u0151f\u00f3li\u00e1k olyan \u00e1tl\u00e1tsz\u00f3 r\u00e9tegek, amelyeket az \u00e9rint\u0151k\u00e9perny\u0151k kijelz\u0151i f\u00f6l\u00e9 helyeznek, hogy megv\u00e9dj\u00e9k azokat a karcol\u00e1sokt\u00f3l, \u00fct\u0151d\u00e9sekt\u0151l \u00e9s egy\u00e9b s\u00e9r\u00fcl\u00e9sekt\u0151l. Ezek a v\u00e9d\u0151pajzsok d\u00f6nt\u0151 szerepet j\u00e1tszanak az \u00e9rint\u0151k\u00e9perny\u0151k \u00e9ps\u00e9g\u00e9nek \u00e9s funkcionalit\u00e1s\u00e1nak meg\u0151rz\u00e9s\u00e9ben, biztos\u00edtva a z\u00f6kken\u0151mentes \u00e9s \u00e9rz\u00e9keny felhaszn\u00e1l\u00f3i \u00e9lm\u00e9nyt.<\/p>\n<p data-sourcepos=\"7:1-7:40\"><strong>Kulcsfontoss\u00e1g\u00fa jellemz\u0151k:<\/strong><\/p>\n<ul data-sourcepos=\"9:1-9:121\">\n<li data-sourcepos=\"9:1-9:121\">\n<p class=\"\" data-sourcepos=\"9:3-9:191\"><strong class=\"\">Karc\u00e1ll\u00f3s\u00e1g:<\/strong> Az \u00e9rint\u0151k\u00e9perny\u0151 lencs\u00e9it \u00fagy tervezt\u00e9k, hogy ellen\u00e1lljanak a mindennapi haszn\u00e1lat sor\u00e1n keletkez\u0151 karcol\u00e1soknak, p\u00e9ld\u00e1ul kulcsoknak, \u00e9rm\u00e9knek \u00e9s egy\u00e9b t\u00e1rgyaknak, \u00edgy megakad\u00e1lyozz\u00e1k a kijelz\u0151 \u00e9rz\u00e9keny fel\u00fclet\u00e9nek s\u00e9r\u00fcl\u00e9s\u00e9t.<\/p>\n<\/li>\n<li data-sourcepos=\"11:1-12:0\">\n<p data-sourcepos=\"11:3-11:156\"><strong>\u00dctk\u00f6z\u00e9sv\u00e9delem:<\/strong> Ezek a v\u00e9d\u0151f\u00f3li\u00e1k k\u00e9pesek elnyelni \u00e9s eloszlatni az \u00fct\u00e9sek erej\u00e9t, cs\u00f6kkentve ezzel az \u00e9rint\u0151k\u00e9perny\u0151 reped\u00e9seinek \u00e9s t\u00f6r\u00e9seinek kock\u00e1zat\u00e1t.<\/p>\n<\/li>\n<li data-sourcepos=\"13:1-14:0\">\n<p data-sourcepos=\"13:3-13:242\"><strong>K\u00e1pr\u00e1z\u00e1sg\u00e1tl\u00f3 \u00e9s maszatol\u00e1scs\u00f6kkent\u00e9s:<\/strong> Egyes \u00e9rint\u0151k\u00e9perny\u0151-lencs\u00e9k t\u00fckr\u00f6z\u0151d\u00e9sg\u00e1tl\u00f3 bevonattal rendelkeznek, amelyek minimaliz\u00e1lj\u00e1k a t\u00fckr\u00f6z\u0151d\u00e9seket \u00e9s jav\u00edtj\u00e1k a l\u00e1that\u00f3s\u00e1got f\u00e9nyes k\u00f6rnyezetben. Ezek a lencs\u00e9k maszatol\u00e1sg\u00e1tl\u00f3 tulajdons\u00e1gokkal is rendelkezhetnek az ujjlenyomatok \u00e9s a foltok cs\u00f6kkent\u00e9se \u00e9rdek\u00e9ben.<\/p>\n<\/li>\n<li data-sourcepos=\"15:1-15:56\">\n<p data-sourcepos=\"15:3-15:56\"><strong>Kompatibilit\u00e1s az \u00e9rint\u00e9s\u00e9rz\u00e9kenys\u00e9ggel:<\/strong> Az \u00e9rint\u0151k\u00e9perny\u0151-lencs\u00e9ket \u00e1ltal\u00e1ban \u00fagy tervezik, hogy meg\u0151rizz\u00e9k a kijelz\u0151 \u00e9rint\u00e9s\u00e9rz\u00e9kenys\u00e9g\u00e9t, \u00edgy biztos\u00edtva a z\u00f6kken\u0151mentes interakci\u00f3t \u00e9s \u00e9rz\u00e9kenys\u00e9get.<\/p>\n<\/li>\n<\/ul>\n<p data-sourcepos=\"17:1-17:40\"><strong>Alkalmaz\u00e1sok:<\/strong><\/p>\n<ul data-sourcepos=\"19:1-26:0\">\n<li data-sourcepos=\"19:1-20:0\">\n<p data-sourcepos=\"19:3-19:154\"><strong>Okostelefonok \u00e9s t\u00e1blag\u00e9pek:<\/strong> Az \u00e9rint\u0151k\u00e9perny\u0151-lencs\u00e9ket sz\u00e9les k\u00f6rben haszn\u00e1lj\u00e1k okostelefonokon \u00e9s t\u00e1blag\u00e9peken, hogy megv\u00e9dj\u00e9k \u00e9rt\u00e9kes kijelz\u0151iket a mindennapi kop\u00e1st\u00f3l.<\/p>\n<\/li>\n<li data-sourcepos=\"21:1-22:0\">\n<p data-sourcepos=\"21:3-21:135\"><strong>Laptopok \u00e9s asztali sz\u00e1m\u00edt\u00f3g\u00e9pek:<\/strong> Az \u00e9rint\u0151k\u00e9perny\u0151s laptopok \u00e9s asztali sz\u00e1m\u00edt\u00f3g\u00e9pek (AIO) gyakran \u00e9lvezik az \u00e9rint\u0151k\u00e9perny\u0151-lencs\u00e9k v\u00e9delm\u00e9t.<\/p>\n<\/li>\n<li data-sourcepos=\"23:1-24:0\">\n<p data-sourcepos=\"23:3-23:203\"><strong>Kioszkok \u00e9s interakt\u00edv kijelz\u0151k:<\/strong> A nyilv\u00e1nosan hozz\u00e1f\u00e9rhet\u0151 kioszkok \u00e9s interakt\u00edv kijelz\u0151k k\u00fcl\u00f6n\u00f6sen \u00e9rz\u00e9kenyek a karcol\u00e1sokra \u00e9s \u00fct\u00e9sekre, ez\u00e9rt az \u00e9rint\u0151k\u00e9perny\u0151 lencs\u00e9k elengedhetetlenek a v\u00e9delm\u00fckh\u00f6z.<\/p>\n<\/li>\n<li data-sourcepos=\"25:1-26:0\">\n<p data-sourcepos=\"25:3-25:185\"><strong>POS-rendszerek (Point-of-Sale):<\/strong> Az \u00e9rint\u0151k\u00e9perny\u0151s POS-rendszerek az \u00e9rint\u0151k\u00e9perny\u0151 lencs\u00e9ire t\u00e1maszkodnak, hogy megv\u00e9dj\u00e9k a kijelz\u0151ket a s\u00e9r\u00fcl\u00e9sekt\u0151l, \u00edgy biztos\u00edtva a folyamatos m\u0171k\u00f6d\u00e9st a kiskereskedelmi k\u00f6rnyezetben.<\/p>\n<\/li>\n<\/ul>","protected":false},"excerpt":{"rendered":"<p>Az \u00e9rint\u0151k\u00e9perny\u0151-lencs\u00e9k l\u00e9tfontoss\u00e1g\u00fa v\u00e9d\u0151g\u00e1tk\u00e9nt szolg\u00e1lnak az \u00e9rint\u0151k\u00e9perny\u0151k kijelz\u0151i sz\u00e1m\u00e1ra, meghosszabb\u00edtva azok \u00e9lettartam\u00e1t \u00e9s meg\u0151rizve funkcionalit\u00e1sukat. A karcol\u00e1sok, \u00fct\u0151d\u00e9sek \u00e9s foltok megel\u0151z\u00e9s\u00e9re val\u00f3 k\u00e9pess\u00e9g\u00fck biztos\u00edtja a konzisztens \u00e9s \u00e9lvezetes felhaszn\u00e1l\u00f3i \u00e9lm\u00e9nyt az alkalmaz\u00e1sok sz\u00e9les sk\u00e1l\u00e1j\u00e1n.<\/p>","protected":false},"featured_media":1568,"template":"","meta":[],"product_cat":[41],"product_tag":[],"_links":{"self":[{"href":"https:\/\/touchscreenmfg.com\/hu\/wp-json\/wp\/v2\/product\/1608"}],"collection":[{"href":"https:\/\/touchscreenmfg.com\/hu\/wp-json\/wp\/v2\/product"}],"about":[{"href":"https:\/\/touchscreenmfg.com\/hu\/wp-json\/wp\/v2\/types\/product"}],"wp:featuredmedia":[{"embeddable":true,"href":"https:\/\/touchscreenmfg.com\/hu\/wp-json\/wp\/v2\/media\/1568"}],"wp:attachment":[{"href":"https:\/\/touchscreenmfg.com\/hu\/wp-json\/wp\/v2\/media?parent=1608"}],"wp:term":[{"taxonomy":"product_cat","embeddable":true,"href":"https:\/\/touchscreenmfg.com\/hu\/wp-json\/wp\/v2\/product_cat?post=1608"},{"taxonomy":"product_tag","embeddable":true,"href":"https:\/\/touchscreenmfg.com\/hu\/wp-json\/wp\/v2\/product_tag?post=1608"}],"curies":[{"name":"wp","href":"https:\/\/api.w.org\/{rel}","templated":true}]}}