{"id":1607,"date":"2024-06-29T01:06:10","date_gmt":"2024-06-29T01:06:10","guid":{"rendered":"https:\/\/touchscreenmfg.com\/manufacturer\/matrix-digital-touch-screen\/"},"modified":"2024-06-29T03:13:06","modified_gmt":"2024-06-29T03:13:06","slug":"matrix-digital-touch-screen","status":"publish","type":"product","link":"https:\/\/touchscreenmfg.com\/hu\/matrix-digital-touch-screen\/","title":{"rendered":"M\u00e1trix digit\u00e1lis \u00e9rint\u0151k\u00e9perny\u0151"},"content":{"rendered":"<h2 class=\"\" data-sourcepos=\"3:1-3:105\">M\u00e1trix digit\u00e1lis \u00e9rint\u0151k\u00e9perny\u0151: Az ember-g\u00e9p interakci\u00f3 forradalmas\u00edt\u00e1sa intuit\u00edv \u00e9rint\u00e9stechnol\u00f3gi\u00e1val<\/h2>\n<p data-sourcepos=\"5:1-5:361\">A m\u00e1trix digit\u00e1lis \u00e9rint\u0151k\u00e9perny\u0151k, m\u00e1s n\u00e9ven m\u00e1trix \u00e9rint\u0151k\u00e9perny\u0151k vagy interakt\u00edv kijelz\u0151k olyan fejlett \u00e9rint\u00e9s\u00e9rz\u00e9keny k\u00e9perny\u0151k, amelyek lehet\u0151v\u00e9 teszik a felhaszn\u00e1l\u00f3k sz\u00e1m\u00e1ra, hogy intuit\u00edv \u00e9rint\u00e9si gesztusok seg\u00edts\u00e9g\u00e9vel interakci\u00f3ba l\u00e9pjenek a digit\u00e1lis tartalommal \u00e9s eszk\u00f6z\u00f6kkel. Ezek az innovat\u00edv \u00e9rint\u0151k\u00e9perny\u0151k \u00e1talak\u00edtj\u00e1k a technol\u00f3gi\u00e1val val\u00f3 interakci\u00f3inkat, term\u00e9szetesebb \u00e9s felhaszn\u00e1l\u00f3bar\u00e1tabb \u00e9lm\u00e9nyt ny\u00fajtva.<\/p>\n<p data-sourcepos=\"7:1-7:49\"><strong>Kulcsfontoss\u00e1g\u00fa jellemz\u0151k:<\/strong><\/p>\n<ul data-sourcepos=\"9:1-9:125\">\n<li data-sourcepos=\"9:1-9:125\">\n<p data-sourcepos=\"9:3-9:237\"><strong>Pontos \u00e9s \u00e9rz\u00e9keny \u00e9rint\u00e9sfelismer\u00e9s:<\/strong> A Matrix digit\u00e1lis \u00e9rint\u0151k\u00e9perny\u0151k kifinomult \u00e9rint\u00e9s\u00e9rz\u00e9kel\u0151 technol\u00f3gi\u00e1t alkalmaznak, hogy pontosan r\u00f6gz\u00edts\u00e9k \u00e9s reag\u00e1ljanak az \u00e9rint\u00e9ses gesztusok sz\u00e9les sk\u00e1l\u00e1j\u00e1ra, bele\u00e9rtve a koppint\u00e1sokat, h\u00faz\u00e1sokat, csippent\u00e9seket \u00e9s zoomol\u00e1sokat.<\/p>\n<\/li>\n<li data-sourcepos=\"11:1-12:0\">\n<p data-sourcepos=\"11:3-11:214\"><strong>Multi-Touch k\u00e9pess\u00e9g:<\/strong> Sz\u00e1mos Matrix Digital k\u00e9perny\u0151 t\u00e1mogatja a multi-touch funkci\u00f3t, lehet\u0151v\u00e9 t\u00e9ve a felhaszn\u00e1l\u00f3k sz\u00e1m\u00e1ra, hogy a k\u00e9perny\u0151 t\u00f6bb pontj\u00e1val egyszerre interakci\u00f3ba l\u00e9pjenek, fokozva az interakt\u00edv \u00e9lm\u00e9nyt.<\/p>\n<\/li>\n<li data-sourcepos=\"13:1-14:0\">\n<p data-sourcepos=\"13:3-13:210\"><strong>Tart\u00f3s \u00e9s karc\u00e1ll\u00f3 fel\u00fcletek:<\/strong> A Matrix Digital k\u00e9perny\u0151k \u00e1ltal\u00e1ban tart\u00f3s anyagokb\u00f3l, p\u00e9ld\u00e1ul edzett \u00fcvegb\u0151l vagy m\u0171anyagb\u00f3l k\u00e9sz\u00fclnek, \u00edgy biztos\u00edtj\u00e1k, hogy ellen\u00e1lljanak a rendszeres haszn\u00e1latnak \u00e9s a karcol\u00e1soknak.<\/p>\n<\/li>\n<li data-sourcepos=\"15:1-16:0\">\n<p data-sourcepos=\"15:3-15:181\"><strong>Sokoldal\u00fa alkalmaz\u00e1sok:<\/strong> A Matrix digit\u00e1lis \u00e9rint\u0151k\u00e9perny\u0151ket sz\u00e1mos alkalmaz\u00e1sban haszn\u00e1lj\u00e1k, t\u00f6bbek k\u00f6z\u00f6tt okostelefonokban, t\u00e1blag\u00e9pekben, laptopokban, kioszkokban \u00e9s ipari vez\u00e9rl\u0151rendszerekben.<\/p>\n<\/li>\n<\/ul>\n<p data-sourcepos=\"17:1-17:49\"><strong>Alkalmaz\u00e1sok:<\/strong><\/p>\n<ul data-sourcepos=\"19:1-26:0\">\n<li data-sourcepos=\"19:1-20:0\">\n<p data-sourcepos=\"19:3-19:172\"><strong>Sz\u00f3rakoztat\u00f3 elektronika:<\/strong> A m\u00e1trix digit\u00e1lis \u00e9rint\u0151k\u00e9perny\u0151k minden\u00fctt jelen vannak a sz\u00f3rakoztat\u00f3elektronikai eszk\u00f6z\u00f6kben, intuit\u00edv vez\u00e9rl\u00e9st biztos\u00edtanak az okostelefonok, t\u00e1blag\u00e9pek \u00e9s laptopok felett.<\/p>\n<\/li>\n<li data-sourcepos=\"21:1-22:0\">\n<p data-sourcepos=\"21:3-21:152\"><strong>Kereskedelmi kijelz\u0151k:<\/strong> Az \u00e9rint\u0151k\u00e9perny\u0151ket egyre gyakrabban haszn\u00e1lj\u00e1k kereskedelmi k\u00f6rnyezetben, p\u00e9ld\u00e1ul kiskereskedelmi kioszkokban, interakt\u00edv t\u00e1bl\u00e1kon \u00e9s oktat\u00e1si kijelz\u0151k\u00f6n.<\/p>\n<\/li>\n<li data-sourcepos=\"23:1-24:0\">\n<p data-sourcepos=\"23:3-23:158\"><strong>Ipari automatiz\u00e1l\u00e1s:<\/strong> Az \u00e9rint\u0151k\u00e9perny\u0151ket az ipari automatiz\u00e1l\u00e1si rendszerekben a g\u00e9pek vez\u00e9rl\u00e9s\u00e9re, a folyamatok megfigyel\u00e9s\u00e9re \u00e9s az adatok megjelen\u00edt\u00e9s\u00e9re haszn\u00e1lj\u00e1k.<\/p>\n<\/li>\n<li data-sourcepos=\"25:1-26:0\">\n<p data-sourcepos=\"25:3-25:182\"><strong>Otthoni automatiz\u00e1l\u00e1s:<\/strong> A Matrix digit\u00e1lis \u00e9rint\u0151k\u00e9perny\u0151k intelligens otthoni rendszerekbe integr\u00e1l\u00f3dnak, lehet\u0151v\u00e9 t\u00e9ve a felhaszn\u00e1l\u00f3k sz\u00e1m\u00e1ra, hogy a vil\u00e1g\u00edt\u00e1st, a k\u00e9sz\u00fcl\u00e9keket \u00e9s a biztons\u00e1gi funkci\u00f3kat egyszer\u0171 \u00e9rint\u00e9ssel vez\u00e9relj\u00e9k.<\/p>\n<\/li>\n<\/ul>","protected":false},"excerpt":{"rendered":"<p>A Matrix digit\u00e1lis \u00e9rint\u0151k\u00e9perny\u0151k forradalmas\u00edtott\u00e1k az ember-g\u00e9p interakci\u00f3t, mivel term\u00e9szetesebb \u00e9s intuit\u00edvabb m\u00f3dot biztos\u00edtanak a digit\u00e1lis eszk\u00f6z\u00f6k vez\u00e9rl\u00e9s\u00e9re \u00e9s a vel\u00fck val\u00f3 interakci\u00f3ra. Sokoldal\u00fas\u00e1guk, pontoss\u00e1guk \u00e9s tart\u00f3ss\u00e1guk miatt n\u00e9lk\u00fcl\u00f6zhetetlen alkatr\u00e9szek az alkalmaz\u00e1sok sz\u00e9les sk\u00e1l\u00e1j\u00e1n, a sz\u00f3rakoztat\u00f3elektronik\u00e1t\u00f3l az ipari automatiz\u00e1l\u00e1sig.<\/p>","protected":false},"featured_media":1567,"template":"","meta":[],"product_cat":[41],"product_tag":[],"_links":{"self":[{"href":"https:\/\/touchscreenmfg.com\/hu\/wp-json\/wp\/v2\/product\/1607"}],"collection":[{"href":"https:\/\/touchscreenmfg.com\/hu\/wp-json\/wp\/v2\/product"}],"about":[{"href":"https:\/\/touchscreenmfg.com\/hu\/wp-json\/wp\/v2\/types\/product"}],"wp:featuredmedia":[{"embeddable":true,"href":"https:\/\/touchscreenmfg.com\/hu\/wp-json\/wp\/v2\/media\/1567"}],"wp:attachment":[{"href":"https:\/\/touchscreenmfg.com\/hu\/wp-json\/wp\/v2\/media?parent=1607"}],"wp:term":[{"taxonomy":"product_cat","embeddable":true,"href":"https:\/\/touchscreenmfg.com\/hu\/wp-json\/wp\/v2\/product_cat?post=1607"},{"taxonomy":"product_tag","embeddable":true,"href":"https:\/\/touchscreenmfg.com\/hu\/wp-json\/wp\/v2\/product_tag?post=1607"}],"curies":[{"name":"wp","href":"https:\/\/api.w.org\/{rel}","templated":true}]}}