{"id":2179,"date":"2024-09-20T08:13:40","date_gmt":"2024-09-20T08:13:40","guid":{"rendered":"https:\/\/touchscreenmfg.com\/?post_type=product&#038;p=2179"},"modified":"2024-09-20T08:13:56","modified_gmt":"2024-09-20T08:13:56","slug":"pc-touch-screen","status":"publish","type":"product","link":"https:\/\/touchscreenmfg.com\/fr\/pc-touch-screen\/","title":{"rendered":"\u00c9cran tactile PC"},"content":{"rendered":"<h2>\u00c9crans tactiles pour PC : Un choix durable et polyvalent<\/h2>\n<h3 data-sourcepos=\"5:1-5:39\">Principaux avantages :<\/h3>\n<ul>\n<li><span class=\"citation-0 recitation\">R\u00e9sistance \u00e9lev\u00e9e aux chocs :<\/span><span class=\"citation-0 recitation citation-end-0\"> Le PC est un mat\u00e9riau tr\u00e8s r\u00e9sistant aux chocs, ce qui le rend adapt\u00e9 aux appareils susceptibles de subir des chocs physiques ou des chutes.<\/span><\/li>\n<li>R\u00e9sistance \u00e0 la temp\u00e9rature : Le PC peut r\u00e9sister \u00e0 une large gamme de temp\u00e9ratures, ce qui le rend adapt\u00e9 aux applications ext\u00e9rieures ou industrielles.<\/li>\n<li><span class=\"citation-1 recitation\">R\u00e9sistance chimique :<\/span><span class=\"citation-1 recitation citation-end-1\"> Le PC r\u00e9siste \u00e0 de nombreux produits chimiques et solvants, ce qui le rend durable dans les environnements difficiles.<\/span><\/li>\n<li><span class=\"citation-2 recitation\">Clart\u00e9 optique :<\/span><span class=\"citation-2 recitation citation-end-2\"> Le PC offre une bonne clart\u00e9 optique, garantissant une exp\u00e9rience tactile claire et r\u00e9active.<\/span><\/li>\n<\/ul>\n<h3 data-sourcepos=\"12:1-12:37\">Applications :<\/h3>\n<ul>\n<li><span class=\"citation-3 recitation\">Automatisation industrielle :<\/span><span class=\"citation-3 recitation citation-end-3\"> Les \u00e9crans tactiles PC sont largement utilis\u00e9s dans les panneaux de contr\u00f4le industriels et les machines en raison de leur durabilit\u00e9 et de leur r\u00e9sistance aux conditions difficiles.<\/span><\/li>\n<li>Kiosques ext\u00e9rieurs : Les \u00e9crans tactiles PC conviennent aux kiosques ext\u00e9rieurs et aux terminaux d'information, car ils r\u00e9sistent aux intemp\u00e9ries.<\/li>\n<li>Automobile : Le PC est utilis\u00e9 dans les syst\u00e8mes d'infotainment et les \u00e9crans de navigation des voitures, o\u00f9 la durabilit\u00e9 et la r\u00e9sistance \u00e0 la temp\u00e9rature sont essentielles.<\/li>\n<li><span class=\"citation-4 recitation\">Dispositifs m\u00e9dicaux :<\/span><span class=\"citation-4 recitation citation-end-4\"> Les \u00e9crans tactiles des PC se retrouvent dans les \u00e9quipements m\u00e9dicaux tels que les appareils de diagnostic et les syst\u00e8mes de surveillance des patients.<\/span><\/li>\n<\/ul>\n<h3 data-sourcepos=\"19:1-19:44\">Comparaison des \u00e9crans tactiles en PMMA et en PC :<\/h3>\n<div class=\"horizontal-scroll-wrapper\">\n<div class=\"table-block-component\">\n<div class=\"table-block\">\n<div class=\"table-content not-end-of-paragraph\">\n<table style=\"height: 170px;\" width=\"612\" data-sourcepos=\"21:1-27:25\">\n<tbody>\n<tr data-sourcepos=\"21:1-21:23\">\n<th data-sourcepos=\"21:1-21:9\">Fonctionnalit\u00e9<\/th>\n<th data-sourcepos=\"21:11-21:16\">PMMA<\/th>\n<th data-sourcepos=\"21:18-21:21\">PC<\/th>\n<\/tr>\n<tr data-sourcepos=\"23:1-23:40\">\n<td data-sourcepos=\"23:1-23:19\">R\u00e9sistance aux chocs<\/td>\n<td data-sourcepos=\"23:21-23:26\">Bon<\/td>\n<td data-sourcepos=\"23:28-23:38\">Excellent<\/td>\n<\/tr>\n<tr data-sourcepos=\"24:1-24:45\">\n<td data-sourcepos=\"24:1-24:24\">R\u00e9sistance \u00e0 la temp\u00e9rature<\/td>\n<td data-sourcepos=\"24:26-24:31\">Bon<\/td>\n<td data-sourcepos=\"24:33-24:43\">Excellent<\/td>\n<\/tr>\n<tr data-sourcepos=\"25:1-25:42\">\n<td data-sourcepos=\"25:1-25:21\">R\u00e9sistance chimique<\/td>\n<td data-sourcepos=\"25:23-25:28\">Bon<\/td>\n<td data-sourcepos=\"25:30-25:40\">Excellent<\/td>\n<\/tr>\n<tr data-sourcepos=\"26:1-26:38\">\n<td data-sourcepos=\"26:1-26:17\">Clart\u00e9 optique<\/td>\n<td data-sourcepos=\"26:19-26:29\">Excellent<\/td>\n<td data-sourcepos=\"26:31-26:36\">Bon<\/td>\n<\/tr>\n<tr data-sourcepos=\"27:1-27:25\">\n<td data-sourcepos=\"27:1-27:6\">Co\u00fbt<\/td>\n<td data-sourcepos=\"27:8-27:14\">Plus bas<\/td>\n<td data-sourcepos=\"27:16-27:23\">Plus \u00e9lev\u00e9<\/td>\n<\/tr>\n<\/tbody>\n<\/table>\n<\/div>\n<\/div>\n<\/div>\n<\/div>","protected":false},"excerpt":{"rendered":"<p>Les \u00e9crans tactiles en PC (polycarbonate) sont une autre option populaire pour les appareils \u00e9lectroniques, car ils offrent une excellente durabilit\u00e9 et une r\u00e9sistance aux chocs. Ils sont souvent utilis\u00e9s dans des applications o\u00f9 la durabilit\u00e9 et la robustesse sont essentielles.<\/p>\n<p>En conclusion, les \u00e9crans tactiles en PMMA et en PC offrent tous deux d'excellentes performances et une grande durabilit\u00e9. Le choix entre les deux mat\u00e9riaux d\u00e9pend des exigences sp\u00e9cifiques de l'application. Le PMMA est g\u00e9n\u00e9ralement plus \u00e9conomique et offre une excellente clart\u00e9 optique, tandis que le PC est connu pour sa r\u00e9sistance exceptionnelle aux chocs et \u00e0 la temp\u00e9rature.<\/p>","protected":false},"featured_media":2180,"template":"","meta":[],"product_cat":[43],"product_tag":[],"_links":{"self":[{"href":"https:\/\/touchscreenmfg.com\/fr\/wp-json\/wp\/v2\/product\/2179"}],"collection":[{"href":"https:\/\/touchscreenmfg.com\/fr\/wp-json\/wp\/v2\/product"}],"about":[{"href":"https:\/\/touchscreenmfg.com\/fr\/wp-json\/wp\/v2\/types\/product"}],"wp:featuredmedia":[{"embeddable":true,"href":"https:\/\/touchscreenmfg.com\/fr\/wp-json\/wp\/v2\/media\/2180"}],"wp:attachment":[{"href":"https:\/\/touchscreenmfg.com\/fr\/wp-json\/wp\/v2\/media?parent=2179"}],"wp:term":[{"taxonomy":"product_cat","embeddable":true,"href":"https:\/\/touchscreenmfg.com\/fr\/wp-json\/wp\/v2\/product_cat?post=2179"},{"taxonomy":"product_tag","embeddable":true,"href":"https:\/\/touchscreenmfg.com\/fr\/wp-json\/wp\/v2\/product_tag?post=2179"}],"curies":[{"name":"wp","href":"https:\/\/api.w.org\/{rel}","templated":true}]}}