{"id":2177,"date":"2024-09-20T08:00:55","date_gmt":"2024-09-20T08:00:55","guid":{"rendered":"https:\/\/touchscreenmfg.com\/?post_type=product&#038;p=2177"},"modified":"2025-03-15T09:13:16","modified_gmt":"2025-03-15T09:13:16","slug":"pmma-touch-screen","status":"publish","type":"product","link":"https:\/\/touchscreenmfg.com\/fr\/pmma-touch-screen\/","title":{"rendered":"\u00c9cran tactile en PMMA"},"content":{"rendered":"<h2>\u00c9crans tactiles en PMMA : Un choix clair et r\u00e9actif<\/h2>\n<h3 data-sourcepos=\"5:1-5:38\">Principaux avantages :<\/h3>\n<ul data-sourcepos=\"7:1-8:61\">\n<li data-sourcepos=\"7:1-7:108\">Haute transparence : <a href=\"https:\/\/nylon-granules.com\/acrylic-sheet\/\" target=\"_blank\" rel=\"noopener\">PMMA<\/a> offre une clart\u00e9 et une visibilit\u00e9 excellentes, garantissant un affichage clair et net.<\/li>\n<li data-sourcepos=\"8:1-8:61\">L\u00e9ger : Le PMMA est un mat\u00e9riau relativement l\u00e9ger, ce qui le rend adapt\u00e9 aux appareils portables.<\/li>\n<li data-sourcepos=\"9:1-9:97\">R\u00e9sistance aux rayures : Le PMMA offre une bonne r\u00e9sistance aux rayures, prot\u00e9geant ainsi l'\u00e9cran des dommages.<\/li>\n<li data-sourcepos=\"10:1-10:29\">R\u00e9sistance aux produits chimiques : Le PMMA r\u00e9siste \u00e0 une grande vari\u00e9t\u00e9 de produits chimiques, ce qui permet de l'utiliser dans des environnements difficiles.<\/li>\n<li data-sourcepos=\"11:1-12:0\">Rentabilit\u00e9 : Le PMMA est g\u00e9n\u00e9ralement plus \u00e9conomique que d'autres mat\u00e9riaux tels que le verre.<\/li>\n<\/ul>\n<h3 data-sourcepos=\"13:1-13:39\">Applications :<\/h3>\n<ul data-sourcepos=\"15:1-17:89\">\n<li data-sourcepos=\"15:1-15:170\">Smartphones et tablettes : Le PMMA est couramment utilis\u00e9 dans les \u00e9crans tactiles des smartphones et des tablettes en raison de sa clart\u00e9, de sa durabilit\u00e9 et de sa rentabilit\u00e9.<\/li>\n<li data-sourcepos=\"16:1-16:150\">Syst\u00e8mes de points de vente (POS) : Les \u00e9crans tactiles en PMMA sont largement utilis\u00e9s dans les secteurs de la vente au d\u00e9tail et de l'h\u00f4tellerie pour les interactions et les transactions avec les clients.<\/li>\n<li data-sourcepos=\"17:1-17:89\">Automatisation industrielle : Les \u00e9crans tactiles en PMMA sont utilis\u00e9s dans les panneaux de contr\u00f4le industriels et les machines pour la saisie des donn\u00e9es par l'op\u00e9rateur.<\/li>\n<li data-sourcepos=\"18:1-19:0\">Appareils m\u00e9dicaux : Les \u00e9crans tactiles en PMMA sont utilis\u00e9s dans les \u00e9quipements m\u00e9dicaux tels que les appareils de diagnostic et les syst\u00e8mes de surveillance des patients.<\/li>\n<\/ul>\n<h3 data-sourcepos=\"20:1-20:68\">Si le PMMA offre de nombreux avantages, il pr\u00e9sente \u00e9galement certaines limites :<\/h3>\n<ul data-sourcepos=\"22:1-24:0\">\n<li data-sourcepos=\"22:1-22:86\">Duret\u00e9 : Le PMMA n'est pas aussi dur que le verre, ce qui le rend plus sensible aux rayures.<\/li>\n<li data-sourcepos=\"23:1-24:0\">Sensibilit\u00e9 \u00e0 la temp\u00e9rature : Le PMMA peut \u00eatre affect\u00e9 par des temp\u00e9ratures extr\u00eames, ce qui peut avoir un impact sur ses performances.<\/li>\n<\/ul>","protected":false},"excerpt":{"rendered":"<p data-sourcepos=\"3:1-3:93\">Le PMMA, ou polym\u00e9thacrylate de m\u00e9thyle, est un mat\u00e9riau populaire pour les \u00e9crans tactiles en raison de ses excellentes propri\u00e9t\u00e9s optiques et de sa durabilit\u00e9. Les \u00e9crans tactiles en PMMA offrent une solution claire, r\u00e9active et \u00e9conomique pour divers appareils \u00e9lectroniques.<\/p>\n<p data-sourcepos=\"3:1-3:93\">Dans l'ensemble, les \u00e9crans tactiles en PMMA constituent une solution fiable et rentable pour un large \u00e9ventail d'applications. Leur clart\u00e9, leur durabilit\u00e9 et leur prix abordable en font un choix populaire dans l'industrie \u00e9lectronique.<\/p>","protected":false},"featured_media":2178,"template":"","meta":[],"product_cat":[43],"product_tag":[],"_links":{"self":[{"href":"https:\/\/touchscreenmfg.com\/fr\/wp-json\/wp\/v2\/product\/2177"}],"collection":[{"href":"https:\/\/touchscreenmfg.com\/fr\/wp-json\/wp\/v2\/product"}],"about":[{"href":"https:\/\/touchscreenmfg.com\/fr\/wp-json\/wp\/v2\/types\/product"}],"wp:featuredmedia":[{"embeddable":true,"href":"https:\/\/touchscreenmfg.com\/fr\/wp-json\/wp\/v2\/media\/2178"}],"wp:attachment":[{"href":"https:\/\/touchscreenmfg.com\/fr\/wp-json\/wp\/v2\/media?parent=2177"}],"wp:term":[{"taxonomy":"product_cat","embeddable":true,"href":"https:\/\/touchscreenmfg.com\/fr\/wp-json\/wp\/v2\/product_cat?post=2177"},{"taxonomy":"product_tag","embeddable":true,"href":"https:\/\/touchscreenmfg.com\/fr\/wp-json\/wp\/v2\/product_tag?post=2177"}],"curies":[{"name":"wp","href":"https:\/\/api.w.org\/{rel}","templated":true}]}}