{"id":1871,"date":"2024-08-07T02:46:18","date_gmt":"2024-08-07T02:46:18","guid":{"rendered":"https:\/\/touchscreenmfg.com\/?post_type=product&#038;p=1871"},"modified":"2024-08-07T02:58:47","modified_gmt":"2024-08-07T02:58:47","slug":"car-light-touch-switch","status":"publish","type":"product","link":"https:\/\/touchscreenmfg.com\/fr\/car-light-touch-switch\/","title":{"rendered":"Interrupteur tactile d'\u00e9clairage de voiture"},"content":{"rendered":"<h3><strong><b>Avantages des interrupteurs tactiles pour l'\u00e9clairage des voitures<\/b><\/strong><\/h3>\n<ul>\n<li><strong>Esth\u00e9tique am\u00e9lior\u00e9e :<\/strong>\u00a0Le design \u00e9pur\u00e9 et minimaliste contribue \u00e0 la modernit\u00e9 de l'int\u00e9rieur de la voiture.<\/li>\n<li><strong>Am\u00e9lioration de la convivialit\u00e9 :<\/strong>\u00a0L'interface tactile intuitive r\u00e9duit la distraction du conducteur.<\/li>\n<li><strong>Durabilit\u00e9 :<\/strong>\u00a0R\u00e9sistant \u00e0 l'usure et aux d\u00e9chirures, il garantit des performances durables.<\/li>\n<li><strong>Personnalisation :<\/strong>\u00a0Peut \u00eatre programm\u00e9 avec diff\u00e9rentes fonctions et modes d'\u00e9clairage.<\/li>\n<li><strong>Hygi\u00e8ne :<\/strong>\u00a0Plus facile \u00e0 nettoyer que les boutons physiques.<\/li>\n<\/ul>\n<h3><strong><b>Types d'interrupteurs tactiles pour l'\u00e9clairage des voitures<\/b><\/strong><\/h3>\n<ul>\n<li><strong>Interrupteurs tactiles capacitifs :<\/strong>\u00a0R\u00e9pondent aux changements de capacit\u00e9 provoqu\u00e9s par le corps humain.<\/li>\n<li><strong>Interrupteurs tactiles r\u00e9sistifs :<\/strong>\u00a0D\u00e9tecter les changements de r\u00e9sistance \u00e9lectrique lorsqu'on appuie sur le bouton.<\/li>\n<li><strong>Interrupteurs tactiles capacitifs projet\u00e9s :<\/strong>\u00a0Offrent une sensibilit\u00e9 et une pr\u00e9cision accrues.<\/li>\n<\/ul>\n<h3><strong><b>Applications dans les v\u00e9hicules<\/b><\/strong><\/h3>\n<p>Les interrupteurs \u00e0 effleurement des feux de voiture sont couramment utilis\u00e9s pour :<\/p>\n<ul>\n<li><strong>Commande des phares :<\/strong>\u00a0R\u00e9glage de la luminosit\u00e9, des faisceaux et des fonctions d'allumage et d'extinction automatiques.<\/li>\n<li><strong>Eclairage int\u00e9rieur :<\/strong>\u00a0Contr\u00f4le de l'\u00e9clairage ambiant, des lampes de lecture et de l'\u00e9clairage d'ambiance.<\/li>\n<li><strong>Commandes au tableau de bord :<\/strong>\u00a0Fonctionnement de la climatisation, des syst\u00e8mes audio et d'autres fonctions du v\u00e9hicule.<\/li>\n<\/ul>","protected":false},"excerpt":{"rendered":"<h3 data-sourcepos=\"5:1-5:37\">Fonctionnement des interrupteurs \u00e0 effleurement des feux de voiture<\/h3>\n<p data-sourcepos=\"7:1-7:243\"><span class=\"citation-1 recitation citation-end-1\">Les interrupteurs tactiles des phares de voiture utilisent g\u00e9n\u00e9ralement une technologie capacitive ou r\u00e9sistive pour d\u00e9tecter le contact du doigt.<\/span> Lorsqu'un doigt touche la surface de l'interrupteur, il cr\u00e9e un changement de capacit\u00e9 ou de r\u00e9sistance, ce qui d\u00e9clenche la fonction souhait\u00e9e.<\/p>","protected":false},"featured_media":1872,"template":"","meta":[],"product_cat":[42],"product_tag":[],"_links":{"self":[{"href":"https:\/\/touchscreenmfg.com\/fr\/wp-json\/wp\/v2\/product\/1871"}],"collection":[{"href":"https:\/\/touchscreenmfg.com\/fr\/wp-json\/wp\/v2\/product"}],"about":[{"href":"https:\/\/touchscreenmfg.com\/fr\/wp-json\/wp\/v2\/types\/product"}],"wp:featuredmedia":[{"embeddable":true,"href":"https:\/\/touchscreenmfg.com\/fr\/wp-json\/wp\/v2\/media\/1872"}],"wp:attachment":[{"href":"https:\/\/touchscreenmfg.com\/fr\/wp-json\/wp\/v2\/media?parent=1871"}],"wp:term":[{"taxonomy":"product_cat","embeddable":true,"href":"https:\/\/touchscreenmfg.com\/fr\/wp-json\/wp\/v2\/product_cat?post=1871"},{"taxonomy":"product_tag","embeddable":true,"href":"https:\/\/touchscreenmfg.com\/fr\/wp-json\/wp\/v2\/product_tag?post=1871"}],"curies":[{"name":"wp","href":"https:\/\/api.w.org\/{rel}","templated":true}]}}