{"id":1862,"date":"2024-08-07T02:42:39","date_gmt":"2024-08-07T02:42:39","guid":{"rendered":"https:\/\/touchscreenmfg.com\/?post_type=product&#038;p=1862"},"modified":"2024-08-07T02:54:53","modified_gmt":"2024-08-07T02:54:53","slug":"car-center-console-touch-film","status":"publish","type":"product","link":"https:\/\/touchscreenmfg.com\/fr\/car-center-console-touch-film\/","title":{"rendered":"Film tactile pour console centrale de voiture"},"content":{"rendered":"<h3><strong>Applications du film tactile<\/strong><\/h3>\n<p id=\"tw-target-text\" class=\"tw-data-text tw-text-large tw-ta\" dir=\"ltr\" data-placeholder=\"Translation\" aria-label=\"Texte traduit\" data-ved=\"2ahUKEwie_Z3B7OGHAxW_bfUHHYxgEGkQ3ewLegQIERAU\"><span class=\"Y2IQFc\" lang=\"en\">L'auto-capacit\u00e9 d\u00e9termine si un doigt touche l'\u00e9lectrode en d\u00e9tectant les changements de capacit\u00e9 \u00e9lectrostatique. La capacit\u00e9 est scann\u00e9e et d\u00e9tect\u00e9e selon un certain cycle. Le changement de la valeur mesur\u00e9e permet de d\u00e9terminer si un doigt touche l'\u00e9lectrode. L'unit\u00e9 centrale de commande effectue un certain nombre de cycles. La capacit\u00e9 de l'\u00e9lectrode est analys\u00e9e et d\u00e9tect\u00e9e. Lorsque le doigt est \u00e9loign\u00e9 de l'\u00e9lectrode, la valeur de la capacit\u00e9 reste stable. Lorsqu'un doigt s'approche de la valeur de capacit\u00e9 ou la touche, la valeur de capacit\u00e9 augmente et la valeur de comptage augmente. Lorsque le doigt s'\u00e9loigne de l'\u00e9lectrode, la valeur de capacit\u00e9 diminue de la valeur de comptage. La valeur de comptage qui diminue et reste stable lorsque le doigt s'\u00e9loigne de l'\u00e9lectrode est appel\u00e9e valeur de base. Nous superposons \u00e0 cette valeur de base une valeur seuil appel\u00e9e valeur critique. Lorsque la valeur de comptage est sup\u00e9rieure \u00e0 cette valeur critique, le commutateur de jugement est activ\u00e9. Lorsque la valeur de comptage est inf\u00e9rieure \u00e0 cette valeur critique, l'interrupteur est consid\u00e9r\u00e9 comme d\u00e9sactiv\u00e9.<\/span><\/p>","protected":false},"excerpt":{"rendered":"<h3 id=\"tw-target-text\" class=\"tw-data-text tw-text-large tw-ta\" dir=\"ltr\" data-placeholder=\"Translation\" aria-label=\"Texte traduit\" data-ved=\"2ahUKEwie_Z3B7OGHAxW_bfUHHYxgEGkQ3ewLegQIERAU\"><strong><span class=\"Y2IQFc\" lang=\"en\">Principe de mise en \u0153uvre du film tactile<\/span><\/strong><\/h3>\n<p>La vitesse de d\u00e9placement de la charge \u00e9tant constante, plus la capacit\u00e9 est grande, plus le temps de charge et de d\u00e9charge est long et plus l'intensit\u00e9 du courant est \u00e9lev\u00e9e. Par cons\u00e9quent, nous pouvons utiliser la dur\u00e9e du temps de charge et de d\u00e9charge et la quantit\u00e9 de courant de charge et de d\u00e9charge pour \u00e9valuer la taille du condensateur. Tant qu'il existe un \u00e9tat que nous pouvons atteindre et recueillir un changement d'\u00e9tat stable, nous pouvons utiliser ce changement pour mettre en \u0153uvre un signal de commutation.<\/p>","protected":false},"featured_media":1863,"template":"","meta":[],"product_cat":[42],"product_tag":[],"_links":{"self":[{"href":"https:\/\/touchscreenmfg.com\/fr\/wp-json\/wp\/v2\/product\/1862"}],"collection":[{"href":"https:\/\/touchscreenmfg.com\/fr\/wp-json\/wp\/v2\/product"}],"about":[{"href":"https:\/\/touchscreenmfg.com\/fr\/wp-json\/wp\/v2\/types\/product"}],"wp:featuredmedia":[{"embeddable":true,"href":"https:\/\/touchscreenmfg.com\/fr\/wp-json\/wp\/v2\/media\/1863"}],"wp:attachment":[{"href":"https:\/\/touchscreenmfg.com\/fr\/wp-json\/wp\/v2\/media?parent=1862"}],"wp:term":[{"taxonomy":"product_cat","embeddable":true,"href":"https:\/\/touchscreenmfg.com\/fr\/wp-json\/wp\/v2\/product_cat?post=1862"},{"taxonomy":"product_tag","embeddable":true,"href":"https:\/\/touchscreenmfg.com\/fr\/wp-json\/wp\/v2\/product_tag?post=1862"}],"curies":[{"name":"wp","href":"https:\/\/api.w.org\/{rel}","templated":true}]}}