{"id":1627,"date":"2024-06-29T01:18:12","date_gmt":"2024-06-29T01:18:12","guid":{"rendered":"https:\/\/touchscreenmfg.com\/?post_type=product&#038;p=1627"},"modified":"2024-06-29T01:50:18","modified_gmt":"2024-06-29T01:50:18","slug":"planar-resistive-touch-screen","status":"publish","type":"product","link":"https:\/\/touchscreenmfg.com\/fr\/planar-resistive-touch-screen\/","title":{"rendered":"\u00c9cran tactile r\u00e9sistif planaire"},"content":{"rendered":"<p data-sourcepos=\"3:1-3:111\">Les \u00e9crans tactiles r\u00e9sistifs Planar offrent une solution \u00e9prouv\u00e9e et rentable pour les applications tactiles. Ces \u00e9crans tactiles durables utilisent une couche sensible \u00e0 la pression qui r\u00e9agit au contact physique, offrant une exp\u00e9rience tactile fiable et intuitive.<\/p>\n<p data-sourcepos=\"5:1-5:51\"><strong>Caract\u00e9ristiques principales :<\/strong><\/p>\n<ul data-sourcepos=\"7:1-9:11\">\n<li data-sourcepos=\"7:1-8:0\">\n<p data-sourcepos=\"7:3-7:185\"><strong>Reconnaissance tactile pr\u00e9cise et r\u00e9active :<\/strong> Les \u00e9crans tactiles r\u00e9sistifs planaires assurent une d\u00e9tection pr\u00e9cise du toucher, garantissant une interaction pr\u00e9cise et r\u00e9active avec les \u00e9crans tactiles.<\/p>\n<\/li>\n<li data-sourcepos=\"9:1-9:11\">\n<p data-sourcepos=\"9:3-9:11\"><strong>Construction durable :<\/strong> La conception robuste des \u00e9crans tactiles r\u00e9sistifs r\u00e9siste \u00e0 une utilisation intensive et \u00e0 des environnements difficiles, ce qui les rend id\u00e9aux pour les applications commerciales et industrielles.<\/p>\n<\/li>\n<li data-sourcepos=\"11:1-11:27\">\n<p data-sourcepos=\"11:3-11:27\"><strong>Une solution rentable :<\/strong> Par rapport aux \u00e9crans tactiles capacitifs, les \u00e9crans tactiles \u00e0 base de pression constituent une option plus abordable, en particulier pour les \u00e9crans de grande taille.<\/p>\n<\/li>\n<\/ul>\n<p data-sourcepos=\"13:1-13:51\"><strong>Applications :<\/strong><\/p>\n<ul data-sourcepos=\"15:1-18:0\">\n<li data-sourcepos=\"15:1-16:0\">\n<p data-sourcepos=\"15:3-15:180\"><strong>Syst\u00e8mes de points de vente (POS) :<\/strong> Les \u00e9crans tactiles r\u00e9sistifs sont largement utilis\u00e9s dans les syst\u00e8mes de point de vente en raison de leur fiabilit\u00e9, de leur prix abordable et de leur capacit\u00e9 \u00e0 r\u00e9sister \u00e0 des contacts fr\u00e9quents.<\/p>\n<\/li>\n<li data-sourcepos=\"17:1-18:0\">\n<p data-sourcepos=\"17:3-17:177\"><strong>Panneaux de contr\u00f4le industriels :<\/strong> Dans les environnements industriels, les \u00e9crans tactiles r\u00e9sistifs constituent une solution robuste et durable pour contr\u00f4ler les machines et surveiller les processus.<\/p>\n<\/li>\n<li data-sourcepos=\"19:1-20:0\">\n<p data-sourcepos=\"19:3-19:161\"><strong>Kiosques d'information publique :<\/strong> Les \u00e9crans tactiles r\u00e9sistifs planaires permettent de cr\u00e9er des kiosques d'information publics interactifs, offrant une navigation et un acc\u00e8s faciles \u00e0 l'information.<\/p>\n<\/li>\n<li data-sourcepos=\"21:1-22:0\">\n<p data-sourcepos=\"21:3-21:176\"><strong>Pr\u00e9sentoirs \u00e9ducatifs :<\/strong> Dans les \u00e9tablissements d'enseignement, les \u00e9crans tactiles \u00e0 pression facilitent les exp\u00e9riences d'apprentissage interactives et font participer les \u00e9l\u00e8ves \u00e0 des activit\u00e9s tactiles.<\/p>\n<\/li>\n<\/ul>","protected":false},"excerpt":{"rendered":"<p>Les \u00e9crans tactiles r\u00e9sistifs planaires continuent d'\u00eatre un choix populaire pour une large gamme d'applications en raison de leurs performances fiables, de leur prix abordable et de leur durabilit\u00e9. Ils offrent une solution \u00e9prouv\u00e9e et rentable pour les \u00e9crans tactiles, ce qui en fait un atout pr\u00e9cieux pour divers secteurs et environnements.<\/p>","protected":false},"featured_media":1569,"template":"","meta":[],"product_cat":[41],"product_tag":[],"_links":{"self":[{"href":"https:\/\/touchscreenmfg.com\/fr\/wp-json\/wp\/v2\/product\/1627"}],"collection":[{"href":"https:\/\/touchscreenmfg.com\/fr\/wp-json\/wp\/v2\/product"}],"about":[{"href":"https:\/\/touchscreenmfg.com\/fr\/wp-json\/wp\/v2\/types\/product"}],"wp:featuredmedia":[{"embeddable":true,"href":"https:\/\/touchscreenmfg.com\/fr\/wp-json\/wp\/v2\/media\/1569"}],"wp:attachment":[{"href":"https:\/\/touchscreenmfg.com\/fr\/wp-json\/wp\/v2\/media?parent=1627"}],"wp:term":[{"taxonomy":"product_cat","embeddable":true,"href":"https:\/\/touchscreenmfg.com\/fr\/wp-json\/wp\/v2\/product_cat?post=1627"},{"taxonomy":"product_tag","embeddable":true,"href":"https:\/\/touchscreenmfg.com\/fr\/wp-json\/wp\/v2\/product_tag?post=1627"}],"curies":[{"name":"wp","href":"https:\/\/api.w.org\/{rel}","templated":true}]}}