{"id":1626,"date":"2024-06-29T01:13:20","date_gmt":"2024-06-29T01:13:20","guid":{"rendered":"https:\/\/touchscreenmfg.com\/?post_type=product&#038;p=1626"},"modified":"2024-06-29T02:10:54","modified_gmt":"2024-06-29T02:10:54","slug":"4-wire-resistive-touch-screens","status":"publish","type":"product","link":"https:\/\/touchscreenmfg.com\/fr\/4-wire-resistive-touch-screens\/","title":{"rendered":"\u00c9crans tactiles r\u00e9sistifs \u00e0 4 fils"},"content":{"rendered":"<h2 class=\"\" data-sourcepos=\"4:1-4:104\">\u00c9crans tactiles r\u00e9sistifs \u00e0 4 fils : Interaction tactile fiable et rentable pour la signalisation interactive<\/h2>\n<p data-sourcepos=\"6:1-6:51\">Les \u00e9crans tactiles r\u00e9sistifs \u00e0 4 fils constituent une solution \u00e9prouv\u00e9e et abordable pour cr\u00e9er des solutions de signalisation interactives et attrayantes. Ces \u00e9crans tactiles durables utilisent une couche sensible \u00e0 la pression qui r\u00e9agit au contact physique, permettant une interaction intuitive avec les \u00e9crans interactifs.<\/p>\n<p data-sourcepos=\"8:1-8:51\"><strong>Caract\u00e9ristiques principales des \u00e9crans tactiles r\u00e9sistifs \u00e0 4 fils :<\/strong><\/p>\n<ul data-sourcepos=\"10:1-10:95\">\n<li data-sourcepos=\"10:1-10:95\">\n<p class=\"\" data-sourcepos=\"10:3-10:183\"><strong class=\"\">Reconnaissance tactile pr\u00e9cise et r\u00e9active :<\/strong> Les \u00e9crans tactiles r\u00e9sistifs \u00e0 4 fils assurent une d\u00e9tection pr\u00e9cise du toucher, garantissant une interaction pr\u00e9cise et r\u00e9active avec l'affichage interactif.<\/p>\n<\/li>\n<li data-sourcepos=\"12:1-13:0\">\n<p data-sourcepos=\"12:3-12:175\"><strong>Construction durable :<\/strong> La conception robuste des \u00e9crans tactiles r\u00e9sistifs \u00e0 4 fils r\u00e9siste \u00e0 une utilisation intensive et \u00e0 des environnements difficiles, ce qui les rend id\u00e9aux pour les applications de signalisation publique.<\/p>\n<\/li>\n<li data-sourcepos=\"14:1-15:0\">\n<p data-sourcepos=\"14:3-14:170\"><strong>Une solution rentable :<\/strong> Par rapport aux \u00e9crans tactiles capacitifs, les \u00e9crans tactiles r\u00e9sistifs \u00e0 4 fils constituent une option plus abordable, en particulier pour les \u00e9crans de grande taille.<\/p>\n<\/li>\n<\/ul>\n<p data-sourcepos=\"16:1-16:51\"><strong>Applications des \u00e9crans tactiles r\u00e9sistifs \u00e0 4 fils :<\/strong><\/p>\n<ul data-sourcepos=\"18:1-20:26\">\n<li data-sourcepos=\"18:1-19:0\">\n<p data-sourcepos=\"18:3-18:195\"><strong>Signalisation num\u00e9rique interactive :<\/strong> Les \u00e9crans tactiles r\u00e9sistifs \u00e0 4 fils sont largement utilis\u00e9s dans la signalisation num\u00e9rique interactive, permettant aux spectateurs d'interagir avec le contenu, de faire des s\u00e9lections et d'acc\u00e9der \u00e0 l'information.<\/p>\n<\/li>\n<li data-sourcepos=\"20:1-20:26\">\n<p data-sourcepos=\"20:3-20:26\"><strong>Pr\u00e9sentoirs pour le commerce de d\u00e9tail et l'h\u00f4tellerie :<\/strong> Dans le commerce de d\u00e9tail et l'h\u00f4tellerie, les \u00e9crans tactiles r\u00e9sistifs \u00e0 4 fils am\u00e9liorent les kiosques en libre-service, permettant aux clients de parcourir facilement les produits, de passer des commandes et d'effectuer des paiements.<\/p>\n<\/li>\n<li data-sourcepos=\"22:1-23:0\">\n<p data-sourcepos=\"22:3-22:194\"><strong>Kiosques d'information publique :<\/strong> Les \u00e9crans tactiles r\u00e9sistifs \u00e0 4 fils facilitent la mise en place de kiosques d'information interactifs, permettant aux visiteurs d'acc\u00e9der facilement \u00e0 des cartes, des annuaires et d'autres informations.<\/p>\n<\/li>\n<li data-sourcepos=\"24:1-25:0\">\n<p data-sourcepos=\"24:3-24:196\"><strong>Pr\u00e9sentations dans les mus\u00e9es et les expositions :<\/strong> Les \u00e9crans tactiles r\u00e9sistifs \u00e0 4 fils am\u00e9liorent les pr\u00e9sentations des mus\u00e9es et des expositions, permettant aux visiteurs d'explorer les expositions de mani\u00e8re interactive et d'en apprendre davantage sur les artefacts.<\/p>\n<\/li>\n<\/ul>","protected":false},"excerpt":{"rendered":"<p>Les \u00e9crans tactiles r\u00e9sistifs \u00e0 4 fils continuent d'\u00eatre un choix populaire pour la signalisation interactive en raison de leurs performances fiables, de leur prix abordable et de leur durabilit\u00e9. Ils offrent une solution \u00e9prouv\u00e9e et rentable pour les \u00e9crans tactiles, ce qui en fait un atout pr\u00e9cieux pour diverses applications de signalisation.<\/p>","protected":false},"featured_media":1546,"template":"","meta":[],"product_cat":[41],"product_tag":[],"_links":{"self":[{"href":"https:\/\/touchscreenmfg.com\/fr\/wp-json\/wp\/v2\/product\/1626"}],"collection":[{"href":"https:\/\/touchscreenmfg.com\/fr\/wp-json\/wp\/v2\/product"}],"about":[{"href":"https:\/\/touchscreenmfg.com\/fr\/wp-json\/wp\/v2\/types\/product"}],"wp:featuredmedia":[{"embeddable":true,"href":"https:\/\/touchscreenmfg.com\/fr\/wp-json\/wp\/v2\/media\/1546"}],"wp:attachment":[{"href":"https:\/\/touchscreenmfg.com\/fr\/wp-json\/wp\/v2\/media?parent=1626"}],"wp:term":[{"taxonomy":"product_cat","embeddable":true,"href":"https:\/\/touchscreenmfg.com\/fr\/wp-json\/wp\/v2\/product_cat?post=1626"},{"taxonomy":"product_tag","embeddable":true,"href":"https:\/\/touchscreenmfg.com\/fr\/wp-json\/wp\/v2\/product_tag?post=1626"}],"curies":[{"name":"wp","href":"https:\/\/api.w.org\/{rel}","templated":true}]}}