{"id":1625,"date":"2024-06-29T01:12:48","date_gmt":"2024-06-29T01:12:48","guid":{"rendered":"https:\/\/touchscreenmfg.com\/?post_type=product&#038;p=1625"},"modified":"2024-06-29T02:14:44","modified_gmt":"2024-06-29T02:14:44","slug":"5-wire-resistive-touch-screens","status":"publish","type":"product","link":"https:\/\/touchscreenmfg.com\/fr\/5-wire-resistive-touch-screens\/","title":{"rendered":"\u00c9crans tactiles r\u00e9sistifs \u00e0 5 fils"},"content":{"rendered":"<h2 class=\"\" data-sourcepos=\"1:1-1:95\">\u00c9crans tactiles r\u00e9sistifs \u00e0 5 fils : Durabilit\u00e9 accrue pour les tableaux et \u00e9crans interactifs intelligents<\/h2>\n<p data-sourcepos=\"3:1-3:87\">Les \u00e9crans tactiles r\u00e9sistifs \u00e0 5 fils am\u00e9liorent l'exp\u00e9rience d'interaction tactile pour les tableaux et \u00e9crans intelligents interactifs, en offrant une durabilit\u00e9, une pr\u00e9cision et un prix am\u00e9lior\u00e9s. Ces \u00e9crans tactiles avanc\u00e9s utilisent un design unique avec un fil de d\u00e9tection suppl\u00e9mentaire, offrant plusieurs avantages par rapport aux \u00e9crans tactiles r\u00e9sistifs traditionnels \u00e0 4 fils.<\/p>\n<p data-sourcepos=\"5:1-5:51\"><strong>Caract\u00e9ristiques principales des \u00e9crans tactiles r\u00e9sistifs \u00e0 5 fils :<\/strong><\/p>\n<ul data-sourcepos=\"7:1-7:60\">\n<li data-sourcepos=\"7:1-7:60\">\n<p data-sourcepos=\"7:3-7:199\"><strong>Durabilit\u00e9 sup\u00e9rieure :<\/strong> Le fil de d\u00e9tection suppl\u00e9mentaire dans les \u00e9crans tactiles r\u00e9sistifs \u00e0 5 fils am\u00e9liore la durabilit\u00e9, les rendant r\u00e9sistants aux rayures et aux contaminants, ce qui est id\u00e9al pour les environnements tr\u00e8s fr\u00e9quent\u00e9s.<\/p>\n<\/li>\n<li data-sourcepos=\"9:1-9:45\">\n<p data-sourcepos=\"9:3-9:45\"><strong>Distorsion r\u00e9duite des bords :<\/strong> Le fil suppl\u00e9mentaire permet de compenser la distorsion des bords, un probl\u00e8me courant dans les \u00e9crans interactifs de grande taille, ce qui garantit une pr\u00e9cision tactile constante sur l'ensemble de l'\u00e9cran.<\/p>\n<\/li>\n<li data-sourcepos=\"11:1-12:0\">\n<p data-sourcepos=\"11:3-11:164\"><strong>Performance stable :<\/strong> Les \u00e9crans tactiles r\u00e9sistifs \u00e0 5 fils offrent des performances stables m\u00eame dans des environnements difficiles, tels que ceux o\u00f9 la lumi\u00e8re ambiante est \u00e9lev\u00e9e ou la poussi\u00e8re.<\/p>\n<\/li>\n<li data-sourcepos=\"13:1-14:0\">\n<p data-sourcepos=\"13:3-13:167\"><strong>Une solution rentable :<\/strong> Par rapport aux \u00e9crans tactiles capacitifs, les \u00e9crans tactiles r\u00e9sistifs \u00e0 5 fils offrent une solution plus \u00e9conomique pour les grands \u00e9crans interactifs.<\/p>\n<\/li>\n<\/ul>\n<p data-sourcepos=\"15:1-15:51\"><strong>Applications des \u00e9crans tactiles r\u00e9sistifs \u00e0 5 fils :<\/strong><\/p>\n<ul data-sourcepos=\"17:1-24:0\">\n<li data-sourcepos=\"17:1-18:0\">\n<p data-sourcepos=\"17:3-17:212\"><strong>Tableaux interactifs :<\/strong> Les \u00e9crans tactiles r\u00e9sistifs \u00e0 5 fils sont id\u00e9aux pour les tableaux intelligents interactifs utilis\u00e9s dans les salles de classe, les salles de conf\u00e9rence et les centres de formation, permettant l'apprentissage collaboratif et les pr\u00e9sentations.<\/p>\n<\/li>\n<li data-sourcepos=\"19:1-20:0\">\n<p data-sourcepos=\"19:3-19:225\"><strong>Signalisation num\u00e9rique et kiosques :<\/strong> Dans le commerce de d\u00e9tail, l'h\u00f4tellerie et les espaces publics, les \u00e9crans tactiles r\u00e9sistifs \u00e0 5 fils am\u00e9liorent la signalisation num\u00e9rique et les kiosques, permettant aux utilisateurs d'interagir avec le contenu, de faire des s\u00e9lections et d'acc\u00e9der \u00e0 l'information.<\/p>\n<\/li>\n<li data-sourcepos=\"21:1-22:0\">\n<p data-sourcepos=\"21:3-21:179\"><strong>Syst\u00e8mes de contr\u00f4le industriel :<\/strong> Les \u00e9crans tactiles r\u00e9sistifs \u00e0 5 fils constituent une solution fiable et durable pour le contr\u00f4le des machines et la surveillance des processus en milieu industriel.<\/p>\n<\/li>\n<li data-sourcepos=\"23:1-24:0\">\n<p data-sourcepos=\"23:3-23:193\"><strong>Syst\u00e8mes d'imagerie m\u00e9dicale :<\/strong> La durabilit\u00e9 et la pr\u00e9cision des \u00e9crans tactiles r\u00e9sistifs \u00e0 5 fils les rendent adapt\u00e9s aux syst\u00e8mes d'imagerie m\u00e9dicale, permettant aux m\u00e9decins d'interagir avec pr\u00e9cision avec les images.<\/p>\n<\/li>\n<\/ul>","protected":false},"excerpt":{"rendered":"<p>Les \u00e9crans tactiles r\u00e9sistifs \u00e0 5 fils offrent une combinaison convaincante de durabilit\u00e9, de pr\u00e9cision et de prix abordable, ce qui en fait un choix privil\u00e9gi\u00e9 pour une large gamme d'applications interactives de tableaux intelligents et d'\u00e9crans. Ils constituent une solution fiable et rentable pour les \u00e9crans tactiles, am\u00e9liorant l'engagement et la productivit\u00e9 des utilisateurs dans divers environnements.<\/p>","protected":false},"featured_media":1548,"template":"","meta":[],"product_cat":[41],"product_tag":[],"_links":{"self":[{"href":"https:\/\/touchscreenmfg.com\/fr\/wp-json\/wp\/v2\/product\/1625"}],"collection":[{"href":"https:\/\/touchscreenmfg.com\/fr\/wp-json\/wp\/v2\/product"}],"about":[{"href":"https:\/\/touchscreenmfg.com\/fr\/wp-json\/wp\/v2\/types\/product"}],"wp:featuredmedia":[{"embeddable":true,"href":"https:\/\/touchscreenmfg.com\/fr\/wp-json\/wp\/v2\/media\/1548"}],"wp:attachment":[{"href":"https:\/\/touchscreenmfg.com\/fr\/wp-json\/wp\/v2\/media?parent=1625"}],"wp:term":[{"taxonomy":"product_cat","embeddable":true,"href":"https:\/\/touchscreenmfg.com\/fr\/wp-json\/wp\/v2\/product_cat?post=1625"},{"taxonomy":"product_tag","embeddable":true,"href":"https:\/\/touchscreenmfg.com\/fr\/wp-json\/wp\/v2\/product_tag?post=1625"}],"curies":[{"name":"wp","href":"https:\/\/api.w.org\/{rel}","templated":true}]}}