{"id":1624,"date":"2024-06-29T01:09:51","date_gmt":"2024-06-29T01:09:51","guid":{"rendered":"https:\/\/touchscreenmfg.com\/?post_type=product&#038;p=1624"},"modified":"2024-06-29T02:07:12","modified_gmt":"2024-06-29T02:07:12","slug":"8-wire-resistive-touch-screens","status":"publish","type":"product","link":"https:\/\/touchscreenmfg.com\/fr\/8-wire-resistive-touch-screens\/","title":{"rendered":"\u00c9crans tactiles r\u00e9sistifs \u00e0 8 fils"},"content":{"rendered":"<h2 class=\"\" data-sourcepos=\"1:1-1:78\">\u00c9crans tactiles r\u00e9sistifs \u00e0 8 fils : Pr\u00e9cision accrue pour les \u00e9crans tactiles<\/h2>\n<p data-sourcepos=\"3:1-3:106\">Les \u00e9crans tactiles r\u00e9sistifs \u00e0 8 fils am\u00e9liorent l'exp\u00e9rience de l'interaction tactile pour les \u00e9crans tactiles, en offrant une pr\u00e9cision, une durabilit\u00e9 et un co\u00fbt accrus. Ces \u00e9crans tactiles avanc\u00e9s utilisent une conception unique avec des fils de d\u00e9tection suppl\u00e9mentaires, offrant plusieurs avantages par rapport aux \u00e9crans tactiles r\u00e9sistifs traditionnels \u00e0 4 fils.<\/p>\n<p data-sourcepos=\"5:1-5:51\"><strong>Caract\u00e9ristiques principales des \u00e9crans tactiles r\u00e9sistifs \u00e0 8 fils :<\/strong><\/p>\n<ul data-sourcepos=\"7:1-7:94\">\n<li data-sourcepos=\"7:1-7:94\">\n<p data-sourcepos=\"7:3-7:186\"><strong>Pr\u00e9cision sup\u00e9rieure :<\/strong> Les fils de d\u00e9tection suppl\u00e9mentaires des \u00e9crans tactiles r\u00e9sistifs \u00e0 8 fils permettent une d\u00e9tection plus pr\u00e9cise du toucher, ce qui se traduit par une exp\u00e9rience tactile plus pr\u00e9cise et plus r\u00e9active.<\/p>\n<\/li>\n<li data-sourcepos=\"9:1-9:103\">\n<p data-sourcepos=\"9:3-9:103\"><strong>Distorsion r\u00e9duite des bords :<\/strong> Les fils suppl\u00e9mentaires permettent de compenser la distorsion des bords, un probl\u00e8me courant sur les \u00e9crans tactiles de grande taille, ce qui garantit une pr\u00e9cision tactile constante sur l'ensemble de l'\u00e9cran.<\/p>\n<\/li>\n<li data-sourcepos=\"11:1-12:0\">\n<p data-sourcepos=\"11:3-11:164\"><strong>Performance stable :<\/strong> Les \u00e9crans tactiles r\u00e9sistifs \u00e0 8 fils offrent des performances stables, m\u00eame dans des environnements difficiles, tels que ceux o\u00f9 la lumi\u00e8re ambiante est \u00e9lev\u00e9e ou la poussi\u00e8re.<\/p>\n<\/li>\n<li data-sourcepos=\"13:1-14:0\">\n<p data-sourcepos=\"13:3-13:168\"><strong>Une solution rentable :<\/strong> Par rapport aux \u00e9crans tactiles capacitifs, les \u00e9crans tactiles r\u00e9sistifs \u00e0 8 fils offrent une solution plus \u00e9conomique pour les grands \u00e9crans tactiles.<\/p>\n<\/li>\n<\/ul>\n<p data-sourcepos=\"15:1-15:51\"><strong>Applications des \u00e9crans tactiles r\u00e9sistifs \u00e0 8 fils :<\/strong><\/p>\n<ul data-sourcepos=\"17:1-17:32\">\n<li data-sourcepos=\"17:1-17:32\">\n<p class=\"\" data-sourcepos=\"17:3-17:213\"><strong class=\"\">Panneaux plats interactifs :<\/strong> Les \u00e9crans tactiles r\u00e9sistifs \u00e0 8 fils sont id\u00e9aux pour les \u00e9crans plats interactifs utilis\u00e9s dans les salles de conf\u00e9rence, les salles de classe et les espaces publics, permettant une collaboration et un partage d'informations sans faille.<\/p>\n<\/li>\n<li data-sourcepos=\"19:1-20:0\">\n<p data-sourcepos=\"19:3-19:180\"><strong>Syst\u00e8mes de contr\u00f4le industriel :<\/strong> Dans les environnements industriels, les \u00e9crans tactiles r\u00e9sistifs \u00e0 8 fils constituent une solution fiable et durable pour le contr\u00f4le des machines et la surveillance des processus.<\/p>\n<\/li>\n<li data-sourcepos=\"21:1-22:0\">\n<p data-sourcepos=\"21:3-21:217\"><strong>Kiosques pour le commerce de d\u00e9tail et l'h\u00f4tellerie :<\/strong> Les \u00e9crans tactiles r\u00e9sistifs \u00e0 8 fils am\u00e9liorent les kiosques en libre-service dans les environnements de vente au d\u00e9tail et d'h\u00f4tellerie, permettant aux clients d'acc\u00e9der facilement aux informations, de passer des commandes et d'effectuer des paiements.<\/p>\n<\/li>\n<li data-sourcepos=\"23:1-24:0\">\n<p data-sourcepos=\"23:3-23:208\"><strong>Pr\u00e9sentoirs \u00e9ducatifs :<\/strong> Les \u00e9crans tactiles r\u00e9sistifs \u00e0 8 fils facilitent les exp\u00e9riences d'apprentissage interactives dans les \u00e9tablissements d'enseignement, en faisant participer les \u00e9l\u00e8ves \u00e0 des activit\u00e9s tactiles et en am\u00e9liorant leur compr\u00e9hension.<\/p>\n<\/li>\n<\/ul>","protected":false},"excerpt":{"rendered":"<p>Les \u00e9crans tactiles r\u00e9sistifs \u00e0 8 fils offrent une combinaison convaincante de pr\u00e9cision, de durabilit\u00e9 et de prix abordable, ce qui en fait un choix privil\u00e9gi\u00e9 pour une large gamme d'applications d'\u00e9crans tactiles. Ils constituent une solution fiable et rentable pour les \u00e9crans interactifs, am\u00e9liorant l'engagement de l'utilisateur et la productivit\u00e9 dans divers environnements.<\/p>","protected":false},"featured_media":1550,"template":"","meta":[],"product_cat":[41],"product_tag":[],"_links":{"self":[{"href":"https:\/\/touchscreenmfg.com\/fr\/wp-json\/wp\/v2\/product\/1624"}],"collection":[{"href":"https:\/\/touchscreenmfg.com\/fr\/wp-json\/wp\/v2\/product"}],"about":[{"href":"https:\/\/touchscreenmfg.com\/fr\/wp-json\/wp\/v2\/types\/product"}],"wp:featuredmedia":[{"embeddable":true,"href":"https:\/\/touchscreenmfg.com\/fr\/wp-json\/wp\/v2\/media\/1550"}],"wp:attachment":[{"href":"https:\/\/touchscreenmfg.com\/fr\/wp-json\/wp\/v2\/media?parent=1624"}],"wp:term":[{"taxonomy":"product_cat","embeddable":true,"href":"https:\/\/touchscreenmfg.com\/fr\/wp-json\/wp\/v2\/product_cat?post=1624"},{"taxonomy":"product_tag","embeddable":true,"href":"https:\/\/touchscreenmfg.com\/fr\/wp-json\/wp\/v2\/product_tag?post=1624"}],"curies":[{"name":"wp","href":"https:\/\/api.w.org\/{rel}","templated":true}]}}