{"id":1621,"date":"2024-06-29T01:06:11","date_gmt":"2024-06-29T01:06:11","guid":{"rendered":"https:\/\/touchscreenmfg.com\/manufacturer\/pdp-display-cover-glass\/"},"modified":"2024-06-29T02:20:27","modified_gmt":"2024-06-29T02:20:27","slug":"pdp-display-cover-glass","status":"publish","type":"product","link":"https:\/\/touchscreenmfg.com\/fr\/pdp-display-cover-glass\/","title":{"rendered":"Verre de protection de l'\u00e9cran PDP"},"content":{"rendered":"<p data-sourcepos=\"3:1-3:86\"><strong>Prot\u00e9gez votre \u00e9cran PDP des rayures, des reflets et des dommages<\/strong><\/p>\n<p data-sourcepos=\"5:1-5:157\">Le verre de protection de l'\u00e9cran PDP est une couche protectrice sp\u00e9cialement con\u00e7ue pour l'\u00e9cran des appareils de jeu PDP. Il pourrait offrir les caract\u00e9ristiques suivantes :<\/p>\n<ul data-sourcepos=\"7:1-7:36\">\n<li data-sourcepos=\"7:1-7:36\">\n<p class=\"\" data-sourcepos=\"7:3-7:285\"><strong class=\"\">R\u00e9sistance aux rayures et aux chocs :<\/strong> Comme un protecteur d'\u00e9cran en verre tremp\u00e9, le PDP Display Cover Glass vise \u00e0 prot\u00e9ger l'\u00e9cran contre les rayures, les \u00e9gratignures et les chocs accidentels. Ceci est particuli\u00e8rement important pour les appareils de jeu portables qui sont plus sujets aux chocs et aux chutes.<\/p>\n<\/li>\n<li data-sourcepos=\"9:1-10:0\">\n<p data-sourcepos=\"9:3-9:168\"><strong>Clart\u00e9 accrue :<\/strong> Une vitre de protection d'\u00e9cran PDP de haute qualit\u00e9 doit conserver une excellente clart\u00e9 optique, garantissant que les images de jeu restent nettes et non d\u00e9form\u00e9es.<\/p>\n<\/li>\n<li data-sourcepos=\"11:1-12:0\">\n<p data-sourcepos=\"11:3-11:242\"><strong>R\u00e9sistance \u00e0 l'\u00e9blouissement :<\/strong> Si l'appareil de jeu PDP est dot\u00e9 d'un \u00e9cran brillant, un verre de protection d'\u00e9cran PDP antireflet peut contribuer \u00e0 minimiser les reflets provenant des sources de lumi\u00e8re ambiante, am\u00e9liorant ainsi la visibilit\u00e9 de l'\u00e9cran, en particulier dans les environnements tr\u00e8s \u00e9clair\u00e9s.<\/p>\n<\/li>\n<li data-sourcepos=\"13:1-13:44\">\n<p data-sourcepos=\"13:3-13:44\"><strong>Compatibilit\u00e9 tactile :<\/strong> Si l'appareil de jeu PDP est dot\u00e9 d'un \u00e9cran tactile, la vitre de protection doit \u00eatre con\u00e7ue pour \u00eatre compatible avec le toucher, afin de permettre une interaction transparente avec l'\u00e9cran tactile.<\/p>\n<\/li>\n<\/ul>","protected":false},"excerpt":{"rendered":"<p>Le PDP Display Cover Glass pourrait \u00eatre un accessoire pr\u00e9cieux pour les joueurs qui souhaitent prot\u00e9ger l'\u00e9cran de leur appareil et maintenir une exp\u00e9rience de jeu optimale.<\/p>","protected":false},"featured_media":1582,"template":"","meta":[],"product_cat":[15],"product_tag":[],"_links":{"self":[{"href":"https:\/\/touchscreenmfg.com\/fr\/wp-json\/wp\/v2\/product\/1621"}],"collection":[{"href":"https:\/\/touchscreenmfg.com\/fr\/wp-json\/wp\/v2\/product"}],"about":[{"href":"https:\/\/touchscreenmfg.com\/fr\/wp-json\/wp\/v2\/types\/product"}],"wp:featuredmedia":[{"embeddable":true,"href":"https:\/\/touchscreenmfg.com\/fr\/wp-json\/wp\/v2\/media\/1582"}],"wp:attachment":[{"href":"https:\/\/touchscreenmfg.com\/fr\/wp-json\/wp\/v2\/media?parent=1621"}],"wp:term":[{"taxonomy":"product_cat","embeddable":true,"href":"https:\/\/touchscreenmfg.com\/fr\/wp-json\/wp\/v2\/product_cat?post=1621"},{"taxonomy":"product_tag","embeddable":true,"href":"https:\/\/touchscreenmfg.com\/fr\/wp-json\/wp\/v2\/product_tag?post=1621"}],"curies":[{"name":"wp","href":"https:\/\/api.w.org\/{rel}","templated":true}]}}