{"id":1617,"date":"2024-06-29T01:06:11","date_gmt":"2024-06-29T01:06:11","guid":{"rendered":"https:\/\/touchscreenmfg.com\/manufacturer\/gaming-glass\/"},"modified":"2024-06-29T02:51:17","modified_gmt":"2024-06-29T02:51:17","slug":"gaming-glass","status":"publish","type":"product","link":"https:\/\/touchscreenmfg.com\/fr\/gaming-glass\/","title":{"rendered":"Verre de jeu"},"content":{"rendered":"<h2 class=\"\" data-sourcepos=\"1:1-1:81\">Verre de jeu : Am\u00e9liorez votre exp\u00e9rience de jeu gr\u00e2ce \u00e0 la protection des yeux et au confort<\/h2>\n<p data-sourcepos=\"3:1-3:118\">Les lunettes de jeu, \u00e9galement appel\u00e9es lunettes de joueur, sont des lunettes sp\u00e9cialis\u00e9es con\u00e7ues pour am\u00e9liorer le confort et r\u00e9duire la fatigue oculaire pendant les sessions de jeu prolong\u00e9es. Ces lunettes pr\u00e9sentent g\u00e9n\u00e9ralement plusieurs caract\u00e9ristiques cl\u00e9s qui r\u00e9pondent aux besoins sp\u00e9cifiques des joueurs.<\/p>\n<p data-sourcepos=\"5:1-5:35\"><strong>Caract\u00e9ristiques principales :<\/strong><\/p>\n<ul data-sourcepos=\"7:1-9:66\">\n<li data-sourcepos=\"7:1-8:0\">\n<p data-sourcepos=\"7:3-7:300\"><strong>Lentilles bloquant la lumi\u00e8re bleue :<\/strong> Ils int\u00e8grent souvent des lentilles bloquant la lumi\u00e8re bleue qui filtrent une partie de la lumi\u00e8re bleue \u00e9mise par les \u00e9crans num\u00e9riques. La lumi\u00e8re bleue peut perturber les habitudes de sommeil et contribuer \u00e0 la fatigue oculaire. La r\u00e9duction de l'exposition peut donc am\u00e9liorer le confort et le bien-\u00eatre g\u00e9n\u00e9ral.<\/p>\n<\/li>\n<li data-sourcepos=\"9:1-9:66\">\n<p data-sourcepos=\"9:3-9:66\"><strong>Rev\u00eatement antireflet :<\/strong> Ils sont g\u00e9n\u00e9ralement dot\u00e9s d'un rev\u00eatement antireflet qui minimise les reflets des sources de lumi\u00e8re ambiante, r\u00e9duisant ainsi la fatigue oculaire et am\u00e9liorant la visibilit\u00e9 de l'\u00e9cran, en particulier dans les environnements faiblement \u00e9clair\u00e9s.<\/p>\n<\/li>\n<li data-sourcepos=\"11:1-12:0\">\n<p data-sourcepos=\"11:3-11:176\"><strong>Des cadres confortables :<\/strong> Ils sont g\u00e9n\u00e9ralement con\u00e7us avec des montures l\u00e9g\u00e8res et confortables pour minimiser le poids et la pression sur le visage pendant les longues sessions de jeu.<\/p>\n<\/li>\n<li data-sourcepos=\"13:1-14:0\">\n<p data-sourcepos=\"13:3-13:159\"><strong>Vari\u00e9t\u00e9 de styles :<\/strong> Ils sont propos\u00e9s dans une large gamme de styles pour r\u00e9pondre aux pr\u00e9f\u00e9rences de chacun, des mod\u00e8les \u00e9l\u00e9gants et modernes aux montures plus traditionnelles.<\/p>\n<\/li>\n<\/ul>\n<p data-sourcepos=\"15:1-15:35\"><strong>Applications :<\/strong><\/p>\n<ul data-sourcepos=\"17:1-19:78\">\n<li data-sourcepos=\"17:1-18:0\">\n<p data-sourcepos=\"17:3-17:119\"><strong>Jeux sur PC :<\/strong> Ils sont principalement utilis\u00e9s par les joueurs sur PC qui passent de longues p\u00e9riodes \u00e0 regarder des \u00e9crans d'ordinateur.<\/p>\n<\/li>\n<li data-sourcepos=\"19:1-19:78\">\n<p data-sourcepos=\"19:3-19:78\"><strong>Jeux sur console :<\/strong> Les joueurs qui jouent sur des consoles peuvent \u00e9galement b\u00e9n\u00e9ficier de lunettes de jeu, en particulier s'ils jouent dans des pi\u00e8ces sombres ou pendant de longues heures.<\/p>\n<\/li>\n<li data-sourcepos=\"21:1-22:0\">\n<p data-sourcepos=\"21:3-21:166\"><strong>Jeux comp\u00e9titifs :<\/strong> Les joueurs professionnels et comp\u00e9titifs utilisent souvent des lunettes de jeu pour maintenir une concentration optimale et r\u00e9duire la fatigue oculaire pendant les sessions de jeu intenses.<\/p>\n<\/li>\n<\/ul>","protected":false},"excerpt":{"rendered":"<p>Les Gaming Glass sont des protections en verre tremp\u00e9 con\u00e7ues sp\u00e9cifiquement pour les appareils de jeu. Comme les protections en verre tremp\u00e9 ordinaires, elles visent \u00e0 prot\u00e9ger l'\u00e9cran d\u00e9licat d'un appareil de jeu contre les rayures et les chocs.<\/p>","protected":false},"featured_media":1578,"template":"","meta":[],"product_cat":[15],"product_tag":[],"_links":{"self":[{"href":"https:\/\/touchscreenmfg.com\/fr\/wp-json\/wp\/v2\/product\/1617"}],"collection":[{"href":"https:\/\/touchscreenmfg.com\/fr\/wp-json\/wp\/v2\/product"}],"about":[{"href":"https:\/\/touchscreenmfg.com\/fr\/wp-json\/wp\/v2\/types\/product"}],"wp:featuredmedia":[{"embeddable":true,"href":"https:\/\/touchscreenmfg.com\/fr\/wp-json\/wp\/v2\/media\/1578"}],"wp:attachment":[{"href":"https:\/\/touchscreenmfg.com\/fr\/wp-json\/wp\/v2\/media?parent=1617"}],"wp:term":[{"taxonomy":"product_cat","embeddable":true,"href":"https:\/\/touchscreenmfg.com\/fr\/wp-json\/wp\/v2\/product_cat?post=1617"},{"taxonomy":"product_tag","embeddable":true,"href":"https:\/\/touchscreenmfg.com\/fr\/wp-json\/wp\/v2\/product_tag?post=1617"}],"curies":[{"name":"wp","href":"https:\/\/api.w.org\/{rel}","templated":true}]}}