{"id":1616,"date":"2024-06-29T01:06:11","date_gmt":"2024-06-29T01:06:11","guid":{"rendered":"https:\/\/touchscreenmfg.com\/manufacturer\/3d-cover-glass\/"},"modified":"2024-06-29T03:02:20","modified_gmt":"2024-06-29T03:02:20","slug":"3d-cover-glass","status":"publish","type":"product","link":"https:\/\/touchscreenmfg.com\/fr\/3d-cover-glass\/","title":{"rendered":"Verre de couverture 3D"},"content":{"rendered":"<h2 class=\"\" data-sourcepos=\"1:1-1:67\">Verre de couverture 3D : Fa\u00e7onner l'avenir des \u00e9crans \u00e9l\u00e9gants et durables<\/h2>\n<p data-sourcepos=\"3:1-3:68\">Le verre de couverture 3D, \u00e9galement appel\u00e9 verre de couverture incurv\u00e9, est un type de verre r\u00e9volutionnaire qui transforme la conception et la fonctionnalit\u00e9 des appareils \u00e9lectroniques. Contrairement au verre de couverture plat traditionnel, il pr\u00e9sente une forme incurv\u00e9e qui \u00e9pouse parfaitement les contours des \u00e9crans incurv\u00e9s modernes. Cette conception innovante offre toute une s\u00e9rie d'avantages par rapport au verre plat, ce qui en fait un choix privil\u00e9gi\u00e9 pour les fabricants et les consommateurs.<\/p>\n<p data-sourcepos=\"5:1-5:2\"><strong>Caract\u00e9ristiques principales :<\/strong><\/p>\n<ul data-sourcepos=\"7:1-7:103\">\n<li data-sourcepos=\"7:1-7:103\">\n<p class=\"\" data-sourcepos=\"7:3-7:170\"><strong class=\"\">Design \u00e9pur\u00e9 et \u00e9l\u00e9gant :<\/strong> Il am\u00e9liore l'esth\u00e9tique des appareils en cr\u00e9ant une surface lisse et continue qui s'int\u00e8gre parfaitement \u00e0 l'\u00e9cran incurv\u00e9.<\/p>\n<\/li>\n<li data-sourcepos=\"9:1-10:0\">\n<p data-sourcepos=\"9:3-9:177\"><strong>Durabilit\u00e9 accrue :<\/strong> La forme incurv\u00e9e du verre de couverture 3D offre un meilleur soutien structurel, ce qui le rend plus r\u00e9sistant aux chocs et aux rayures qu'un verre de couverture plat.<\/p>\n<\/li>\n<li data-sourcepos=\"11:1-12:0\">\n<p data-sourcepos=\"11:3-11:160\"><strong>Affichage am\u00e9lior\u00e9 d'un bord \u00e0 l'autre :<\/strong> Il permet des affichages bord \u00e0 bord, maximisant la zone de visualisation et cr\u00e9ant une exp\u00e9rience utilisateur plus immersive.<\/p>\n<\/li>\n<li data-sourcepos=\"13:1-13:105\">\n<p data-sourcepos=\"13:3-13:105\"><strong>Compatibilit\u00e9 avec les \u00e9crans tactiles :<\/strong> Il est enti\u00e8rement compatible avec la technologie des \u00e9crans tactiles, ce qui garantit une interaction tactile transparente.<\/p>\n<\/li>\n<\/ul>\n<p data-sourcepos=\"15:1-15:35\"><strong>Applications :<\/strong><\/p>\n<ul data-sourcepos=\"17:1-24:0\">\n<li data-sourcepos=\"17:1-18:0\">\n<p data-sourcepos=\"17:3-17:135\"><strong>Smartphones :<\/strong> Il est largement utilis\u00e9 dans les smartphones haut de gamme, contribuant \u00e0 leur design \u00e9l\u00e9gant et \u00e0 leur construction durable.<\/p>\n<\/li>\n<li data-sourcepos=\"19:1-20:0\">\n<p data-sourcepos=\"19:3-19:118\"><strong>Tablettes :<\/strong> Les tablettes int\u00e8grent de plus en plus souvent le verre de couverture 3D pour leurs \u00e9crans plus grands et l'am\u00e9lioration de l'exp\u00e9rience utilisateur.<\/p>\n<\/li>\n<li data-sourcepos=\"21:1-22:0\">\n<p data-sourcepos=\"21:3-21:113\"><strong>Ordinateurs portables :<\/strong> Certains ordinateurs portables haut de gamme sont dot\u00e9s d'un \u00e9cran tactile et d'une esth\u00e9tique \u00e9pur\u00e9e en verre Cover 3D.<\/p>\n<\/li>\n<li data-sourcepos=\"23:1-24:0\">\n<p data-sourcepos=\"23:3-23:146\"><strong>Montres intelligentes :<\/strong>Il trouve sa place dans les smartwatches, offrant une couverture plus durable et visuellement attrayante pour leurs \u00e9crans.<\/p>\n<\/li>\n<\/ul>","protected":false},"excerpt":{"rendered":"<p>Le verre de couverture 3D change la donne dans le monde des appareils \u00e9lectroniques, car il offre une combinaison de design \u00e9l\u00e9gant, de durabilit\u00e9 accrue et de capacit\u00e9s d'affichage am\u00e9lior\u00e9es. Au fur et \u00e0 mesure que la technologie progresse, il est appel\u00e9 \u00e0 devenir encore plus courant et \u00e0 fa\u00e7onner l'avenir des smartphones, des tablettes, des ordinateurs portables et d'autres appareils.<\/p>","protected":false},"featured_media":1577,"template":"","meta":[],"product_cat":[15],"product_tag":[],"_links":{"self":[{"href":"https:\/\/touchscreenmfg.com\/fr\/wp-json\/wp\/v2\/product\/1616"}],"collection":[{"href":"https:\/\/touchscreenmfg.com\/fr\/wp-json\/wp\/v2\/product"}],"about":[{"href":"https:\/\/touchscreenmfg.com\/fr\/wp-json\/wp\/v2\/types\/product"}],"wp:featuredmedia":[{"embeddable":true,"href":"https:\/\/touchscreenmfg.com\/fr\/wp-json\/wp\/v2\/media\/1577"}],"wp:attachment":[{"href":"https:\/\/touchscreenmfg.com\/fr\/wp-json\/wp\/v2\/media?parent=1616"}],"wp:term":[{"taxonomy":"product_cat","embeddable":true,"href":"https:\/\/touchscreenmfg.com\/fr\/wp-json\/wp\/v2\/product_cat?post=1616"},{"taxonomy":"product_tag","embeddable":true,"href":"https:\/\/touchscreenmfg.com\/fr\/wp-json\/wp\/v2\/product_tag?post=1616"}],"curies":[{"name":"wp","href":"https:\/\/api.w.org\/{rel}","templated":true}]}}