{"id":1615,"date":"2024-06-29T01:06:11","date_gmt":"2024-06-29T01:06:11","guid":{"rendered":"https:\/\/touchscreenmfg.com\/manufacturer\/chemically-tempered-cover-glass\/"},"modified":"2024-06-29T03:26:40","modified_gmt":"2024-06-29T03:26:40","slug":"chemically-tempered-cover-glass","status":"publish","type":"product","link":"https:\/\/touchscreenmfg.com\/fr\/chemically-tempered-cover-glass\/","title":{"rendered":"Verre de couverture tremp\u00e9 chimiquement"},"content":{"rendered":"<h2 class=\"\" data-sourcepos=\"1:1-1:91\">Verre de protection tremp\u00e9 chimiquement : Am\u00e9liorer la durabilit\u00e9 et la clart\u00e9 des appareils \u00e9lectroniques<\/h2>\n<p data-sourcepos=\"3:1-3:72\">Le verre de couverture tremp\u00e9 chimiquement, \u00e9galement connu sous le nom de verre \u00e0 \u00e9change d'ions, est un type de verre qui a subi un traitement chimique pour am\u00e9liorer sa r\u00e9sistance et sa durabilit\u00e9. Ce processus, qui implique g\u00e9n\u00e9ralement l'\u00e9change d'ions sodium dans le verre contre des ions potassium, cr\u00e9e une couche de contrainte de compression \u00e0 la surface, ce qui rend le verre plus r\u00e9sistant aux rayures, aux impacts et aux chocs thermiques.<\/p>\n<p data-sourcepos=\"5:1-5:49\"><strong>Caract\u00e9ristiques principales :<\/strong><\/p>\n<ul data-sourcepos=\"7:1-9:1\">\n<li data-sourcepos=\"7:1-8:0\">\n<p data-sourcepos=\"7:3-7:166\"><strong>Force accrue :<\/strong> Il est g\u00e9n\u00e9ralement six \u00e0 huit fois plus r\u00e9sistant que le verre ordinaire, ce qui le rend moins susceptible de se briser et de se rayer.<\/p>\n<\/li>\n<li data-sourcepos=\"9:1-9:1\">\n<p data-sourcepos=\"9:3-9:140\"><strong>Clart\u00e9 optique :<\/strong> Le processus d'\u00e9change d'ions n'alt\u00e8re pas les propri\u00e9t\u00e9s optiques du verre, pr\u00e9servant ainsi sa transparence et sa clart\u00e9.<\/p>\n<\/li>\n<li data-sourcepos=\"11:1-12:0\">\n<p data-sourcepos=\"11:3-11:145\"><strong>Polyvalence :<\/strong> Il peut \u00eatre coup\u00e9 et fa\u00e7onn\u00e9 sous diff\u00e9rentes formes, ce qui le rend adapt\u00e9 \u00e0 un large \u00e9ventail d'applications.<\/p>\n<\/li>\n<li data-sourcepos=\"13:1-14:0\">\n<p data-sourcepos=\"13:3-13:163\"><strong>Minceur :<\/strong> Il peut \u00eatre produit en sections plus fines que le verre tremp\u00e9 thermiquement, ce qui permet de fabriquer des appareils plus l\u00e9gers et plus \u00e9l\u00e9gants.<\/p>\n<\/li>\n<\/ul>\n<p data-sourcepos=\"15:1-15:52\"><strong>Applications :<\/strong><\/p>\n<ul data-sourcepos=\"17:1-19:1\">\n<li data-sourcepos=\"17:1-18:0\">\n<p data-sourcepos=\"17:3-17:184\"><strong>Smartphones et tablettes :<\/strong>Il est largement utilis\u00e9 dans les smartphones et les tablettes pour prot\u00e9ger les \u00e9crans d\u00e9licats des rayures, des impacts et des chutes accidentelles.<\/p>\n<\/li>\n<li data-sourcepos=\"19:1-19:1\">\n<p data-sourcepos=\"19:3-19:159\"><strong>Ordinateurs portables et appareils portatifs :<\/strong> Les ordinateurs portables, les tablettes et les autres appareils portables utilisent souvent du verre de couverture tremp\u00e9 chimiquement pour leurs affichages et leurs \u00e9crans tactiles.<\/p>\n<\/li>\n<li data-sourcepos=\"21:1-22:0\">\n<p data-sourcepos=\"21:3-21:151\"><strong>\u00c9crans pour automobiles :<\/strong> Il est de plus en plus utilis\u00e9 dans les \u00e9crans automobiles en raison de sa durabilit\u00e9 et de sa clart\u00e9 optique.<\/p>\n<\/li>\n<li data-sourcepos=\"23:1-24:0\">\n<p data-sourcepos=\"23:3-23:160\"><strong>Montres intelligentes et produits \u00e0 porter sur soi :<\/strong> Les montres intelligentes et autres appareils portables b\u00e9n\u00e9ficient de la r\u00e9sistance aux rayures et de la solidit\u00e9 du verre de couverture tremp\u00e9 chimiquement.<\/p>\n<\/li>\n<\/ul>\n<p data-sourcepos=\"25:1-25:27\"><strong>Coupe du verre tremp\u00e9 :<\/strong><\/p>\n<p data-sourcepos=\"27:1-27:276\">La d\u00e9coupe du verre de couverture tremp\u00e9 chimiquement n\u00e9cessite des techniques et un \u00e9quipement sp\u00e9cialis\u00e9s en raison de sa r\u00e9sistance accrue et de son risque d'\u00e9clatement en cas de mauvaise manipulation. Il est recommand\u00e9 de faire appel \u00e0 des services professionnels de d\u00e9coupe du verre pour une d\u00e9coupe pr\u00e9cise et s\u00fbre du verre de couverture tremp\u00e9 chimiquement.<\/p>","protected":false},"excerpt":{"rendered":"<p>Le verre de couverture tremp\u00e9 chimiquement est devenu un choix privil\u00e9gi\u00e9 pour prot\u00e9ger et am\u00e9liorer les \u00e9crans de divers appareils \u00e9lectroniques. La combinaison de sa r\u00e9sistance, de sa clart\u00e9 optique et de sa polyvalence en fait un \u00e9l\u00e9ment essentiel de la technologie moderne.<\/p>","protected":false},"featured_media":1576,"template":"","meta":[],"product_cat":[15],"product_tag":[],"_links":{"self":[{"href":"https:\/\/touchscreenmfg.com\/fr\/wp-json\/wp\/v2\/product\/1615"}],"collection":[{"href":"https:\/\/touchscreenmfg.com\/fr\/wp-json\/wp\/v2\/product"}],"about":[{"href":"https:\/\/touchscreenmfg.com\/fr\/wp-json\/wp\/v2\/types\/product"}],"wp:featuredmedia":[{"embeddable":true,"href":"https:\/\/touchscreenmfg.com\/fr\/wp-json\/wp\/v2\/media\/1576"}],"wp:attachment":[{"href":"https:\/\/touchscreenmfg.com\/fr\/wp-json\/wp\/v2\/media?parent=1615"}],"wp:term":[{"taxonomy":"product_cat","embeddable":true,"href":"https:\/\/touchscreenmfg.com\/fr\/wp-json\/wp\/v2\/product_cat?post=1615"},{"taxonomy":"product_tag","embeddable":true,"href":"https:\/\/touchscreenmfg.com\/fr\/wp-json\/wp\/v2\/product_tag?post=1615"}],"curies":[{"name":"wp","href":"https:\/\/api.w.org\/{rel}","templated":true}]}}