{"id":2179,"date":"2024-09-20T08:13:40","date_gmt":"2024-09-20T08:13:40","guid":{"rendered":"https:\/\/touchscreenmfg.com\/?post_type=product&#038;p=2179"},"modified":"2024-09-20T08:13:56","modified_gmt":"2024-09-20T08:13:56","slug":"pc-touch-screen","status":"publish","type":"product","link":"https:\/\/touchscreenmfg.com\/fi\/pc-touch-screen\/","title":{"rendered":"PC:n kosketusn\u00e4ytt\u00f6"},"content":{"rendered":"<h2>PC:n kosketusn\u00e4yt\u00f6t: Kest\u00e4v\u00e4 ja monipuolinen valinta<\/h2>\n<h3 data-sourcepos=\"5:1-5:39\">T\u00e4rkeimm\u00e4t edut:<\/h3>\n<ul>\n<li><span class=\"citation-0 recitation\">Korkea iskunkest\u00e4vyys:<\/span><span class=\"citation-0 recitation citation-end-0\"> PC on eritt\u00e4in iskunkest\u00e4v\u00e4 materiaali, joten se soveltuu laitteisiin, jotka voivat saada fyysisi\u00e4 iskuja tai pudota.<\/span><\/li>\n<li>L\u00e4mp\u00f6tilan kest\u00e4vyys: PC kest\u00e4\u00e4 monenlaisia l\u00e4mp\u00f6tiloja, joten se soveltuu ulko- ja teollisuussovelluksiin.<\/li>\n<li><span class=\"citation-1 recitation\">Kemiallinen kest\u00e4vyys:<\/span><span class=\"citation-1 recitation citation-end-1\"> PC kest\u00e4\u00e4 monia kemikaaleja ja liuottimia, mik\u00e4 tekee siit\u00e4 kest\u00e4v\u00e4n kovissa ymp\u00e4rist\u00f6iss\u00e4.<\/span><\/li>\n<li><span class=\"citation-2 recitation\">Optinen selkeys:<\/span><span class=\"citation-2 recitation citation-end-2\"> PC tarjoaa hyv\u00e4n optisen kirkkauden, joka takaa selke\u00e4n ja herk\u00e4n kosketuskokemuksen.<\/span><\/li>\n<\/ul>\n<h3 data-sourcepos=\"12:1-12:37\">Sovellukset:<\/h3>\n<ul>\n<li><span class=\"citation-3 recitation\">Teollisuusautomaatio:<\/span><span class=\"citation-3 recitation citation-end-3\"> PC-kosketusn\u00e4ytt\u00f6j\u00e4 k\u00e4ytet\u00e4\u00e4n laajalti teollisuuden ohjauspaneeleissa ja koneissa, koska ne ovat kest\u00e4vi\u00e4 ja kest\u00e4v\u00e4t kovia olosuhteita.<\/span><\/li>\n<li>Ulkona olevat kioskit: PC-kosketusn\u00e4yt\u00f6t soveltuvat ulkokioskeihin ja infop\u00e4\u00e4tteisiin, koska ne kest\u00e4v\u00e4t altistumista s\u00e4\u00e4olosuhteille.<\/li>\n<li>Autoteollisuus: PC:t\u00e4 k\u00e4ytet\u00e4\u00e4n autojen infotainment-j\u00e4rjestelmiss\u00e4 ja navigointin\u00e4yt\u00f6iss\u00e4, joissa kest\u00e4vyys ja l\u00e4mp\u00f6tilankest\u00e4vyys ovat olennaisia.<\/li>\n<li><span class=\"citation-4 recitation\">L\u00e4\u00e4kinn\u00e4lliset laitteet:<\/span><span class=\"citation-4 recitation citation-end-4\"> Tietokoneiden kosketusn\u00e4ytt\u00f6j\u00e4 k\u00e4ytet\u00e4\u00e4n l\u00e4\u00e4ketieteellisiss\u00e4 laitteissa, kuten diagnostiikkalaitteissa ja potilaan seurantaj\u00e4rjestelmiss\u00e4.<\/span><\/li>\n<\/ul>\n<h3 data-sourcepos=\"19:1-19:44\">PMMA- ja PC-kosketusn\u00e4ytt\u00f6jen vertailu:<\/h3>\n<div class=\"horizontal-scroll-wrapper\">\n<div class=\"table-block-component\">\n<div class=\"table-block\">\n<div class=\"table-content not-end-of-paragraph\">\n<table style=\"height: 170px;\" width=\"612\" data-sourcepos=\"21:1-27:25\">\n<tbody>\n<tr data-sourcepos=\"21:1-21:23\">\n<th data-sourcepos=\"21:1-21:9\">Ominaisuus<\/th>\n<th data-sourcepos=\"21:11-21:16\">PMMA<\/th>\n<th data-sourcepos=\"21:18-21:21\">PC<\/th>\n<\/tr>\n<tr data-sourcepos=\"23:1-23:40\">\n<td data-sourcepos=\"23:1-23:19\">Iskunkest\u00e4vyys<\/td>\n<td data-sourcepos=\"23:21-23:26\">Hyv\u00e4<\/td>\n<td data-sourcepos=\"23:28-23:38\">Erinomainen<\/td>\n<\/tr>\n<tr data-sourcepos=\"24:1-24:45\">\n<td data-sourcepos=\"24:1-24:24\">L\u00e4mp\u00f6tilan kest\u00e4vyys<\/td>\n<td data-sourcepos=\"24:26-24:31\">Hyv\u00e4<\/td>\n<td data-sourcepos=\"24:33-24:43\">Erinomainen<\/td>\n<\/tr>\n<tr data-sourcepos=\"25:1-25:42\">\n<td data-sourcepos=\"25:1-25:21\">Kemiallinen kest\u00e4vyys<\/td>\n<td data-sourcepos=\"25:23-25:28\">Hyv\u00e4<\/td>\n<td data-sourcepos=\"25:30-25:40\">Erinomainen<\/td>\n<\/tr>\n<tr data-sourcepos=\"26:1-26:38\">\n<td data-sourcepos=\"26:1-26:17\">Optinen selkeys<\/td>\n<td data-sourcepos=\"26:19-26:29\">Erinomainen<\/td>\n<td data-sourcepos=\"26:31-26:36\">Hyv\u00e4<\/td>\n<\/tr>\n<tr data-sourcepos=\"27:1-27:25\">\n<td data-sourcepos=\"27:1-27:6\">Kustannukset<\/td>\n<td data-sourcepos=\"27:8-27:14\">Alempi<\/td>\n<td data-sourcepos=\"27:16-27:23\">Korkeampi<\/td>\n<\/tr>\n<\/tbody>\n<\/table>\n<\/div>\n<\/div>\n<\/div>\n<\/div>","protected":false},"excerpt":{"rendered":"<p>PC-kosketusn\u00e4yt\u00f6t (polykarbonaatti) ovat toinen suosittu vaihtoehto elektronisissa laitteissa, sill\u00e4 ne ovat eritt\u00e4in kest\u00e4vi\u00e4 ja kest\u00e4v\u00e4t iskuja. Niit\u00e4 k\u00e4ytet\u00e4\u00e4n usein sovelluksissa, joissa kest\u00e4vyys ja lujuus ovat v\u00e4ltt\u00e4m\u00e4tt\u00f6mi\u00e4.<\/p>\n<p>Yhteenvetona voidaan todeta, ett\u00e4 sek\u00e4 PMMA- ett\u00e4 PC-kosketusn\u00e4yt\u00f6t ovat suorituskyvylt\u00e4\u00e4n ja kest\u00e4vyydelt\u00e4\u00e4n erinomaisia. Valinta n\u00e4iden kahden materiaalin v\u00e4lill\u00e4 riippuu sovelluksen erityisvaatimuksista. PMMA on yleens\u00e4 kustannustehokkaampi ja tarjoaa erinomaisen optisen kirkkauden, kun taas PC on tunnettu poikkeuksellisesta iskunkest\u00e4vyydest\u00e4\u00e4n ja l\u00e4mm\u00f6nkest\u00e4vyydest\u00e4\u00e4n.<\/p>","protected":false},"featured_media":2180,"template":"","meta":[],"product_cat":[43],"product_tag":[],"_links":{"self":[{"href":"https:\/\/touchscreenmfg.com\/fi\/wp-json\/wp\/v2\/product\/2179"}],"collection":[{"href":"https:\/\/touchscreenmfg.com\/fi\/wp-json\/wp\/v2\/product"}],"about":[{"href":"https:\/\/touchscreenmfg.com\/fi\/wp-json\/wp\/v2\/types\/product"}],"wp:featuredmedia":[{"embeddable":true,"href":"https:\/\/touchscreenmfg.com\/fi\/wp-json\/wp\/v2\/media\/2180"}],"wp:attachment":[{"href":"https:\/\/touchscreenmfg.com\/fi\/wp-json\/wp\/v2\/media?parent=2179"}],"wp:term":[{"taxonomy":"product_cat","embeddable":true,"href":"https:\/\/touchscreenmfg.com\/fi\/wp-json\/wp\/v2\/product_cat?post=2179"},{"taxonomy":"product_tag","embeddable":true,"href":"https:\/\/touchscreenmfg.com\/fi\/wp-json\/wp\/v2\/product_tag?post=2179"}],"curies":[{"name":"wp","href":"https:\/\/api.w.org\/{rel}","templated":true}]}}