{"id":2177,"date":"2024-09-20T08:00:55","date_gmt":"2024-09-20T08:00:55","guid":{"rendered":"https:\/\/touchscreenmfg.com\/?post_type=product&#038;p=2177"},"modified":"2025-03-15T09:13:16","modified_gmt":"2025-03-15T09:13:16","slug":"pmma-touch-screen","status":"publish","type":"product","link":"https:\/\/touchscreenmfg.com\/fi\/pmma-touch-screen\/","title":{"rendered":"PMMA kosketusn\u00e4ytt\u00f6"},"content":{"rendered":"<h2>PMMA-kosketusn\u00e4yt\u00f6t: Selke\u00e4 ja reagoiva valinta<\/h2>\n<h3 data-sourcepos=\"5:1-5:38\">T\u00e4rkeimm\u00e4t edut:<\/h3>\n<ul data-sourcepos=\"7:1-8:61\">\n<li data-sourcepos=\"7:1-7:108\">Korkea l\u00e4pin\u00e4kyvyys: <a href=\"https:\/\/nylon-granules.com\/acrylic-sheet\/\" target=\"_blank\" rel=\"noopener\">PMMA<\/a> tarjoaa erinomaisen kirkkauden ja n\u00e4kyvyyden, mik\u00e4 takaa selke\u00e4n ja ter\u00e4v\u00e4n n\u00e4yt\u00f6n.<\/li>\n<li data-sourcepos=\"8:1-8:61\">Kevyt: PMMA on suhteellisen kevyt materiaali, joten se sopii kannettaviin laitteisiin.<\/li>\n<li data-sourcepos=\"9:1-9:97\">Naarmuuntumattomuus: PMMA tarjoaa hyv\u00e4n naarmunkest\u00e4vyyden, joka suojaa n\u00e4ytt\u00f6\u00e4 vaurioilta.<\/li>\n<li data-sourcepos=\"10:1-10:29\">Kemiallinen kest\u00e4vyys: PMMA kest\u00e4\u00e4 monia kemikaaleja, joten se soveltuu k\u00e4ytett\u00e4v\u00e4ksi vaativissa ymp\u00e4rist\u00f6iss\u00e4.<\/li>\n<li data-sourcepos=\"11:1-12:0\">Kustannustehokas: PMMA on yleens\u00e4 kustannustehokkaampi kuin muut materiaalit, kuten lasi.<\/li>\n<\/ul>\n<h3 data-sourcepos=\"13:1-13:39\">Sovellukset:<\/h3>\n<ul data-sourcepos=\"15:1-17:89\">\n<li data-sourcepos=\"15:1-15:170\">\u00c4lypuhelimet ja tabletit: PMMA:ta k\u00e4ytet\u00e4\u00e4n yleisesti \u00e4lypuhelinten ja tablettien kosketusn\u00e4yt\u00f6iss\u00e4, koska se on selke\u00e4, kest\u00e4v\u00e4 ja kustannustehokas.<\/li>\n<li data-sourcepos=\"16:1-16:150\">POS-j\u00e4rjestelm\u00e4t: PMMA-kosketusn\u00e4ytt\u00f6j\u00e4 k\u00e4ytet\u00e4\u00e4n laajalti v\u00e4hitt\u00e4iskaupassa ja majoitus- ja ravitsemisalalla asiakaskohtaamisissa ja -tapahtumissa.<\/li>\n<li data-sourcepos=\"17:1-17:89\">Teollisuusautomaatio: PMMA-kosketusn\u00e4ytt\u00f6j\u00e4 k\u00e4ytet\u00e4\u00e4n teollisuuden ohjauspaneeleissa ja koneissa k\u00e4ytt\u00e4j\u00e4n sy\u00f6tt\u00f6\u00f6n.<\/li>\n<li data-sourcepos=\"18:1-19:0\">L\u00e4\u00e4kinn\u00e4lliset laitteet: PMMA-kosketusn\u00e4ytt\u00f6j\u00e4 on l\u00e4\u00e4ketieteellisiss\u00e4 laitteissa, kuten diagnostiikkalaitteissa ja potilaan seurantaj\u00e4rjestelmiss\u00e4.<\/li>\n<\/ul>\n<h3 data-sourcepos=\"20:1-20:68\">Vaikka PMMA:lla on monia etuja, sill\u00e4 on my\u00f6s joitakin rajoituksia:<\/h3>\n<ul data-sourcepos=\"22:1-24:0\">\n<li data-sourcepos=\"22:1-22:86\">Kovuus: PMMA ei ole yht\u00e4 kovaa kuin lasi, joten se on alttiimpi naarmuille.<\/li>\n<li data-sourcepos=\"23:1-24:0\">L\u00e4mp\u00f6tilaherkkyys: PMMA:han voivat vaikuttaa \u00e4\u00e4rimm\u00e4iset l\u00e4mp\u00f6tilat, mik\u00e4 voi vaikuttaa sen suorituskykyyn.<\/li>\n<\/ul>","protected":false},"excerpt":{"rendered":"<p data-sourcepos=\"3:1-3:93\">PMMA eli polymetyylimetakrylaatti on suosittu kosketusn\u00e4ytt\u00f6jen materiaali sen erinomaisten optisten ominaisuuksien ja kest\u00e4vyyden vuoksi. PMMA-kosketusn\u00e4yt\u00f6t tarjoavat selke\u00e4n, reagoivan ja kustannustehokkaan ratkaisun erilaisiin elektronisiin laitteisiin.<\/p>\n<p data-sourcepos=\"3:1-3:93\">Kaiken kaikkiaan PMMA-kosketusn\u00e4yt\u00f6t ovat luotettava ja kustannustehokas ratkaisu monenlaisiin sovelluksiin. Selkeyden, kest\u00e4vyyden ja edullisuuden yhdistelm\u00e4 tekee niist\u00e4 suositun valinnan elektroniikkateollisuudessa.<\/p>","protected":false},"featured_media":2178,"template":"","meta":[],"product_cat":[43],"product_tag":[],"_links":{"self":[{"href":"https:\/\/touchscreenmfg.com\/fi\/wp-json\/wp\/v2\/product\/2177"}],"collection":[{"href":"https:\/\/touchscreenmfg.com\/fi\/wp-json\/wp\/v2\/product"}],"about":[{"href":"https:\/\/touchscreenmfg.com\/fi\/wp-json\/wp\/v2\/types\/product"}],"wp:featuredmedia":[{"embeddable":true,"href":"https:\/\/touchscreenmfg.com\/fi\/wp-json\/wp\/v2\/media\/2178"}],"wp:attachment":[{"href":"https:\/\/touchscreenmfg.com\/fi\/wp-json\/wp\/v2\/media?parent=2177"}],"wp:term":[{"taxonomy":"product_cat","embeddable":true,"href":"https:\/\/touchscreenmfg.com\/fi\/wp-json\/wp\/v2\/product_cat?post=2177"},{"taxonomy":"product_tag","embeddable":true,"href":"https:\/\/touchscreenmfg.com\/fi\/wp-json\/wp\/v2\/product_tag?post=2177"}],"curies":[{"name":"wp","href":"https:\/\/api.w.org\/{rel}","templated":true}]}}