{"id":1877,"date":"2024-08-07T02:50:04","date_gmt":"2024-08-07T02:50:04","guid":{"rendered":"https:\/\/touchscreenmfg.com\/?post_type=product&#038;p=1877"},"modified":"2024-08-07T03:01:34","modified_gmt":"2024-08-07T03:01:34","slug":"controller-touch-switch","status":"publish","type":"product","link":"https:\/\/touchscreenmfg.com\/fi\/controller-touch-switch\/","title":{"rendered":"Ohjaimen kosketuskytkin"},"content":{"rendered":"<h3 class=\"\" data-sourcepos=\"11:1-11:45\">Sovellukset<\/h3>\n<p data-sourcepos=\"13:1-13:71\">Controller-koskettimia k\u00e4ytet\u00e4\u00e4n useilla eri teollisuudenaloilla:<\/p>\n<ul data-sourcepos=\"15:1-20:0\">\n<li data-sourcepos=\"15:1-15:84\"><strong>Viihde-elektroniikka:<\/strong> \u00c4lypuhelimet, tabletit, \u00e4lykellot ja pelikonsolit.<\/li>\n<li data-sourcepos=\"16:1-16:88\"><strong>Autoteollisuus:<\/strong> Infotainment-j\u00e4rjestelm\u00e4t, ilmastointipaneelit ja mittaristot.<\/li>\n<li data-sourcepos=\"17:1-17:85\"><strong>Teollisuusautomaatio:<\/strong> Koneiden ohjauspaneelit, ihmisen ja koneen v\u00e4liset k\u00e4ytt\u00f6liittym\u00e4t (HMI).<\/li>\n<li data-sourcepos=\"18:1-18:72\"><strong>Kodinkoneet:<\/strong> \u00c4lykk\u00e4\u00e4t uunit, j\u00e4\u00e4kaapit ja pesukoneet.<\/li>\n<li data-sourcepos=\"19:1-20:0\"><strong>L\u00e4\u00e4kinn\u00e4lliset laitteet:<\/strong> Diagnostiset laitteet, potilaan seurantaj\u00e4rjestelm\u00e4t.<\/li>\n<\/ul>\n<h3 class=\"\" data-sourcepos=\"21:1-21:41\">Edut<\/h3>\n<ul data-sourcepos=\"23:1-28:0\">\n<li data-sourcepos=\"23:1-23:81\"><strong>Intuitiivinen k\u00e4ytt\u00f6liittym\u00e4:<\/strong> Tarjoaa luonnollisen ja k\u00e4ytt\u00e4j\u00e4yst\u00e4v\u00e4llisen vuorovaikutuksen.<\/li>\n<li data-sourcepos=\"24:1-24:71\"><strong>Tyylik\u00e4s muotoilu:<\/strong> Edist\u00e4\u00e4 nykyaikaista ja esteettist\u00e4 tuotesuunnittelua.<\/li>\n<li data-sourcepos=\"25:1-25:65\"><strong>Kest\u00e4vyys:<\/strong> Kest\u00e4\u00e4 kulutusta, mik\u00e4 takaa pitk\u00e4ik\u00e4isyyden.<\/li>\n<li data-sourcepos=\"26:1-26:83\"><strong>Mukauttaminen:<\/strong> Voidaan r\u00e4\u00e4t\u00e4l\u00f6id\u00e4 tiettyihin sovelluksiin ja k\u00e4ytt\u00e4j\u00e4n mieltymyksiin.<\/li>\n<li data-sourcepos=\"27:1-28:0\"><strong>Hygienia:<\/strong> Helpompi puhdistaa verrattuna fyysisiin painikkeisiin.<\/li>\n<\/ul>","protected":false},"excerpt":{"rendered":"<p>Ohjaimen kosketuskytkin on k\u00e4ytt\u00f6liittym\u00e4, joka reagoi kosketussy\u00f6tteeseen ja mahdollistaa erilaisten laitteiden ja j\u00e4rjestelmien hallinnan. T\u00e4m\u00e4 tekniikka on mullistanut vuorovaikutuksen elektroniikan kanssa ja tarjoaa saumattoman ja intuitiivisen kokemuksen.<\/p>","protected":false},"featured_media":1878,"template":"","meta":[],"product_cat":[42],"product_tag":[],"_links":{"self":[{"href":"https:\/\/touchscreenmfg.com\/fi\/wp-json\/wp\/v2\/product\/1877"}],"collection":[{"href":"https:\/\/touchscreenmfg.com\/fi\/wp-json\/wp\/v2\/product"}],"about":[{"href":"https:\/\/touchscreenmfg.com\/fi\/wp-json\/wp\/v2\/types\/product"}],"wp:featuredmedia":[{"embeddable":true,"href":"https:\/\/touchscreenmfg.com\/fi\/wp-json\/wp\/v2\/media\/1878"}],"wp:attachment":[{"href":"https:\/\/touchscreenmfg.com\/fi\/wp-json\/wp\/v2\/media?parent=1877"}],"wp:term":[{"taxonomy":"product_cat","embeddable":true,"href":"https:\/\/touchscreenmfg.com\/fi\/wp-json\/wp\/v2\/product_cat?post=1877"},{"taxonomy":"product_tag","embeddable":true,"href":"https:\/\/touchscreenmfg.com\/fi\/wp-json\/wp\/v2\/product_tag?post=1877"}],"curies":[{"name":"wp","href":"https:\/\/api.w.org\/{rel}","templated":true}]}}