{"id":1871,"date":"2024-08-07T02:46:18","date_gmt":"2024-08-07T02:46:18","guid":{"rendered":"https:\/\/touchscreenmfg.com\/?post_type=product&#038;p=1871"},"modified":"2024-08-07T02:58:47","modified_gmt":"2024-08-07T02:58:47","slug":"car-light-touch-switch","status":"publish","type":"product","link":"https:\/\/touchscreenmfg.com\/fi\/car-light-touch-switch\/","title":{"rendered":"Auton valon kosketuskytkin"},"content":{"rendered":"<h3><strong><b>Auton valojen kosketuskytkimien edut<\/b><\/strong><\/h3>\n<ul>\n<li><strong>Parannettu estetiikka:<\/strong>\u00a0Tyylik\u00e4s ja minimalistinen muotoilu tekee auton sis\u00e4tiloista nykyaikaiset.<\/li>\n<li><strong>Parempi k\u00e4ytett\u00e4vyys:<\/strong>\u00a0Intuitiivinen kosketusliittym\u00e4 v\u00e4hent\u00e4\u00e4 kuljettajan h\u00e4iri\u00f6tekij\u00f6it\u00e4.<\/li>\n<li><strong>Kest\u00e4vyys:<\/strong>\u00a0Kest\u00e4\u00e4 kulutusta, mik\u00e4 takaa pitk\u00e4aikaisen suorituskyvyn.<\/li>\n<li><strong>Mukauttaminen:<\/strong>\u00a0Voidaan ohjelmoida erilaisia valaistustoimintoja ja -tiloja.<\/li>\n<li><strong>Hygienia:<\/strong>\u00a0Helpompi puhdistaa verrattuna fyysisiin painikkeisiin.<\/li>\n<\/ul>\n<h3><strong><b>Auton valojen kosketusvalokatkaisimien tyypit<\/b><\/strong><\/h3>\n<ul>\n<li><strong>Kapasitiiviset kosketuskytkimet:<\/strong>\u00a0Vastaa ihmiskehon aiheuttamiin kapasitanssimuutoksiin.<\/li>\n<li><strong>Resistiiviset kosketuskytkimet:<\/strong>\u00a0Tunnistaa s\u00e4hk\u00f6vastuksen muutokset painettaessa.<\/li>\n<li><strong>Projisoidut kapasitiiviset kosketuskytkimet:<\/strong>\u00a0Tarjoaa suuremman herkkyyden ja tarkkuuden.<\/li>\n<\/ul>\n<h3><strong><b>Sovellukset ajoneuvoissa<\/b><\/strong><\/h3>\n<p>Auton valojen kosketuskytkimi\u00e4 k\u00e4ytet\u00e4\u00e4n yleisesti:<\/p>\n<ul>\n<li><strong>Ajovalojen hallintalaitteet:<\/strong>\u00a0Kirkkauden, valokuvioiden ja automaattisten p\u00e4\u00e4lle\/pois-toimintojen s\u00e4\u00e4t\u00e4minen.<\/li>\n<li><strong>Sis\u00e4valaistus:<\/strong>\u00a0Ymp\u00e4rist\u00f6n valaistuksen, lukuvalojen ja tunnelmavalaistuksen ohjaaminen.<\/li>\n<li><strong>Kojelaudan hallintalaitteet:<\/strong>\u00a0Ilmastoinnin, \u00e4\u00e4nentoistoj\u00e4rjestelmien ja muiden ajoneuvon ominaisuuksien k\u00e4ytt\u00e4minen.<\/li>\n<\/ul>","protected":false},"excerpt":{"rendered":"<h3 data-sourcepos=\"5:1-5:37\">Miten auton valojen kosketuskytkimet toimivat<\/h3>\n<p data-sourcepos=\"7:1-7:243\"><span class=\"citation-1 recitation citation-end-1\">Autojen kevyet kosketuskytkimet k\u00e4ytt\u00e4v\u00e4t yleens\u00e4 kapasitiivista tai resistiivist\u00e4 tekniikkaa sormen kosketuksen havaitsemiseksi.<\/span> Kun sormi koskettaa kytkimen pintaa, kapasitanssi tai resistanssi muuttuu, jolloin haluttu toiminto k\u00e4ynnistyy.<\/p>","protected":false},"featured_media":1872,"template":"","meta":[],"product_cat":[42],"product_tag":[],"_links":{"self":[{"href":"https:\/\/touchscreenmfg.com\/fi\/wp-json\/wp\/v2\/product\/1871"}],"collection":[{"href":"https:\/\/touchscreenmfg.com\/fi\/wp-json\/wp\/v2\/product"}],"about":[{"href":"https:\/\/touchscreenmfg.com\/fi\/wp-json\/wp\/v2\/types\/product"}],"wp:featuredmedia":[{"embeddable":true,"href":"https:\/\/touchscreenmfg.com\/fi\/wp-json\/wp\/v2\/media\/1872"}],"wp:attachment":[{"href":"https:\/\/touchscreenmfg.com\/fi\/wp-json\/wp\/v2\/media?parent=1871"}],"wp:term":[{"taxonomy":"product_cat","embeddable":true,"href":"https:\/\/touchscreenmfg.com\/fi\/wp-json\/wp\/v2\/product_cat?post=1871"},{"taxonomy":"product_tag","embeddable":true,"href":"https:\/\/touchscreenmfg.com\/fi\/wp-json\/wp\/v2\/product_tag?post=1871"}],"curies":[{"name":"wp","href":"https:\/\/api.w.org\/{rel}","templated":true}]}}