{"id":1862,"date":"2024-08-07T02:42:39","date_gmt":"2024-08-07T02:42:39","guid":{"rendered":"https:\/\/touchscreenmfg.com\/?post_type=product&#038;p=1862"},"modified":"2024-08-07T02:54:53","modified_gmt":"2024-08-07T02:54:53","slug":"car-center-console-touch-film","status":"publish","type":"product","link":"https:\/\/touchscreenmfg.com\/fi\/car-center-console-touch-film\/","title":{"rendered":"Auton keskikonsolin kosketuskalvo"},"content":{"rendered":"<h3><strong>Kosketuskalvosovellukset<\/strong><\/h3>\n<p id=\"tw-target-text\" class=\"tw-data-text tw-text-large tw-ta\" dir=\"ltr\" data-placeholder=\"Translation\" aria-label=\"K\u00e4\u00e4nnetty teksti\" data-ved=\"2ahUKEwie_Z3B7OGHAxW_bfUHHYxgEGkQ3ewLegQIERAU\"><span class=\"Y2IQFc\" lang=\"en\">Itsekapasitanssi m\u00e4\u00e4ritt\u00e4\u00e4, koskeeko sormi elektrodia, havaitsemalla s\u00e4hk\u00f6staattisen kapasitanssin muutokset. Kapasitanssi skannataan ja havaitaan tietyn syklin mukaisesti. Mitatun arvon muutoksen perusteella voidaan arvioida, koskeeko sormi elektrodia. MCU:n syklit ovat tietyn syklin mukaiset. Elektrodin kapasitanssi skannataan ja havaitaan. Kun sormi on kaukana elektrodista, kapasitanssiarvo pysyy vakaana laskenta-arvona. Kun sormi l\u00e4hestyy tai koskettaa kapasitanssiarvoa, kapasitanssiarvo kasvaa ja laskenta-arvo kasvaa. Kun sormi siirtyy poisp\u00e4in elektrodista, kapasitanssiarvo pienenee laskenta-arvon verran. Laskenta-arvoa, joka laskee ja pysyy vakaana, kun sormi on kaukana elektrodista, kutsutaan perusarvoksi. T\u00e4m\u00e4n perusarvon p\u00e4\u00e4lle asetetaan kynnysarvo, jota kutsutaan kriittiseksi arvoksi. Kun laskenta-arvo on suurempi kuin t\u00e4m\u00e4 kriittinen arvo, arviointikytkin on p\u00e4\u00e4ll\u00e4. Kun laskenta-arvo on kriittisen arvon alapuolella, kytkimen arvioidaan olevan pois p\u00e4\u00e4lt\u00e4.<\/span><\/p>","protected":false},"excerpt":{"rendered":"<h3 id=\"tw-target-text\" class=\"tw-data-text tw-text-large tw-ta\" dir=\"ltr\" data-placeholder=\"Translation\" aria-label=\"K\u00e4\u00e4nnetty teksti\" data-ved=\"2ahUKEwie_Z3B7OGHAxW_bfUHHYxgEGkQ3ewLegQIERAU\"><strong><span class=\"Y2IQFc\" lang=\"en\">Kosketuskalvon toteutusperiaate<\/span><\/strong><\/h3>\n<p>Varauksen liikkumisnopeus on vakio, joten mit\u00e4 suurempi kapasitanssi, sit\u00e4 pidempi lataus- ja purkausaika ja sit\u00e4 suurempi virran m\u00e4\u00e4r\u00e4. Siksi voimme k\u00e4ytt\u00e4\u00e4 lataus- ja purkautumisajan pituutta ja lataus- ja purkautumisvirran m\u00e4\u00e4r\u00e4\u00e4 kondensaattorin koon arvioimiseen. ,Niin kauan kuin on olemassa tila, jonka voimme saavuttaa ja ker\u00e4t\u00e4 vakaan tilamuutoksen, voimme k\u00e4ytt\u00e4\u00e4 t\u00e4t\u00e4 muutosta kytkent\u00e4signaalin toteuttamiseen.<\/p>","protected":false},"featured_media":1863,"template":"","meta":[],"product_cat":[42],"product_tag":[],"_links":{"self":[{"href":"https:\/\/touchscreenmfg.com\/fi\/wp-json\/wp\/v2\/product\/1862"}],"collection":[{"href":"https:\/\/touchscreenmfg.com\/fi\/wp-json\/wp\/v2\/product"}],"about":[{"href":"https:\/\/touchscreenmfg.com\/fi\/wp-json\/wp\/v2\/types\/product"}],"wp:featuredmedia":[{"embeddable":true,"href":"https:\/\/touchscreenmfg.com\/fi\/wp-json\/wp\/v2\/media\/1863"}],"wp:attachment":[{"href":"https:\/\/touchscreenmfg.com\/fi\/wp-json\/wp\/v2\/media?parent=1862"}],"wp:term":[{"taxonomy":"product_cat","embeddable":true,"href":"https:\/\/touchscreenmfg.com\/fi\/wp-json\/wp\/v2\/product_cat?post=1862"},{"taxonomy":"product_tag","embeddable":true,"href":"https:\/\/touchscreenmfg.com\/fi\/wp-json\/wp\/v2\/product_tag?post=1862"}],"curies":[{"name":"wp","href":"https:\/\/api.w.org\/{rel}","templated":true}]}}