{"id":1627,"date":"2024-06-29T01:18:12","date_gmt":"2024-06-29T01:18:12","guid":{"rendered":"https:\/\/touchscreenmfg.com\/?post_type=product&#038;p=1627"},"modified":"2024-06-29T01:50:18","modified_gmt":"2024-06-29T01:50:18","slug":"planar-resistive-touch-screen","status":"publish","type":"product","link":"https:\/\/touchscreenmfg.com\/fi\/planar-resistive-touch-screen\/","title":{"rendered":"Planaarinen resistiivinen kosketusn\u00e4ytt\u00f6"},"content":{"rendered":"<p data-sourcepos=\"3:1-3:111\">Planaariset resistiiviset kosketusn\u00e4yt\u00f6t ovat todistettu ja kustannustehokas ratkaisu kosketusk\u00e4ytt\u00f6isiin sovelluksiin. N\u00e4iss\u00e4 kest\u00e4viss\u00e4 kosketusn\u00e4yt\u00f6iss\u00e4 k\u00e4ytet\u00e4\u00e4n paineherkk\u00e4\u00e4 kerrosta, joka reagoi fyysiseen kosketukseen ja tarjoaa luotettavan ja intuitiivisen kosketuskokemuksen.<\/p>\n<p data-sourcepos=\"5:1-5:51\"><strong>T\u00e4rkeimm\u00e4t ominaisuudet:<\/strong><\/p>\n<ul data-sourcepos=\"7:1-9:11\">\n<li data-sourcepos=\"7:1-8:0\">\n<p data-sourcepos=\"7:3-7:185\"><strong>Tarkka ja reagoiva kosketustunnistus:<\/strong> Planaariset resistiiviset kosketusn\u00e4yt\u00f6t tarjoavat tarkan kosketustunnistuksen, mik\u00e4 takaa tarkan ja reagoivan vuorovaikutuksen kosketusn\u00e4ytt\u00f6jen kanssa.<\/p>\n<\/li>\n<li data-sourcepos=\"9:1-9:11\">\n<p data-sourcepos=\"9:3-9:11\"><strong>Kest\u00e4v\u00e4 rakenne:<\/strong> Resistiivisten kosketusn\u00e4ytt\u00f6jen vankka rakenne kest\u00e4\u00e4 kovaa k\u00e4ytt\u00f6\u00e4 ja vaativia ymp\u00e4rist\u00f6j\u00e4, joten ne soveltuvat erinomaisesti kaupallisiin ja teollisiin sovelluksiin.<\/p>\n<\/li>\n<li data-sourcepos=\"11:1-11:27\">\n<p data-sourcepos=\"11:3-11:27\"><strong>Kustannustehokas ratkaisu:<\/strong> Kapasitiivisiin kosketusn\u00e4ytt\u00f6ihin verrattuna painepohjaiset kosketusn\u00e4yt\u00f6t tarjoavat edullisemman vaihtoehdon erityisesti suurempien n\u00e4ytt\u00f6kokojen osalta.<\/p>\n<\/li>\n<\/ul>\n<p data-sourcepos=\"13:1-13:51\"><strong>Sovellukset:<\/strong><\/p>\n<ul data-sourcepos=\"15:1-18:0\">\n<li data-sourcepos=\"15:1-16:0\">\n<p data-sourcepos=\"15:3-15:180\"><strong>POS-j\u00e4rjestelm\u00e4t:<\/strong> Resistiivisi\u00e4 kosketusn\u00e4ytt\u00f6j\u00e4 k\u00e4ytet\u00e4\u00e4n laajalti POS-j\u00e4rjestelmiss\u00e4 niiden luotettavuuden, edullisuuden ja toistuvien kosketusten kest\u00e4vyyden vuoksi.<\/p>\n<\/li>\n<li data-sourcepos=\"17:1-18:0\">\n<p data-sourcepos=\"17:3-17:177\"><strong>Teollisuuden ohjauspaneelit:<\/strong> Teollisuusymp\u00e4rist\u00f6iss\u00e4 resistiiviset kosketusn\u00e4yt\u00f6t ovat kest\u00e4v\u00e4 ja kest\u00e4v\u00e4 ratkaisu koneiden ohjaamiseen ja prosessien valvontaan.<\/p>\n<\/li>\n<li data-sourcepos=\"19:1-20:0\">\n<p data-sourcepos=\"19:3-19:161\"><strong>Julkiset tiedotuspisteet:<\/strong> Planar-resistiiviset kosketusn\u00e4yt\u00f6t mahdollistavat interaktiiviset julkiset tiedotuspisteet, jotka tarjoavat helpon navigoinnin ja tiedonsaannin.<\/p>\n<\/li>\n<li data-sourcepos=\"21:1-22:0\">\n<p data-sourcepos=\"21:3-21:176\"><strong>Koulutusn\u00e4yt\u00f6t:<\/strong> Opetusymp\u00e4rist\u00f6iss\u00e4 painepohjaiset kosketusn\u00e4yt\u00f6t helpottavat vuorovaikutteisia oppimiskokemuksia ja sitouttavat oppilaat kosketusperusteisiin toimintoihin.<\/p>\n<\/li>\n<\/ul>","protected":false},"excerpt":{"rendered":"<p>Planaariset resistiiviset kosketusn\u00e4yt\u00f6t ovat edelleen suosittu valinta monenlaisiin sovelluksiin niiden luotettavan suorituskyvyn, edullisuuden ja kest\u00e4vyyden ansiosta. Ne tarjoavat todistetun ja kustannustehokkaan ratkaisun kosketusn\u00e4ytt\u00f6ihin, mik\u00e4 tekee niist\u00e4 arvokkaan hy\u00f6dyn eri teollisuudenaloilla ja ymp\u00e4rist\u00f6iss\u00e4.<\/p>","protected":false},"featured_media":1569,"template":"","meta":[],"product_cat":[41],"product_tag":[],"_links":{"self":[{"href":"https:\/\/touchscreenmfg.com\/fi\/wp-json\/wp\/v2\/product\/1627"}],"collection":[{"href":"https:\/\/touchscreenmfg.com\/fi\/wp-json\/wp\/v2\/product"}],"about":[{"href":"https:\/\/touchscreenmfg.com\/fi\/wp-json\/wp\/v2\/types\/product"}],"wp:featuredmedia":[{"embeddable":true,"href":"https:\/\/touchscreenmfg.com\/fi\/wp-json\/wp\/v2\/media\/1569"}],"wp:attachment":[{"href":"https:\/\/touchscreenmfg.com\/fi\/wp-json\/wp\/v2\/media?parent=1627"}],"wp:term":[{"taxonomy":"product_cat","embeddable":true,"href":"https:\/\/touchscreenmfg.com\/fi\/wp-json\/wp\/v2\/product_cat?post=1627"},{"taxonomy":"product_tag","embeddable":true,"href":"https:\/\/touchscreenmfg.com\/fi\/wp-json\/wp\/v2\/product_tag?post=1627"}],"curies":[{"name":"wp","href":"https:\/\/api.w.org\/{rel}","templated":true}]}}