{"id":1626,"date":"2024-06-29T01:13:20","date_gmt":"2024-06-29T01:13:20","guid":{"rendered":"https:\/\/touchscreenmfg.com\/?post_type=product&#038;p=1626"},"modified":"2024-06-29T02:10:54","modified_gmt":"2024-06-29T02:10:54","slug":"4-wire-resistive-touch-screens","status":"publish","type":"product","link":"https:\/\/touchscreenmfg.com\/fi\/4-wire-resistive-touch-screens\/","title":{"rendered":"4 langan resistiiviset kosketusn\u00e4yt\u00f6t"},"content":{"rendered":"<h2 class=\"\" data-sourcepos=\"4:1-4:104\">4 langan resistiiviset kosketusn\u00e4yt\u00f6t: Luotettava ja kustannustehokas kosketusvuorovaikutus interaktiivisissa opasteissa<\/h2>\n<p data-sourcepos=\"6:1-6:51\">4-johtimiset resistiiviset kosketusn\u00e4yt\u00f6t ovat todistettu ja edullinen ratkaisu kiinnostavien ja vuorovaikutteisten opasteiden luomiseen. N\u00e4iss\u00e4 kest\u00e4viss\u00e4 kosketusn\u00e4yt\u00f6iss\u00e4 k\u00e4ytet\u00e4\u00e4n paineherkk\u00e4\u00e4 kerrosta, joka reagoi fyysiseen kosketukseen ja mahdollistaa intuitiivisen vuorovaikutuksen interaktiivisten n\u00e4ytt\u00f6jen kanssa.<\/p>\n<p data-sourcepos=\"8:1-8:51\"><strong>4 langan resistiivisten kosketusn\u00e4ytt\u00f6jen t\u00e4rkeimm\u00e4t ominaisuudet:<\/strong><\/p>\n<ul data-sourcepos=\"10:1-10:95\">\n<li data-sourcepos=\"10:1-10:95\">\n<p class=\"\" data-sourcepos=\"10:3-10:183\"><strong class=\"\">Tarkka ja reagoiva kosketustunnistus:<\/strong> 4-johtimiset resistiiviset kosketusn\u00e4yt\u00f6t tarjoavat tarkan kosketustunnistuksen, mik\u00e4 takaa tarkan ja reagoivan vuorovaikutuksen vuorovaikutteisten opasteiden kanssa.<\/p>\n<\/li>\n<li data-sourcepos=\"12:1-13:0\">\n<p data-sourcepos=\"12:3-12:175\"><strong>Kest\u00e4v\u00e4 rakenne:<\/strong> 4-johtimisten resistiivisten kosketusn\u00e4ytt\u00f6jen vankka rakenne kest\u00e4\u00e4 kovaa k\u00e4ytt\u00f6\u00e4 ja vaativia ymp\u00e4rist\u00f6j\u00e4, joten ne soveltuvat erinomaisesti julkisiin opastussovelluksiin.<\/p>\n<\/li>\n<li data-sourcepos=\"14:1-15:0\">\n<p data-sourcepos=\"14:3-14:170\"><strong>Kustannustehokas ratkaisu:<\/strong> Kapasitiivisiin kosketusn\u00e4ytt\u00f6ihin verrattuna 4-johtimiset resistiiviset kosketusn\u00e4yt\u00f6t ovat edullisempi vaihtoehto erityisesti suurempien n\u00e4ytt\u00f6kokojen osalta.<\/p>\n<\/li>\n<\/ul>\n<p data-sourcepos=\"16:1-16:51\"><strong>4-johtimisten resistiivisten kosketusn\u00e4ytt\u00f6jen sovellukset:<\/strong><\/p>\n<ul data-sourcepos=\"18:1-20:26\">\n<li data-sourcepos=\"18:1-19:0\">\n<p data-sourcepos=\"18:3-18:195\"><strong>Interaktiiviset digitaaliset opasteet:<\/strong> 4-johtimisia resistiivisi\u00e4 kosketusn\u00e4ytt\u00f6j\u00e4 k\u00e4ytet\u00e4\u00e4n laajalti interaktiivisissa digitaalisissa opasteissa, joiden avulla katsojat voivat osallistua sis\u00e4lt\u00f6\u00f6n, tehd\u00e4 valintoja ja k\u00e4ytt\u00e4\u00e4 tietoja.<\/p>\n<\/li>\n<li data-sourcepos=\"20:1-20:26\">\n<p data-sourcepos=\"20:3-20:26\"><strong>V\u00e4hitt\u00e4iskaupan ja vieraanvaraisuuden n\u00e4yt\u00f6t:<\/strong> V\u00e4hitt\u00e4iskaupassa ja ravintola-alalla 4-johtimiset resistiiviset kosketusn\u00e4yt\u00f6t parantavat itsepalvelukioskeja, joiden avulla asiakkaat voivat helposti selata tuotteita, tehd\u00e4 tilauksia ja suorittaa maksuja.<\/p>\n<\/li>\n<li data-sourcepos=\"22:1-23:0\">\n<p data-sourcepos=\"22:3-22:194\"><strong>Julkiset tiedotuspisteet:<\/strong> 4-johtimiset resistiiviset kosketusn\u00e4yt\u00f6t helpottavat vuorovaikutteisten julkisten tiedotuspisteiden toimintaa, jolloin k\u00e4vij\u00e4t p\u00e4\u00e4sev\u00e4t helposti k\u00e4siksi karttoihin, hakemistoihin ja muihin tietoihin.<\/p>\n<\/li>\n<li data-sourcepos=\"24:1-25:0\">\n<p data-sourcepos=\"24:3-24:196\"><strong>Museo- ja n\u00e4yttelyn\u00e4yttelyt:<\/strong> 4-johtimiset resistiiviset kosketusn\u00e4yt\u00f6t parantavat museo- ja n\u00e4yttelyn\u00e4ytt\u00f6j\u00e4, jolloin k\u00e4vij\u00e4t voivat tutkia n\u00e4yttelyesineit\u00e4 vuorovaikutteisesti ja oppia lis\u00e4\u00e4 esineist\u00e4.<\/p>\n<\/li>\n<\/ul>","protected":false},"excerpt":{"rendered":"<p>4-johtimiset resistiiviset kosketusn\u00e4yt\u00f6t ovat edelleen suosittu valinta interaktiivisiin opasteisiin niiden luotettavan suorituskyvyn, edullisuuden ja kest\u00e4vyyden ansiosta. Ne tarjoavat todistetun ja kustannustehokkaan ratkaisun kosketusn\u00e4ytt\u00f6ihin, mik\u00e4 tekee niist\u00e4 arvokkaan apuv\u00e4lineen erilaisiin opastussovelluksiin.<\/p>","protected":false},"featured_media":1546,"template":"","meta":[],"product_cat":[41],"product_tag":[],"_links":{"self":[{"href":"https:\/\/touchscreenmfg.com\/fi\/wp-json\/wp\/v2\/product\/1626"}],"collection":[{"href":"https:\/\/touchscreenmfg.com\/fi\/wp-json\/wp\/v2\/product"}],"about":[{"href":"https:\/\/touchscreenmfg.com\/fi\/wp-json\/wp\/v2\/types\/product"}],"wp:featuredmedia":[{"embeddable":true,"href":"https:\/\/touchscreenmfg.com\/fi\/wp-json\/wp\/v2\/media\/1546"}],"wp:attachment":[{"href":"https:\/\/touchscreenmfg.com\/fi\/wp-json\/wp\/v2\/media?parent=1626"}],"wp:term":[{"taxonomy":"product_cat","embeddable":true,"href":"https:\/\/touchscreenmfg.com\/fi\/wp-json\/wp\/v2\/product_cat?post=1626"},{"taxonomy":"product_tag","embeddable":true,"href":"https:\/\/touchscreenmfg.com\/fi\/wp-json\/wp\/v2\/product_tag?post=1626"}],"curies":[{"name":"wp","href":"https:\/\/api.w.org\/{rel}","templated":true}]}}