{"id":1625,"date":"2024-06-29T01:12:48","date_gmt":"2024-06-29T01:12:48","guid":{"rendered":"https:\/\/touchscreenmfg.com\/?post_type=product&#038;p=1625"},"modified":"2024-06-29T02:14:44","modified_gmt":"2024-06-29T02:14:44","slug":"5-wire-resistive-touch-screens","status":"publish","type":"product","link":"https:\/\/touchscreenmfg.com\/fi\/5-wire-resistive-touch-screens\/","title":{"rendered":"5 langan resistiiviset kosketusn\u00e4yt\u00f6t"},"content":{"rendered":"<h2 class=\"\" data-sourcepos=\"1:1-1:95\">5 langan resistiiviset kosketusn\u00e4yt\u00f6t: Interaktiivisten \u00e4lytaulujen ja n\u00e4ytt\u00f6jen parannettu kest\u00e4vyys: Parannettu kest\u00e4vyys<\/h2>\n<p data-sourcepos=\"3:1-3:87\">5-johtimiset resistiiviset kosketusn\u00e4yt\u00f6t parantavat interaktiivisten \u00e4lytaulujen ja n\u00e4ytt\u00f6jen kosketusvuorovaikutuskokemusta ja tarjoavat entist\u00e4 parempaa kest\u00e4vyytt\u00e4, tarkkuutta ja edullisuutta. N\u00e4iss\u00e4 edistyksellisiss\u00e4 kosketusn\u00e4yt\u00f6iss\u00e4 k\u00e4ytet\u00e4\u00e4n ainutlaatuista suunnittelua, jossa on ylim\u00e4\u00e4r\u00e4inen tunnistinlanka, mik\u00e4 tarjoaa useita etuja perinteisiin 4-johtimisiin resistiivisiin kosketusn\u00e4ytt\u00f6ihin verrattuna.<\/p>\n<p data-sourcepos=\"5:1-5:51\"><strong>5 langan resistiivisten kosketusn\u00e4ytt\u00f6jen t\u00e4rkeimm\u00e4t ominaisuudet:<\/strong><\/p>\n<ul data-sourcepos=\"7:1-7:60\">\n<li data-sourcepos=\"7:1-7:60\">\n<p data-sourcepos=\"7:3-7:199\"><strong>Erinomainen kest\u00e4vyys:<\/strong> Viisijohtimisissa resistiivisiss\u00e4 kosketusn\u00e4yt\u00f6iss\u00e4 ylim\u00e4\u00e4r\u00e4inen tunnistinlanka parantaa kest\u00e4vyytt\u00e4, joten ne kest\u00e4v\u00e4t naarmuja ja ep\u00e4puhtauksia, mik\u00e4 on ihanteellista paljon liikennett\u00e4 vaativissa ymp\u00e4rist\u00f6iss\u00e4.<\/p>\n<\/li>\n<li data-sourcepos=\"9:1-9:45\">\n<p data-sourcepos=\"9:3-9:45\"><strong>V\u00e4hennetty reunav\u00e4\u00e4ristym\u00e4:<\/strong> Ylim\u00e4\u00e4r\u00e4inen lanka auttaa kompensoimaan reunav\u00e4\u00e4ristymi\u00e4, jotka ovat yleinen ongelma suuremmissa interaktiivisissa n\u00e4yt\u00f6iss\u00e4, ja varmistaa tasaisen kosketustarkkuuden koko n\u00e4yt\u00f6ll\u00e4.<\/p>\n<\/li>\n<li data-sourcepos=\"11:1-12:0\">\n<p data-sourcepos=\"11:3-11:164\"><strong>Vakaa suorituskyky:<\/strong> 5-johtimiset resistiiviset kosketusn\u00e4yt\u00f6t tarjoavat vakaan suorituskyvyn my\u00f6s haastavissa ymp\u00e4rist\u00f6iss\u00e4, kuten ymp\u00e4rist\u00f6iss\u00e4, joissa on paljon valoa tai p\u00f6ly\u00e4.<\/p>\n<\/li>\n<li data-sourcepos=\"13:1-14:0\">\n<p data-sourcepos=\"13:3-13:167\"><strong>Kustannustehokas ratkaisu:<\/strong> Kapasitiivisiin kosketusn\u00e4ytt\u00f6ihin verrattuna 5-johtimiset resistiiviset kosketusn\u00e4yt\u00f6t tarjoavat kustannustehokkaamman ratkaisun suuriin interaktiivisiin n\u00e4ytt\u00f6ihin.<\/p>\n<\/li>\n<\/ul>\n<p data-sourcepos=\"15:1-15:51\"><strong>5-johtimisten resistiivisten kosketusn\u00e4ytt\u00f6jen sovellukset:<\/strong><\/p>\n<ul data-sourcepos=\"17:1-24:0\">\n<li data-sourcepos=\"17:1-18:0\">\n<p data-sourcepos=\"17:3-17:212\"><strong>Interaktiiviset \u00e4lytaulut:<\/strong> 5-johtimiset resistiiviset kosketusn\u00e4yt\u00f6t sopivat erinomaisesti luokkahuoneissa, kokoushuoneissa ja koulutuskeskuksissa k\u00e4ytett\u00e4viin interaktiivisiin \u00e4lytauluihin, jotka mahdollistavat yhteis\u00f6llisen oppimisen ja esitykset.<\/p>\n<\/li>\n<li data-sourcepos=\"19:1-20:0\">\n<p data-sourcepos=\"19:3-19:225\"><strong>Digitaaliset opasteet ja kioskit:<\/strong> V\u00e4hitt\u00e4iskaupassa, vieraanvaraisuudessa ja julkisissa tiloissa 5-wire-resistiiviset kosketusn\u00e4yt\u00f6t parantavat digitaalisia opasteita ja kioskeja, jolloin k\u00e4ytt\u00e4j\u00e4t voivat olla vuorovaikutuksessa sis\u00e4ll\u00f6n kanssa, tehd\u00e4 valintoja ja saada tietoa.<\/p>\n<\/li>\n<li data-sourcepos=\"21:1-22:0\">\n<p data-sourcepos=\"21:3-21:179\"><strong>Teollisuuden ohjausj\u00e4rjestelm\u00e4t:<\/strong> 5-johtimiset resistiiviset kosketusn\u00e4yt\u00f6t ovat luotettava ja kest\u00e4v\u00e4 ratkaisu koneiden ohjaamiseen ja prosessien valvontaan teollisuudessa.<\/p>\n<\/li>\n<li data-sourcepos=\"23:1-24:0\">\n<p data-sourcepos=\"23:3-23:193\"><strong>L\u00e4\u00e4ketieteelliset kuvantamisj\u00e4rjestelm\u00e4t:<\/strong> Viisijohtimisten resistiivisten kosketusn\u00e4ytt\u00f6jen kest\u00e4vyyden ja tarkkuuden ansiosta ne soveltuvat l\u00e4\u00e4ketieteellisiin kuvantamisj\u00e4rjestelmiin, joiden avulla l\u00e4\u00e4k\u00e4rit voivat toimia kuvien kanssa tarkasti.<\/p>\n<\/li>\n<\/ul>","protected":false},"excerpt":{"rendered":"<p>5-johtimiset resistiiviset kosketusn\u00e4yt\u00f6t tarjoavat vakuuttavan yhdistelm\u00e4n kest\u00e4vyytt\u00e4, tarkkuutta ja edullisuutta, mink\u00e4 ansiosta ne ovat ensisijainen valinta monenlaisiin vuorovaikutteisiin \u00e4lytauluihin ja n\u00e4yt\u00f6n sovelluksiin. Ne tarjoavat luotettavan ja kustannustehokkaan ratkaisun kosketusn\u00e4ytt\u00f6ihin, jotka parantavat k\u00e4ytt\u00e4jien sitoutumista ja tuottavuutta erilaisissa ymp\u00e4rist\u00f6iss\u00e4.<\/p>","protected":false},"featured_media":1548,"template":"","meta":[],"product_cat":[41],"product_tag":[],"_links":{"self":[{"href":"https:\/\/touchscreenmfg.com\/fi\/wp-json\/wp\/v2\/product\/1625"}],"collection":[{"href":"https:\/\/touchscreenmfg.com\/fi\/wp-json\/wp\/v2\/product"}],"about":[{"href":"https:\/\/touchscreenmfg.com\/fi\/wp-json\/wp\/v2\/types\/product"}],"wp:featuredmedia":[{"embeddable":true,"href":"https:\/\/touchscreenmfg.com\/fi\/wp-json\/wp\/v2\/media\/1548"}],"wp:attachment":[{"href":"https:\/\/touchscreenmfg.com\/fi\/wp-json\/wp\/v2\/media?parent=1625"}],"wp:term":[{"taxonomy":"product_cat","embeddable":true,"href":"https:\/\/touchscreenmfg.com\/fi\/wp-json\/wp\/v2\/product_cat?post=1625"},{"taxonomy":"product_tag","embeddable":true,"href":"https:\/\/touchscreenmfg.com\/fi\/wp-json\/wp\/v2\/product_tag?post=1625"}],"curies":[{"name":"wp","href":"https:\/\/api.w.org\/{rel}","templated":true}]}}