{"id":1624,"date":"2024-06-29T01:09:51","date_gmt":"2024-06-29T01:09:51","guid":{"rendered":"https:\/\/touchscreenmfg.com\/?post_type=product&#038;p=1624"},"modified":"2024-06-29T02:07:12","modified_gmt":"2024-06-29T02:07:12","slug":"8-wire-resistive-touch-screens","status":"publish","type":"product","link":"https:\/\/touchscreenmfg.com\/fi\/8-wire-resistive-touch-screens\/","title":{"rendered":"8 langan resistiiviset kosketusn\u00e4yt\u00f6t"},"content":{"rendered":"<h2 class=\"\" data-sourcepos=\"1:1-1:78\">8 langan resistiiviset kosketusn\u00e4yt\u00f6t: Kosketusn\u00e4ytt\u00f6jen parannettu tarkkuus<\/h2>\n<p data-sourcepos=\"3:1-3:106\">8-johtimiset resistiiviset kosketusn\u00e4yt\u00f6t parantavat kosketusn\u00e4ytt\u00f6jen vuorovaikutuskokemusta ja tarjoavat entist\u00e4 parempaa tarkkuutta, kest\u00e4vyytt\u00e4 ja edullisuutta. N\u00e4iss\u00e4 edistyksellisiss\u00e4 kosketusn\u00e4yt\u00f6iss\u00e4 k\u00e4ytet\u00e4\u00e4n ainutlaatuista suunnittelua, jossa on ylim\u00e4\u00e4r\u00e4isi\u00e4 anturijohtimia, mik\u00e4 tarjoaa useita etuja perinteisiin 4-johtimisiin resistiivisiin kosketusn\u00e4ytt\u00f6ihin verrattuna.<\/p>\n<p data-sourcepos=\"5:1-5:51\"><strong>8-langan resistiivisten kosketusn\u00e4ytt\u00f6jen t\u00e4rkeimm\u00e4t ominaisuudet:<\/strong><\/p>\n<ul data-sourcepos=\"7:1-7:94\">\n<li data-sourcepos=\"7:1-7:94\">\n<p data-sourcepos=\"7:3-7:186\"><strong>Ylivoimainen tarkkuus:<\/strong> Kahdeksanjohtimisissa resistiivisiss\u00e4 kosketusn\u00e4yt\u00f6iss\u00e4 olevat ylim\u00e4\u00e4r\u00e4iset tunnistinlangat mahdollistavat tarkemman kosketuksen tunnistuksen, mik\u00e4 johtaa tarkempaan ja herkemp\u00e4\u00e4n kosketuskokemukseen.<\/p>\n<\/li>\n<li data-sourcepos=\"9:1-9:103\">\n<p data-sourcepos=\"9:3-9:103\"><strong>V\u00e4hennetty reunav\u00e4\u00e4ristym\u00e4:<\/strong> Lis\u00e4johdot auttavat kompensoimaan reunav\u00e4\u00e4ristymi\u00e4, jotka ovat yleinen ongelma suuremmissa kosketusn\u00e4yt\u00f6iss\u00e4, ja takaavat tasaisen kosketustarkkuuden koko n\u00e4yt\u00f6ll\u00e4.<\/p>\n<\/li>\n<li data-sourcepos=\"11:1-12:0\">\n<p data-sourcepos=\"11:3-11:164\"><strong>Vakaa suorituskyky:<\/strong> 8-johtimiset resistiiviset kosketusn\u00e4yt\u00f6t tarjoavat vakaan suorituskyvyn my\u00f6s haastavissa ymp\u00e4rist\u00f6iss\u00e4, kuten ymp\u00e4rist\u00f6iss\u00e4, joissa on paljon valoa tai p\u00f6ly\u00e4.<\/p>\n<\/li>\n<li data-sourcepos=\"13:1-14:0\">\n<p data-sourcepos=\"13:3-13:168\"><strong>Kustannustehokas ratkaisu:<\/strong> Kapasitiivisiin kosketusn\u00e4ytt\u00f6ihin verrattuna 8-johtimiset resistiiviset kosketusn\u00e4yt\u00f6t tarjoavat kustannustehokkaamman ratkaisun suuriin kosketusn\u00e4ytt\u00f6ihin.<\/p>\n<\/li>\n<\/ul>\n<p data-sourcepos=\"15:1-15:51\"><strong>8-johtimisten resistiivisten kosketusn\u00e4ytt\u00f6jen sovellukset:<\/strong><\/p>\n<ul data-sourcepos=\"17:1-17:32\">\n<li data-sourcepos=\"17:1-17:32\">\n<p class=\"\" data-sourcepos=\"17:3-17:213\"><strong class=\"\">Interaktiiviset litte\u00e4t paneelit:<\/strong> 8-johtimiset resistiiviset kosketusn\u00e4yt\u00f6t ovat ihanteellisia interaktiivisiin litteisiin paneeleihin, joita k\u00e4ytet\u00e4\u00e4n kokoushuoneissa, luokkahuoneissa ja julkisissa tiloissa ja jotka mahdollistavat saumattoman yhteisty\u00f6n ja tiedon jakamisen.<\/p>\n<\/li>\n<li data-sourcepos=\"19:1-20:0\">\n<p data-sourcepos=\"19:3-19:180\"><strong>Teollisuuden ohjausj\u00e4rjestelm\u00e4t:<\/strong> Teollisuusymp\u00e4rist\u00f6iss\u00e4 8-johtimiset resistiiviset kosketusn\u00e4yt\u00f6t tarjoavat luotettavan ja kest\u00e4v\u00e4n ratkaisun koneiden ohjaukseen ja prosessien valvontaan.<\/p>\n<\/li>\n<li data-sourcepos=\"21:1-22:0\">\n<p data-sourcepos=\"21:3-21:217\"><strong>V\u00e4hitt\u00e4iskaupan ja vieraanvaraisuuden kioskit:<\/strong> 8-johtimiset resistiiviset kosketusn\u00e4yt\u00f6t parantavat itsepalvelukioskeja v\u00e4hitt\u00e4ismyynti- ja ravintola-alan ymp\u00e4rist\u00f6iss\u00e4, jolloin asiakkaat voivat helposti saada tietoja, tehd\u00e4 tilauksia ja suorittaa maksuja.<\/p>\n<\/li>\n<li data-sourcepos=\"23:1-24:0\">\n<p data-sourcepos=\"23:3-23:208\"><strong>Koulutusn\u00e4yt\u00f6t:<\/strong> 8-johtimiset resistiiviset kosketusn\u00e4yt\u00f6t helpottavat vuorovaikutteisia oppimiskokemuksia opetusymp\u00e4rist\u00f6iss\u00e4, sitouttavat oppilaat kosketukseen perustuviin aktiviteetteihin ja parantavat heid\u00e4n ymm\u00e4rryst\u00e4\u00e4n.<\/p>\n<\/li>\n<\/ul>","protected":false},"excerpt":{"rendered":"<p>8-johtimiset resistiiviset kosketusn\u00e4yt\u00f6t tarjoavat vakuuttavan yhdistelm\u00e4n tarkkuutta, kest\u00e4vyytt\u00e4 ja edullisuutta, joten ne ovat ensisijainen valinta monenlaisiin kosketusn\u00e4ytt\u00f6sovelluksiin. Ne tarjoavat luotettavan ja kustannustehokkaan ratkaisun vuorovaikutteisiin n\u00e4ytt\u00f6ihin, jotka parantavat k\u00e4ytt\u00e4jien sitoutumista ja tuottavuutta erilaisissa ymp\u00e4rist\u00f6iss\u00e4.<\/p>","protected":false},"featured_media":1550,"template":"","meta":[],"product_cat":[41],"product_tag":[],"_links":{"self":[{"href":"https:\/\/touchscreenmfg.com\/fi\/wp-json\/wp\/v2\/product\/1624"}],"collection":[{"href":"https:\/\/touchscreenmfg.com\/fi\/wp-json\/wp\/v2\/product"}],"about":[{"href":"https:\/\/touchscreenmfg.com\/fi\/wp-json\/wp\/v2\/types\/product"}],"wp:featuredmedia":[{"embeddable":true,"href":"https:\/\/touchscreenmfg.com\/fi\/wp-json\/wp\/v2\/media\/1550"}],"wp:attachment":[{"href":"https:\/\/touchscreenmfg.com\/fi\/wp-json\/wp\/v2\/media?parent=1624"}],"wp:term":[{"taxonomy":"product_cat","embeddable":true,"href":"https:\/\/touchscreenmfg.com\/fi\/wp-json\/wp\/v2\/product_cat?post=1624"},{"taxonomy":"product_tag","embeddable":true,"href":"https:\/\/touchscreenmfg.com\/fi\/wp-json\/wp\/v2\/product_tag?post=1624"}],"curies":[{"name":"wp","href":"https:\/\/api.w.org\/{rel}","templated":true}]}}