{"id":1621,"date":"2024-06-29T01:06:11","date_gmt":"2024-06-29T01:06:11","guid":{"rendered":"https:\/\/touchscreenmfg.com\/manufacturer\/pdp-display-cover-glass\/"},"modified":"2024-06-29T02:20:27","modified_gmt":"2024-06-29T02:20:27","slug":"pdp-display-cover-glass","status":"publish","type":"product","link":"https:\/\/touchscreenmfg.com\/fi\/pdp-display-cover-glass\/","title":{"rendered":"PDP-n\u00e4yt\u00f6n suojalasi"},"content":{"rendered":"<p data-sourcepos=\"3:1-3:86\"><strong>Suojaa PDP-n\u00e4ytt\u00f6 naarmuilta, h\u00e4ik\u00e4isylt\u00e4 ja vaurioilta.<\/strong><\/p>\n<p data-sourcepos=\"5:1-5:157\">PDP Display Cover Glass on suojakerros, joka on suunniteltu erityisesti PDP-pelilaitteiden n\u00e4ytt\u00f6\u00e4 varten. Se voisi mahdollisesti tarjota seuraavat ominaisuudet:<\/p>\n<ul data-sourcepos=\"7:1-7:36\">\n<li data-sourcepos=\"7:1-7:36\">\n<p class=\"\" data-sourcepos=\"7:3-7:285\"><strong class=\"\">Naarmuuntumis- ja iskunkest\u00e4vyys:<\/strong> Kuten karkaistun lasin n\u00e4yt\u00f6nsuojus, PDP Display Cover Glass pyrkii suojaamaan n\u00e4ytt\u00f6\u00e4 naarmuilta, naarmuilta ja vahingossa tapahtuvilta iskuilta. T\u00e4m\u00e4 on erityisen t\u00e4rke\u00e4\u00e4 kannettaville pelilaitteille, jotka ovat alttiimpia kolhuille ja putoamisille.<\/p>\n<\/li>\n<li data-sourcepos=\"9:1-10:0\">\n<p data-sourcepos=\"9:3-9:168\"><strong>Parannettu selkeys:<\/strong> Laadukkaan PDP-n\u00e4yt\u00f6n suojalasin pit\u00e4isi s\u00e4ilytt\u00e4\u00e4 erinomainen optinen selkeys, jotta pelien visuaalinen ilme pysyy ter\u00e4v\u00e4n\u00e4 ja v\u00e4\u00e4ristym\u00e4tt\u00f6m\u00e4n\u00e4.<\/p>\n<\/li>\n<li data-sourcepos=\"11:1-12:0\">\n<p data-sourcepos=\"11:3-11:242\"><strong>H\u00e4ik\u00e4isynkest\u00e4vyys:<\/strong> Jos PDP-pelilaitteessa on kiilt\u00e4v\u00e4 n\u00e4ytt\u00f6, h\u00e4ik\u00e4isyn kest\u00e4v\u00e4 PDP Display Cover Glass -suojalasi voi auttaa minimoimaan ymp\u00e4rist\u00f6n valonl\u00e4hteist\u00e4 tulevat heijastukset, mik\u00e4 parantaa n\u00e4yt\u00f6n n\u00e4kyvyytt\u00e4 erityisesti kirkkaasti valaistuissa ymp\u00e4rist\u00f6iss\u00e4.<\/p>\n<\/li>\n<li data-sourcepos=\"13:1-13:44\">\n<p data-sourcepos=\"13:3-13:44\"><strong>Kosketusyhteensopivuus:<\/strong> Jos PDP-pelilaitteessa on kosketusn\u00e4ytt\u00f6, suojalasi olisi suunniteltava kosketusyhteensopivaksi, jotta vuorovaikutus kosketusn\u00e4yt\u00f6n kanssa olisi saumatonta.<\/p>\n<\/li>\n<\/ul>","protected":false},"excerpt":{"rendered":"<p>PDP Display Cover Glass voi olla arvokas lis\u00e4varuste pelaajille, jotka haluavat suojata laitteensa n\u00e4yt\u00f6n ja s\u00e4ilytt\u00e4\u00e4 optimaalisen pelikokemuksen.<\/p>","protected":false},"featured_media":1582,"template":"","meta":[],"product_cat":[15],"product_tag":[],"_links":{"self":[{"href":"https:\/\/touchscreenmfg.com\/fi\/wp-json\/wp\/v2\/product\/1621"}],"collection":[{"href":"https:\/\/touchscreenmfg.com\/fi\/wp-json\/wp\/v2\/product"}],"about":[{"href":"https:\/\/touchscreenmfg.com\/fi\/wp-json\/wp\/v2\/types\/product"}],"wp:featuredmedia":[{"embeddable":true,"href":"https:\/\/touchscreenmfg.com\/fi\/wp-json\/wp\/v2\/media\/1582"}],"wp:attachment":[{"href":"https:\/\/touchscreenmfg.com\/fi\/wp-json\/wp\/v2\/media?parent=1621"}],"wp:term":[{"taxonomy":"product_cat","embeddable":true,"href":"https:\/\/touchscreenmfg.com\/fi\/wp-json\/wp\/v2\/product_cat?post=1621"},{"taxonomy":"product_tag","embeddable":true,"href":"https:\/\/touchscreenmfg.com\/fi\/wp-json\/wp\/v2\/product_tag?post=1621"}],"curies":[{"name":"wp","href":"https:\/\/api.w.org\/{rel}","templated":true}]}}