{"id":1620,"date":"2024-06-29T01:06:11","date_gmt":"2024-06-29T01:06:11","guid":{"rendered":"https:\/\/touchscreenmfg.com\/manufacturer\/anti-reflective-glass\/"},"modified":"2024-06-29T02:25:34","modified_gmt":"2024-06-29T02:25:34","slug":"anti-reflective-glass","status":"publish","type":"product","link":"https:\/\/touchscreenmfg.com\/fi\/anti-reflective-glass\/","title":{"rendered":"Heijastamaton lasi"},"content":{"rendered":"<h2 class=\"\" data-sourcepos=\"1:1-1:93\">Heijastamaton lasi: Parantaa kirkkautta ja v\u00e4hent\u00e4\u00e4 h\u00e4ik\u00e4isy\u00e4 erinomaisen visuaalisen kokemuksen takaamiseksi<\/h2>\n<p data-sourcepos=\"3:1-3:52\">Heijastamaton lasi, joka tunnetaan my\u00f6s nimell\u00e4 heijastamaton lasi tai heijastamaton lasi, on lasityyppi, joka on k\u00e4sitelty erityisell\u00e4 pinnoitteella heijastusten minimoimiseksi ja valon l\u00e4p\u00e4isyn parantamiseksi. T\u00e4m\u00e4 pinnoite h\u00e4iritsee valoaaltojen heijastumista, mik\u00e4 v\u00e4hent\u00e4\u00e4 ei-toivottuja h\u00e4ik\u00e4isy\u00e4 ja heijastuksia, jotka voivat est\u00e4\u00e4 selke\u00e4n katselun.<\/p>\n<p data-sourcepos=\"5:1-5:42\"><strong>Heijastusta est\u00e4v\u00e4n lasin t\u00e4rkeimm\u00e4t ominaisuudet:<\/strong><\/p>\n<ul data-sourcepos=\"7:1-7:23\">\n<li data-sourcepos=\"7:1-7:23\">\n<p data-sourcepos=\"7:3-7:165\"><strong>Parannettu selkeys:<\/strong> AR-lasi v\u00e4hent\u00e4\u00e4 merkitt\u00e4v\u00e4sti pintaheijastuksia, jolloin lasin takana olevat kohteet tai kuvat n\u00e4kyv\u00e4t selke\u00e4mmin ja tarkemmin.<\/p>\n<\/li>\n<li data-sourcepos=\"9:1-9:46\">\n<p data-sourcepos=\"9:3-9:46\"><strong>V\u00e4hent\u00e4\u00e4 silmien rasitusta:<\/strong> Minimoimalla h\u00e4ik\u00e4isy\u00e4 AR-lasi auttaa v\u00e4hent\u00e4m\u00e4\u00e4n silmien rasitusta, jolloin n\u00e4ytt\u00f6j\u00e4, n\u00e4ytt\u00f6j\u00e4 ja muita lasipintoja on mukavampi katsella pitki\u00e4 aikoja.<\/p>\n<\/li>\n<li data-sourcepos=\"11:1-12:0\">\n<p data-sourcepos=\"11:3-11:135\"><strong>Parempi kuvanlaatu:<\/strong> AR-lasi parantaa yleist\u00e4 kuvanlaatua v\u00e4hent\u00e4m\u00e4ll\u00e4 heijastuksia, jotka voivat v\u00e4\u00e4rist\u00e4\u00e4 tai peitt\u00e4\u00e4 n\u00e4kym\u00e4n.<\/p>\n<\/li>\n<\/ul>\n<p data-sourcepos=\"13:1-13:42\"><strong>Heijastusta est\u00e4v\u00e4n lasin sovellukset:<\/strong><\/p>\n<ul data-sourcepos=\"15:1-17:28\">\n<li data-sourcepos=\"15:1-16:0\">\n<p data-sourcepos=\"15:3-15:165\"><strong>Silm\u00e4lasit:<\/strong> AR-pinnoitteita k\u00e4ytet\u00e4\u00e4n yleisesti silm\u00e4laseissa ja aurinkolaseissa v\u00e4hent\u00e4m\u00e4\u00e4n auringonvalon, ajovalojen ja muiden l\u00e4hteiden aiheuttamaa h\u00e4ik\u00e4isy\u00e4, mik\u00e4 parantaa n\u00e4k\u00f6kyky\u00e4 ja k\u00e4ytt\u00f6mukavuutta.<\/p>\n<\/li>\n<li data-sourcepos=\"17:1-17:28\">\n<p data-sourcepos=\"17:3-17:28\"><strong>Elektroniset laitteet:<\/strong> AR-lasia k\u00e4ytet\u00e4\u00e4n laajalti \u00e4lypuhelimissa, tableteissa, kannettavissa tietokoneissa ja muissa elektroniikkalaitteissa parantamaan n\u00e4yt\u00f6n selkeytt\u00e4 ja v\u00e4hent\u00e4m\u00e4\u00e4n silmien rasitusta.<\/p>\n<\/li>\n<li data-sourcepos=\"19:1-20:0\">\n<p data-sourcepos=\"19:3-19:163\"><strong>Museoiden ja gallerioiden n\u00e4yttelyt:<\/strong> AR-lasia k\u00e4ytet\u00e4\u00e4n museoiden ja gallerioiden n\u00e4ytteiss\u00e4 suojaamaan taideteoksia heijastuksilta ja tarjoamaan k\u00e4vij\u00f6ille selke\u00e4mm\u00e4n n\u00e4kym\u00e4n.<\/p>\n<\/li>\n<li data-sourcepos=\"21:1-22:0\">\n<p data-sourcepos=\"21:3-21:157\"><strong>Arkkitehtoniset sovellukset:<\/strong> AR-lasia voidaan k\u00e4ytt\u00e4\u00e4 ikkunoissa, kattoikkunoissa ja muissa arkkitehtonisissa elementeiss\u00e4 h\u00e4ik\u00e4isyn v\u00e4hent\u00e4miseksi ja energiatehokkuuden parantamiseksi.<\/p>\n<\/li>\n<\/ul>\n<p data-sourcepos=\"23:1-23:316\"><strong>Heijastamaton karkaistu lasi<\/strong> on AR-lasityyppi, joka on my\u00f6s vahvistettu karkaisuprosessin avulla, jolloin se kest\u00e4\u00e4 paremmin rikkoutumista ja naarmuja. T\u00e4m\u00e4 heijastusta v\u00e4hent\u00e4vien ja suojaavien ominaisuuksien yhdistelm\u00e4 tekee siit\u00e4 ihanteellisen valinnan sovelluksiin, joissa sek\u00e4 selkeys ett\u00e4 kest\u00e4vyys ovat olennaisia.<\/p>\n<p data-sourcepos=\"25:1-25:141\"><strong>Antirefleksi lasi<\/strong> on toinen termi heijastamattomalle lasille. Sit\u00e4 k\u00e4ytet\u00e4\u00e4n usein vaihdellen \"AR-lasin\" ja \"heijastamattoman lasin\" kanssa.<\/p>","protected":false},"excerpt":{"rendered":"<p>Heijastamaton lasi on arvokas tekniikka, joka tarjoaa merkitt\u00e4vi\u00e4 etuja eri sovelluksissa. Se lis\u00e4\u00e4 selkeytt\u00e4, v\u00e4hent\u00e4\u00e4 h\u00e4ik\u00e4isy\u00e4 ja parantaa estetiikkaa, joten se on suositeltava valinta tilanteissa, joissa optimaalinen n\u00e4kyvyys ja k\u00e4ytt\u00e4j\u00e4kokemus ovat olennaisia.<\/p>","protected":false},"featured_media":1581,"template":"","meta":[],"product_cat":[15],"product_tag":[],"_links":{"self":[{"href":"https:\/\/touchscreenmfg.com\/fi\/wp-json\/wp\/v2\/product\/1620"}],"collection":[{"href":"https:\/\/touchscreenmfg.com\/fi\/wp-json\/wp\/v2\/product"}],"about":[{"href":"https:\/\/touchscreenmfg.com\/fi\/wp-json\/wp\/v2\/types\/product"}],"wp:featuredmedia":[{"embeddable":true,"href":"https:\/\/touchscreenmfg.com\/fi\/wp-json\/wp\/v2\/media\/1581"}],"wp:attachment":[{"href":"https:\/\/touchscreenmfg.com\/fi\/wp-json\/wp\/v2\/media?parent=1620"}],"wp:term":[{"taxonomy":"product_cat","embeddable":true,"href":"https:\/\/touchscreenmfg.com\/fi\/wp-json\/wp\/v2\/product_cat?post=1620"},{"taxonomy":"product_tag","embeddable":true,"href":"https:\/\/touchscreenmfg.com\/fi\/wp-json\/wp\/v2\/product_tag?post=1620"}],"curies":[{"name":"wp","href":"https:\/\/api.w.org\/{rel}","templated":true}]}}