{"id":1619,"date":"2024-06-29T01:06:11","date_gmt":"2024-06-29T01:06:11","guid":{"rendered":"https:\/\/touchscreenmfg.com\/manufacturer\/aio-pc-cover-glass\/"},"modified":"2024-06-29T02:32:50","modified_gmt":"2024-06-29T02:32:50","slug":"aio-pc-cover-glass","status":"publish","type":"product","link":"https:\/\/touchscreenmfg.com\/fi\/aio-pc-cover-glass\/","title":{"rendered":"AIO PC Cover lasi"},"content":{"rendered":"<h2 class=\"\" data-sourcepos=\"3:1-3:89\">AIO PC Cover Glass: AIO-tietokoneen estetiikkaa tyylikk\u00e4\u00e4ll\u00e4 ja tyylikk\u00e4\u00e4ll\u00e4 suojalla.<\/h2>\n<p data-sourcepos=\"5:1-5:54\">AIO PC Cover Glass, joka tunnetaan my\u00f6s nimell\u00e4 3D Cover Glass, on ensiluokkainen lasipaneeli, joka on suunniteltu parantamaan AIO-tietokoneen (All-in-One) ulkon\u00e4k\u00f6\u00e4 ja suojaamaan sit\u00e4. N\u00e4m\u00e4 tyylikk\u00e4\u00e4t lasikannet tarjoavat ainutlaatuisen yhdistelm\u00e4n esteettist\u00e4 houkuttelevuutta ja toiminnallisia etuja, jotka tekev\u00e4t AIO-tietokoneestasi ty\u00f6tilasi tai kodin viihdeasennuksen keskipisteen.<\/p>\n<p data-sourcepos=\"7:1-7:39\"><strong>T\u00e4rkeimm\u00e4t ominaisuudet :<\/strong><\/p>\n<ul data-sourcepos=\"9:1-9:9\">\n<li data-sourcepos=\"9:1-9:9\">\n<p data-sourcepos=\"9:3-9:199\"><strong>Tyylik\u00e4s ja moderni muotoilu:<\/strong> AIO PC Cover Glass -suojalasissa on tyylik\u00e4s ja moderni muotoilu, joka t\u00e4ydent\u00e4\u00e4 AIO-tietokoneiden minimalistista estetiikkaa ja tuo kokoonpanoosi ripauksen eleganssia ja hienostuneisuutta.<\/p>\n<\/li>\n<li data-sourcepos=\"11:1-12:0\">\n<p data-sourcepos=\"11:3-11:189\"><strong>Parannettu visuaalinen vetovoima:<\/strong> L\u00e4pin\u00e4kyv\u00e4n lasin ansiosta AIO-tietokoneen sis\u00e4iset komponentit n\u00e4kyv\u00e4t sen l\u00e4pi, mik\u00e4 luo visuaalisesti upean efektin, joka tuo esiin sen sis\u00e4lt\u00e4m\u00e4n tekniikan.<\/p>\n<\/li>\n<li data-sourcepos=\"13:1-13:125\">\n<p data-sourcepos=\"13:3-13:125\"><strong>3D Edge Design:<\/strong> Monissa AIO-tietokoneen suojalasipaneeleissa on 3D-reunamuotoilu, joka kaartuu kauniisti AIO-tietokoneen reunojen ymp\u00e4rille ja antaa sile\u00e4n ja hienostuneen ulkon\u00e4\u00f6n.<\/p>\n<\/li>\n<li data-sourcepos=\"15:1-16:0\">\n<p data-sourcepos=\"15:3-15:211\"><strong>Naarmuuntumis- ja iskunkest\u00e4vyys:<\/strong> Se on tyypillisesti valmistettu karkaistusta lasista, joka kest\u00e4\u00e4 hyvin naarmuja, iskuja ja sormenj\u00e4lki\u00e4 ja takaa AIO-tietokoneellesi pitk\u00e4aikaisen suojan.<\/p>\n<\/li>\n<\/ul>\n<p data-sourcepos=\"17:1-17:39\"><strong>Sovellukset:<\/strong><\/p>\n<ul data-sourcepos=\"19:1-24:0\">\n<li data-sourcepos=\"19:1-20:0\">\n<p data-sourcepos=\"19:3-19:171\"><strong>AIO-tietokoneet:<\/strong> AIO-tietokoneiden suojalasi on suunniteltu erityisesti AIO-tietokoneisiin, ja se istuu t\u00e4ydellisesti ja parantaa n\u00e4iden kompaktien p\u00f6yt\u00e4tietokoneiden yleist\u00e4 ulkoasua ja tuntumaa.<\/p>\n<\/li>\n<li data-sourcepos=\"21:1-22:0\">\n<p data-sourcepos=\"21:3-21:207\"><strong>Kodin viihdekeskukset:<\/strong> AIO-tietokoneita k\u00e4ytet\u00e4\u00e4n usein osana kodin viihdekeskuksia, ja se voi nostaa n\u00e4iden kokoonpanojen esteettist\u00e4 vetovoimaa ja tehd\u00e4 niist\u00e4 huoneen keskipisteen.<\/p>\n<\/li>\n<li data-sourcepos=\"23:1-24:0\">\n<p data-sourcepos=\"23:3-23:174\"><strong>Ty\u00f6tilat:<\/strong> AIO-tietokoneet ovat my\u00f6s yh\u00e4 suositumpia ty\u00f6tiloissa, ja AIO-tietokoneiden suojalasi voi lis\u00e4t\u00e4 ammattimaisuutta ja tyyli\u00e4 mihin tahansa toimistoymp\u00e4rist\u00f6\u00f6n.<\/p>\n<\/li>\n<\/ul>","protected":false},"excerpt":{"rendered":"<p>AIO-tietokoneen suojalasi on arvokas lis\u00e4 mihin tahansa AIO-tietokoneeseen, sill\u00e4 se tarjoaa yhdistelm\u00e4n esteettist\u00e4 parannusta ja toiminnallista suojaa. Tyylikk\u00e4\u00e4n muotoilunsa, 3D-reunojen yksityiskohtiensa ja naarmuuntumisenesto-ominaisuuksiensa ansiosta AIO PC Cover Glass tekee AIO PC:st\u00e4 tyylikk\u00e4\u00e4n ja suojatun esineen.<\/p>","protected":false},"featured_media":1580,"template":"","meta":[],"product_cat":[15],"product_tag":[],"_links":{"self":[{"href":"https:\/\/touchscreenmfg.com\/fi\/wp-json\/wp\/v2\/product\/1619"}],"collection":[{"href":"https:\/\/touchscreenmfg.com\/fi\/wp-json\/wp\/v2\/product"}],"about":[{"href":"https:\/\/touchscreenmfg.com\/fi\/wp-json\/wp\/v2\/types\/product"}],"wp:featuredmedia":[{"embeddable":true,"href":"https:\/\/touchscreenmfg.com\/fi\/wp-json\/wp\/v2\/media\/1580"}],"wp:attachment":[{"href":"https:\/\/touchscreenmfg.com\/fi\/wp-json\/wp\/v2\/media?parent=1619"}],"wp:term":[{"taxonomy":"product_cat","embeddable":true,"href":"https:\/\/touchscreenmfg.com\/fi\/wp-json\/wp\/v2\/product_cat?post=1619"},{"taxonomy":"product_tag","embeddable":true,"href":"https:\/\/touchscreenmfg.com\/fi\/wp-json\/wp\/v2\/product_tag?post=1619"}],"curies":[{"name":"wp","href":"https:\/\/api.w.org\/{rel}","templated":true}]}}