{"id":1618,"date":"2024-06-29T01:06:11","date_gmt":"2024-06-29T01:06:11","guid":{"rendered":"https:\/\/touchscreenmfg.com\/manufacturer\/cover-lens\/"},"modified":"2024-06-29T02:42:53","modified_gmt":"2024-06-29T02:42:53","slug":"cover-lens","status":"publish","type":"product","link":"https:\/\/touchscreenmfg.com\/fi\/cover-lens\/","title":{"rendered":"Peitelinssi"},"content":{"rendered":"<h2 class=\"\" data-sourcepos=\"1:1-1:69\">Suojalinssi: Optisten linssien suojaaminen ja parantaminen tarkkuudella.<\/h2>\n<p data-sourcepos=\"3:1-3:129\">Suojalinssit ovat optisia komponentteja, jotka asetetaan ensisijaisten linssien p\u00e4\u00e4lle suojaamaan niit\u00e4 naarmuilta, p\u00f6lylt\u00e4 ja muilta vahingollisilta tekij\u00f6ilt\u00e4. Niill\u00e4 on ratkaiseva merkitys erilaisissa sovelluksissa, ja niill\u00e4 varmistetaan optisten j\u00e4rjestelmien pitk\u00e4ik\u00e4isyys ja optimaalinen suorituskyky.<\/p>\n<p data-sourcepos=\"5:1-5:30\"><strong>T\u00e4rkeimm\u00e4t ominaisuudet:<\/strong><\/p>\n<ul data-sourcepos=\"7:1-9:14\">\n<li data-sourcepos=\"7:1-8:0\">\n<p data-sourcepos=\"7:3-7:154\"><strong>Suojelu:<\/strong> Suojalinssit toimivat suojana, joka suojaa prim\u00e4\u00e4rilinssej\u00e4 naarmuilta, hankauksilta ja muilta ulkoisten tekij\u00f6iden aiheuttamilta fyysisilt\u00e4 vaurioilta.<\/p>\n<\/li>\n<li data-sourcepos=\"9:1-9:14\">\n<p data-sourcepos=\"9:3-9:14\"><strong>Kest\u00e4vyys:<\/strong> Ne on yleens\u00e4 valmistettu kest\u00e4vist\u00e4 materiaaleista, kuten lasista tai muovista, jotta ne kest\u00e4v\u00e4t s\u00e4\u00e4nn\u00f6llist\u00e4 k\u00e4ytt\u00f6\u00e4 ja vaativia ymp\u00e4rist\u00f6j\u00e4.<\/p>\n<\/li>\n<li data-sourcepos=\"11:1-11:41\">\n<p data-sourcepos=\"11:3-11:41\"><strong>Optinen selkeys:<\/strong> Laadukkaat peitinlinssit s\u00e4ilytt\u00e4v\u00e4t erinomaisen optisen kirkkauden, jolloin valo p\u00e4\u00e4see l\u00e4pi ilman v\u00e4\u00e4ristymi\u00e4 ja p\u00e4\u00e4linssin kuvanlaatu s\u00e4ilyy.<\/p>\n<\/li>\n<li data-sourcepos=\"13:1-14:0\">\n<p data-sourcepos=\"13:3-13:133\"><strong>Monipuolisuus:<\/strong> Niit\u00e4 on saatavana eri muotoisina, kokoisina ja paksuisina, jotta ne sopivat monenlaisiin optisiin sovelluksiin.<\/p>\n<\/li>\n<\/ul>\n<p data-sourcepos=\"15:1-15:33\"><strong>Sovellukset:<\/strong><\/p>\n<ul data-sourcepos=\"17:1-21:47\">\n<li data-sourcepos=\"17:1-18:0\">\n<p data-sourcepos=\"17:3-17:177\"><strong>Kameran ja videokameran objektiivit:<\/strong> Suojauslinssit ovat v\u00e4ltt\u00e4m\u00e4tt\u00f6mi\u00e4 kameran ja videokameran objektiivien suojaamiseksi naarmuilta, p\u00f6lylt\u00e4 ja sormenj\u00e4ljilt\u00e4, mik\u00e4 takaa ter\u00e4v\u00e4t ja selke\u00e4t kuvat.<\/p>\n<\/li>\n<li data-sourcepos=\"19:1-20:0\">\n<p data-sourcepos=\"19:3-19:169\"><strong>Kiikarit ja kaukoputket:<\/strong> Suojalinssit suojaavat kiikareiden ja kaukoputkien objektiivi- ja okulaarilinssej\u00e4 ja est\u00e4v\u00e4t p\u00f6lyn, kosteuden ja iskujen aiheuttamat vauriot.<\/p>\n<\/li>\n<li data-sourcepos=\"21:1-21:47\">\n<p data-sourcepos=\"21:3-21:47\"><strong>L\u00e4\u00e4kinn\u00e4lliset laitteet:<\/strong> Niit\u00e4 k\u00e4ytet\u00e4\u00e4n l\u00e4\u00e4ketieteellisiss\u00e4 laitteissa, kuten mikroskoopeissa ja endoskoopeissa, suojaamaan herkki\u00e4 optisia komponentteja saastumiselta ja vaurioilta.<\/p>\n<\/li>\n<li data-sourcepos=\"23:1-24:0\">\n<p data-sourcepos=\"23:3-23:161\"><strong>Teolliset sovellukset:<\/strong> Niit\u00e4 k\u00e4ytet\u00e4\u00e4n teollisuudessa suojaamaan antureita, lasereita ja muita optisia komponentteja ankarilta ymp\u00e4rist\u00f6ilt\u00e4.<\/p>\n<\/li>\n<\/ul>\n<p data-sourcepos=\"25:1-25:269\">Optisten linssien kiillotus on t\u00e4rke\u00e4 prosessi, jolla varmistetaan, ett\u00e4 peitinlinssit s\u00e4ilytt\u00e4v\u00e4t optisen kirkkautensa ja l\u00e4p\u00e4isev\u00e4t valon ilman v\u00e4\u00e4ristymi\u00e4. Kiillotus poistaa linssin pinnasta mikroskooppisen pienet virheet ja ep\u00e4tasaisuudet, jolloin lopputuloksena on sile\u00e4 ja kirkas pinta.<\/p>","protected":false},"excerpt":{"rendered":"<p>Suojalinssi on arvokas investointi kaikkiin laitteisiin, joissa on kosketusn\u00e4ytt\u00f6 tai herkk\u00e4 n\u00e4ytt\u00f6. Se tarjoaa t\u00e4rke\u00e4\u00e4 suojaa ja parantaa samalla k\u00e4ytt\u00e4j\u00e4kokemusta.<\/p>","protected":false},"featured_media":1579,"template":"","meta":[],"product_cat":[15],"product_tag":[],"_links":{"self":[{"href":"https:\/\/touchscreenmfg.com\/fi\/wp-json\/wp\/v2\/product\/1618"}],"collection":[{"href":"https:\/\/touchscreenmfg.com\/fi\/wp-json\/wp\/v2\/product"}],"about":[{"href":"https:\/\/touchscreenmfg.com\/fi\/wp-json\/wp\/v2\/types\/product"}],"wp:featuredmedia":[{"embeddable":true,"href":"https:\/\/touchscreenmfg.com\/fi\/wp-json\/wp\/v2\/media\/1579"}],"wp:attachment":[{"href":"https:\/\/touchscreenmfg.com\/fi\/wp-json\/wp\/v2\/media?parent=1618"}],"wp:term":[{"taxonomy":"product_cat","embeddable":true,"href":"https:\/\/touchscreenmfg.com\/fi\/wp-json\/wp\/v2\/product_cat?post=1618"},{"taxonomy":"product_tag","embeddable":true,"href":"https:\/\/touchscreenmfg.com\/fi\/wp-json\/wp\/v2\/product_tag?post=1618"}],"curies":[{"name":"wp","href":"https:\/\/api.w.org\/{rel}","templated":true}]}}