{"id":1617,"date":"2024-06-29T01:06:11","date_gmt":"2024-06-29T01:06:11","guid":{"rendered":"https:\/\/touchscreenmfg.com\/manufacturer\/gaming-glass\/"},"modified":"2024-06-29T02:51:17","modified_gmt":"2024-06-29T02:51:17","slug":"gaming-glass","status":"publish","type":"product","link":"https:\/\/touchscreenmfg.com\/fi\/gaming-glass\/","title":{"rendered":"Pelilasi"},"content":{"rendered":"<h2 class=\"\" data-sourcepos=\"1:1-1:81\">Pelilasi: Paranna pelikokemustasi silmien suojauksella ja mukavuudella.<\/h2>\n<p data-sourcepos=\"3:1-3:118\">Pelilasit, jotka tunnetaan my\u00f6s nimell\u00e4 gamer glass, ovat erikoissilm\u00e4lasit, jotka on suunniteltu parantamaan k\u00e4ytt\u00f6mukavuutta ja v\u00e4hent\u00e4m\u00e4\u00e4n silmien rasitusta pitkien pelisessioiden aikana. N\u00e4iss\u00e4 laseissa on yleens\u00e4 useita keskeisi\u00e4 ominaisuuksia, jotka vastaavat pelaajien erityistarpeita.<\/p>\n<p data-sourcepos=\"5:1-5:35\"><strong>T\u00e4rkeimm\u00e4t ominaisuudet:<\/strong><\/p>\n<ul data-sourcepos=\"7:1-9:66\">\n<li data-sourcepos=\"7:1-8:0\">\n<p data-sourcepos=\"7:3-7:300\"><strong>Sinist\u00e4 valoa est\u00e4v\u00e4t linssit:<\/strong> Niiss\u00e4 on usein sinist\u00e4 valoa est\u00e4vi\u00e4 linssej\u00e4, jotka suodattavat osan digitaalisista n\u00e4yt\u00f6ist\u00e4 per\u00e4isin olevasta sinisest\u00e4 valosta. Sininen valo voi h\u00e4irit\u00e4 unirytmi\u00e4 ja lis\u00e4t\u00e4 silmien rasitusta, joten altistumisen v\u00e4hent\u00e4minen voi parantaa mukavuutta ja yleist\u00e4 hyvinvointia.<\/p>\n<\/li>\n<li data-sourcepos=\"9:1-9:66\">\n<p data-sourcepos=\"9:3-9:66\"><strong>H\u00e4ik\u00e4isynestopinnoite:<\/strong> Niiss\u00e4 on yleisesti h\u00e4ik\u00e4isynestopinnoite, joka minimoi ymp\u00e4rist\u00f6n valonl\u00e4hteiden heijastukset, v\u00e4hent\u00e4\u00e4 silmien v\u00e4symist\u00e4 ja parantaa n\u00e4yt\u00f6n n\u00e4kyvyytt\u00e4 erityisesti h\u00e4m\u00e4r\u00e4ss\u00e4 valaistuksessa.<\/p>\n<\/li>\n<li data-sourcepos=\"11:1-12:0\">\n<p data-sourcepos=\"11:3-11:176\"><strong>Mukavat kehykset:<\/strong> Ne on yleens\u00e4 suunniteltu kevyill\u00e4 ja mukavilla kehyksill\u00e4, jotta painoa ja kasvojen painetta voidaan minimoida pitkien pelisessioiden aikana.<\/p>\n<\/li>\n<li data-sourcepos=\"13:1-14:0\">\n<p data-sourcepos=\"13:3-13:159\"><strong>Erilaisia tyylej\u00e4:<\/strong> Niit\u00e4 on saatavana monenlaisia tyylej\u00e4, jotka sopivat erilaisiin mieltymyksiin, tyylikk\u00e4ist\u00e4 ja moderneista malleista perinteisempiin kehyksiin.<\/p>\n<\/li>\n<\/ul>\n<p data-sourcepos=\"15:1-15:35\"><strong>Sovellukset:<\/strong><\/p>\n<ul data-sourcepos=\"17:1-19:78\">\n<li data-sourcepos=\"17:1-18:0\">\n<p data-sourcepos=\"17:3-17:119\"><strong>PC-pelaaminen:<\/strong> Niit\u00e4 k\u00e4ytt\u00e4v\u00e4t p\u00e4\u00e4asiassa PC-pelaajat, jotka tuijottavat tietokoneen n\u00e4ytt\u00f6j\u00e4 pitki\u00e4 aikoja.<\/p>\n<\/li>\n<li data-sourcepos=\"19:1-19:78\">\n<p data-sourcepos=\"19:3-19:78\"><strong>Konsolipelaaminen:<\/strong> My\u00f6s konsoleilla pelaavat pelaajat voivat hy\u00f6ty\u00e4 pelilaseista, varsinkin jos he pelaavat pimeiss\u00e4 huoneissa tai pitki\u00e4 aikoja.<\/p>\n<\/li>\n<li data-sourcepos=\"21:1-22:0\">\n<p data-sourcepos=\"21:3-21:166\"><strong>Kilpapelaaminen:<\/strong> Ammattilaiset ja kilpapelaajat k\u00e4ytt\u00e4v\u00e4t usein pelilaseja, jotta he voivat keskitty\u00e4 optimaalisesti ja v\u00e4hent\u00e4\u00e4 silmien rasitusta intensiivisten pelisessioiden aikana.<\/p>\n<\/li>\n<\/ul>","protected":false},"excerpt":{"rendered":"<p>Gaming Glass on karkaistua lasia, joka on suunniteltu erityisesti pelilaitteille.Kuten tavalliset karkaistun lasin suojat, niiden tarkoituksena on suojata pelilaitteen herkk\u00e4\u00e4 n\u00e4ytt\u00f6\u00e4 naarmuilta ja iskuilta.<\/p>","protected":false},"featured_media":1578,"template":"","meta":[],"product_cat":[15],"product_tag":[],"_links":{"self":[{"href":"https:\/\/touchscreenmfg.com\/fi\/wp-json\/wp\/v2\/product\/1617"}],"collection":[{"href":"https:\/\/touchscreenmfg.com\/fi\/wp-json\/wp\/v2\/product"}],"about":[{"href":"https:\/\/touchscreenmfg.com\/fi\/wp-json\/wp\/v2\/types\/product"}],"wp:featuredmedia":[{"embeddable":true,"href":"https:\/\/touchscreenmfg.com\/fi\/wp-json\/wp\/v2\/media\/1578"}],"wp:attachment":[{"href":"https:\/\/touchscreenmfg.com\/fi\/wp-json\/wp\/v2\/media?parent=1617"}],"wp:term":[{"taxonomy":"product_cat","embeddable":true,"href":"https:\/\/touchscreenmfg.com\/fi\/wp-json\/wp\/v2\/product_cat?post=1617"},{"taxonomy":"product_tag","embeddable":true,"href":"https:\/\/touchscreenmfg.com\/fi\/wp-json\/wp\/v2\/product_tag?post=1617"}],"curies":[{"name":"wp","href":"https:\/\/api.w.org\/{rel}","templated":true}]}}