{"id":1616,"date":"2024-06-29T01:06:11","date_gmt":"2024-06-29T01:06:11","guid":{"rendered":"https:\/\/touchscreenmfg.com\/manufacturer\/3d-cover-glass\/"},"modified":"2024-06-29T03:02:20","modified_gmt":"2024-06-29T03:02:20","slug":"3d-cover-glass","status":"publish","type":"product","link":"https:\/\/touchscreenmfg.com\/fi\/3d-cover-glass\/","title":{"rendered":"3D kansi lasi"},"content":{"rendered":"<h2 class=\"\" data-sourcepos=\"1:1-1:67\">3D-peitelasi: N\u00e4yt\u00f6t: Muotoilemalla tyylikk\u00e4iden ja kest\u00e4vien n\u00e4ytt\u00f6jen tulevaisuutta.<\/h2>\n<p data-sourcepos=\"3:1-3:68\">3D Cover Glass, joka tunnetaan my\u00f6s nimell\u00e4 curved cover glass, on vallankumouksellinen lasityyppi, joka muuttaa elektronisten laitteiden muotoilua ja toimivuutta. Toisin kuin perinteisess\u00e4 tasomaisessa suojalasissa, siin\u00e4 on kaareva muoto, joka sopii saumattomasti nykyaikaisten kaarevien n\u00e4ytt\u00f6jen \u00e4\u00e4riviivoihin. T\u00e4m\u00e4 innovatiivinen muotoilu tarjoaa monia etuja tasopeitelasiin verrattuna, mink\u00e4 vuoksi se on sek\u00e4 valmistajien ett\u00e4 kuluttajien suosima valinta.<\/p>\n<p data-sourcepos=\"5:1-5:2\"><strong>T\u00e4rkeimm\u00e4t ominaisuudet:<\/strong><\/p>\n<ul data-sourcepos=\"7:1-7:103\">\n<li data-sourcepos=\"7:1-7:103\">\n<p class=\"\" data-sourcepos=\"7:3-7:170\"><strong class=\"\">Tyylik\u00e4s ja tyylik\u00e4s muotoilu:<\/strong> Se parantaa laitteiden estetiikkaa luomalla sile\u00e4n, yhten\u00e4isen pinnan, joka sulautuu saumattomasti kaarevaan n\u00e4ytt\u00f6\u00f6n.<\/p>\n<\/li>\n<li data-sourcepos=\"9:1-10:0\">\n<p data-sourcepos=\"9:3-9:177\"><strong>Parannettu kest\u00e4vyys:<\/strong> 3D-peitelasin kaareva muoto tarjoaa paremman rakenteellisen tuen, joten se kest\u00e4\u00e4 paremmin iskuja ja naarmuja kuin tasainen peitelasi.<\/p>\n<\/li>\n<li data-sourcepos=\"11:1-12:0\">\n<p data-sourcepos=\"11:3-11:160\"><strong>Parannettu reunasta reunaan -n\u00e4ytt\u00f6:<\/strong> Se mahdollistaa reunasta reunaan -n\u00e4yt\u00f6t, jotka maksimoivat katselualueen ja luovat upeamman k\u00e4ytt\u00f6kokemuksen.<\/p>\n<\/li>\n<li data-sourcepos=\"13:1-13:105\">\n<p data-sourcepos=\"13:3-13:105\"><strong>Kosketusn\u00e4yt\u00f6n yhteensopivuus:<\/strong> Se on t\u00e4ysin yhteensopiva kosketusn\u00e4ytt\u00f6tekniikan kanssa, mik\u00e4 takaa saumattoman kosketusvuorovaikutuksen.<\/p>\n<\/li>\n<\/ul>\n<p data-sourcepos=\"15:1-15:35\"><strong>Sovellukset:<\/strong><\/p>\n<ul data-sourcepos=\"17:1-24:0\">\n<li data-sourcepos=\"17:1-18:0\">\n<p data-sourcepos=\"17:3-17:135\"><strong>\u00c4lypuhelimet:<\/strong> Sit\u00e4 k\u00e4ytet\u00e4\u00e4n laajalti huippuluokan \u00e4lypuhelimissa, mik\u00e4 vaikuttaa niiden tyylikk\u00e4\u00e4seen muotoiluun ja kest\u00e4v\u00e4\u00e4n rakenteeseen.<\/p>\n<\/li>\n<li data-sourcepos=\"19:1-20:0\">\n<p data-sourcepos=\"19:3-19:118\"><strong>Tabletit:<\/strong> Tabletit k\u00e4ytt\u00e4v\u00e4t yh\u00e4 useammin 3D Cover Glass -lasia suurempien n\u00e4ytt\u00f6jen ja paremman k\u00e4ytt\u00f6kokemuksen vuoksi.<\/p>\n<\/li>\n<li data-sourcepos=\"21:1-22:0\">\n<p data-sourcepos=\"21:3-21:113\"><strong>Kannettavat tietokoneet:<\/strong> Joissakin huippuluokan kannettavissa tietokoneissa on 3D Cover Glass -teknologia, joka mahdollistaa kosketusta tukevat n\u00e4yt\u00f6t ja tyylikk\u00e4\u00e4n estetiikan.<\/p>\n<\/li>\n<li data-sourcepos=\"23:1-24:0\">\n<p data-sourcepos=\"23:3-23:146\"><strong>\u00c4lykellot:<\/strong>Se on l\u00f6yt\u00e4m\u00e4ss\u00e4 tiens\u00e4 \u00e4lykelloihin ja tarjoaa niiden n\u00e4yt\u00f6ille kest\u00e4v\u00e4mm\u00e4n ja visuaalisesti houkuttelevamman suojan.<\/p>\n<\/li>\n<\/ul>","protected":false},"excerpt":{"rendered":"<p>3D Cover Glass on mullistava tekij\u00e4 elektroniikkalaitteiden maailmassa, sill\u00e4 se tarjoaa yhdistelm\u00e4n tyylik\u00e4st\u00e4 muotoilua, parempaa kest\u00e4vyytt\u00e4 ja parempia n\u00e4ytt\u00f6ominaisuuksia. Teknologian kehittyess\u00e4 siit\u00e4 on tulossa yh\u00e4 yleisempi, ja se muokkaa \u00e4lypuhelinten, tablettien, kannettavien tietokoneiden ja muiden laitteiden tulevaisuutta.<\/p>","protected":false},"featured_media":1577,"template":"","meta":[],"product_cat":[15],"product_tag":[],"_links":{"self":[{"href":"https:\/\/touchscreenmfg.com\/fi\/wp-json\/wp\/v2\/product\/1616"}],"collection":[{"href":"https:\/\/touchscreenmfg.com\/fi\/wp-json\/wp\/v2\/product"}],"about":[{"href":"https:\/\/touchscreenmfg.com\/fi\/wp-json\/wp\/v2\/types\/product"}],"wp:featuredmedia":[{"embeddable":true,"href":"https:\/\/touchscreenmfg.com\/fi\/wp-json\/wp\/v2\/media\/1577"}],"wp:attachment":[{"href":"https:\/\/touchscreenmfg.com\/fi\/wp-json\/wp\/v2\/media?parent=1616"}],"wp:term":[{"taxonomy":"product_cat","embeddable":true,"href":"https:\/\/touchscreenmfg.com\/fi\/wp-json\/wp\/v2\/product_cat?post=1616"},{"taxonomy":"product_tag","embeddable":true,"href":"https:\/\/touchscreenmfg.com\/fi\/wp-json\/wp\/v2\/product_tag?post=1616"}],"curies":[{"name":"wp","href":"https:\/\/api.w.org\/{rel}","templated":true}]}}