{"id":1615,"date":"2024-06-29T01:06:11","date_gmt":"2024-06-29T01:06:11","guid":{"rendered":"https:\/\/touchscreenmfg.com\/manufacturer\/chemically-tempered-cover-glass\/"},"modified":"2024-06-29T03:26:40","modified_gmt":"2024-06-29T03:26:40","slug":"chemically-tempered-cover-glass","status":"publish","type":"product","link":"https:\/\/touchscreenmfg.com\/fi\/chemically-tempered-cover-glass\/","title":{"rendered":"Kemiallisesti karkaistu suojalasi"},"content":{"rendered":"<h2 class=\"\" data-sourcepos=\"1:1-1:91\">Kemiallisesti karkaistu suojalasi: Elektronisten laitteiden kest\u00e4vyyden ja selkeyden parantaminen<\/h2>\n<p data-sourcepos=\"3:1-3:72\">Kemiallisesti karkaistu peitelasi, joka tunnetaan my\u00f6s nimell\u00e4 ionivaihdettu lasi, on lasityyppi, joka on k\u00e4sitelty kemiallisesti lujuuden ja kest\u00e4vyyden parantamiseksi. Prosessi, jossa lasin natriumionit vaihdetaan kaliumioneihin, luo lasin pintaan puristusj\u00e4nnityskerroksen, joka tekee lasista kest\u00e4v\u00e4mm\u00e4n naarmuja, iskuja ja l\u00e4mp\u00f6shokkeja vastaan.<\/p>\n<p data-sourcepos=\"5:1-5:49\"><strong>T\u00e4rkeimm\u00e4t ominaisuudet:<\/strong><\/p>\n<ul data-sourcepos=\"7:1-9:1\">\n<li data-sourcepos=\"7:1-8:0\">\n<p data-sourcepos=\"7:3-7:166\"><strong>Parannettu vahvuus:<\/strong> Se on tyypillisesti kuusi-kahdeksan kertaa vahvempaa kuin tavallinen lasi, joten se on v\u00e4hemm\u00e4n altis rikkoutumiselle ja naarmuuntumiselle.<\/p>\n<\/li>\n<li data-sourcepos=\"9:1-9:1\">\n<p data-sourcepos=\"9:3-9:140\"><strong>Optinen selkeys:<\/strong> Ioninvaihtoprosessi ei muuta lasin optisia ominaisuuksia, joten sen l\u00e4pin\u00e4kyvyys ja kirkkaus s\u00e4ilyv\u00e4t.<\/p>\n<\/li>\n<li data-sourcepos=\"11:1-12:0\">\n<p data-sourcepos=\"11:3-11:145\"><strong>Monipuolisuus:<\/strong> Sit\u00e4 voidaan leikata ja muotoilla erilaisiin muotoihin, joten se soveltuu monenlaisiin sovelluksiin.<\/p>\n<\/li>\n<li data-sourcepos=\"13:1-14:0\">\n<p data-sourcepos=\"13:3-13:163\"><strong>Ohuus:<\/strong> Sit\u00e4 voidaan valmistaa ohuempina osina kuin l\u00e4mp\u00f6karkaistua lasia, mik\u00e4 mahdollistaa kevyempien ja tyylikk\u00e4\u00e4mpien laitteiden valmistamisen.<\/p>\n<\/li>\n<\/ul>\n<p data-sourcepos=\"15:1-15:52\"><strong>Sovellukset:<\/strong><\/p>\n<ul data-sourcepos=\"17:1-19:1\">\n<li data-sourcepos=\"17:1-18:0\">\n<p data-sourcepos=\"17:3-17:184\"><strong>\u00c4lypuhelimet ja tabletit:<\/strong>Sit\u00e4 k\u00e4ytet\u00e4\u00e4n laajalti \u00e4lypuhelimissa ja tableteissa suojaamaan herkki\u00e4 n\u00e4ytt\u00f6j\u00e4 naarmuilta, iskuilta ja tahattomilta pudotuksilta.<\/p>\n<\/li>\n<li data-sourcepos=\"19:1-19:1\">\n<p data-sourcepos=\"19:3-19:159\"><strong>Kannettavat tietokoneet ja kannettavat laitteet:<\/strong> Kannettavat tietokoneet, tabletit ja muut kannettavat laitteet k\u00e4ytt\u00e4v\u00e4t usein kemiallisesti karkaistua suojalasia n\u00e4yt\u00f6iss\u00e4\u00e4n ja kosketusn\u00e4yt\u00f6iss\u00e4\u00e4n.<\/p>\n<\/li>\n<li data-sourcepos=\"21:1-22:0\">\n<p data-sourcepos=\"21:3-21:151\"><strong>Autojen n\u00e4yt\u00f6t:<\/strong> Sit\u00e4 k\u00e4ytet\u00e4\u00e4n yh\u00e4 useammin autojen n\u00e4yt\u00f6iss\u00e4 sen kest\u00e4vyyden ja optisen kirkkauden vuoksi.<\/p>\n<\/li>\n<li data-sourcepos=\"23:1-24:0\">\n<p data-sourcepos=\"23:3-23:160\"><strong>\u00c4lykellot ja puettavat laitteet:<\/strong> \u00c4lykellot ja muut puettavat laitteet hy\u00f6tyv\u00e4t kemiallisesti karkaistun suojalasin naarmunkest\u00e4vyydest\u00e4 ja lujuudesta.<\/p>\n<\/li>\n<\/ul>\n<p data-sourcepos=\"25:1-25:27\"><strong>Karkaistun lasin leikkaaminen:<\/strong><\/p>\n<p data-sourcepos=\"27:1-27:276\">Kemiallisesti karkaistun suojalasin leikkaaminen vaatii erikoistekniikoita ja -laitteita, koska lasin lujuus on kasvanut ja se voi pirstoutua, jos sit\u00e4 k\u00e4sitell\u00e4\u00e4n v\u00e4\u00e4rin. Kemiallisesti karkaistun suojalasin tarkkaa ja turvallista leikkaamista varten suositellaan ammattimaista lasinleikkauspalvelua.<\/p>","protected":false},"excerpt":{"rendered":"<p>Kemiallisesti karkaistusta suojalasista on tullut suosittu valinta erilaisten elektronisten laitteiden n\u00e4ytt\u00f6jen suojaamiseen ja parantamiseen. Sen lujuuden, optisen kirkkauden ja monipuolisuuden yhdistelm\u00e4 tekee siit\u00e4 olennaisen osan nykyaikaista teknologiaa.<\/p>","protected":false},"featured_media":1576,"template":"","meta":[],"product_cat":[15],"product_tag":[],"_links":{"self":[{"href":"https:\/\/touchscreenmfg.com\/fi\/wp-json\/wp\/v2\/product\/1615"}],"collection":[{"href":"https:\/\/touchscreenmfg.com\/fi\/wp-json\/wp\/v2\/product"}],"about":[{"href":"https:\/\/touchscreenmfg.com\/fi\/wp-json\/wp\/v2\/types\/product"}],"wp:featuredmedia":[{"embeddable":true,"href":"https:\/\/touchscreenmfg.com\/fi\/wp-json\/wp\/v2\/media\/1576"}],"wp:attachment":[{"href":"https:\/\/touchscreenmfg.com\/fi\/wp-json\/wp\/v2\/media?parent=1615"}],"wp:term":[{"taxonomy":"product_cat","embeddable":true,"href":"https:\/\/touchscreenmfg.com\/fi\/wp-json\/wp\/v2\/product_cat?post=1615"},{"taxonomy":"product_tag","embeddable":true,"href":"https:\/\/touchscreenmfg.com\/fi\/wp-json\/wp\/v2\/product_tag?post=1615"}],"curies":[{"name":"wp","href":"https:\/\/api.w.org\/{rel}","templated":true}]}}