{"id":1613,"date":"2024-06-29T01:06:11","date_gmt":"2024-06-29T01:06:11","guid":{"rendered":"https:\/\/touchscreenmfg.com\/manufacturer\/3d-bent-glass\/"},"modified":"2024-06-29T03:36:43","modified_gmt":"2024-06-29T03:36:43","slug":"3d-bent-glass","status":"publish","type":"product","link":"https:\/\/touchscreenmfg.com\/fi\/3d-bent-glass\/","title":{"rendered":"3D taivutettu lasi"},"content":{"rendered":"<h2 class=\"\" data-sourcepos=\"1:1-1:66\">3D taivutettu lasi: Muotoilemalla tyylikk\u00e4iden ja kest\u00e4vien n\u00e4ytt\u00f6jen tulevaisuutta.<\/h2>\n<p data-sourcepos=\"3:1-3:67\">3D-taivutettu lasi, joka tunnetaan my\u00f6s nimell\u00e4 kaareva suojalasi, on vallankumouksellinen lasityyppi, joka muuttaa elektronisten laitteiden muotoilua ja toimivuutta. Toisin kuin perinteisess\u00e4 tasomaisessa suojalasissa, 3D Bent Glassissa on kaareva muoto, joka sopii saumattomasti nykyaikaisten kaarevien n\u00e4ytt\u00f6jen \u00e4\u00e4riviivoihin. T\u00e4m\u00e4 innovatiivinen muotoilu tarjoaa monia etuja tasopeitelasiin verrattuna, mink\u00e4 vuoksi se on sek\u00e4 valmistajien ett\u00e4 kuluttajien suosima valinta.<\/p>\n<p data-sourcepos=\"5:1-5:19\"><strong>T\u00e4rkeimm\u00e4t ominaisuudet:<\/strong><\/p>\n<ul data-sourcepos=\"7:1-7:153\">\n<li data-sourcepos=\"7:1-7:153\">\n<p class=\"\" data-sourcepos=\"7:3-7:169\"><strong class=\"\">Tyylik\u00e4s ja tyylik\u00e4s muotoilu:<\/strong> 3D Bent Glass parantaa laitteiden estetiikkaa luomalla sile\u00e4n, yhten\u00e4isen pinnan, joka sulautuu saumattomasti kaarevaan n\u00e4ytt\u00f6\u00f6n.<\/p>\n<\/li>\n<li data-sourcepos=\"9:1-10:0\">\n<p data-sourcepos=\"9:3-9:176\"><strong>Parannettu kest\u00e4vyys:<\/strong> 3D Bent Glass -lasin kaareva muoto tarjoaa paremman rakenteellisen tuen, joten se kest\u00e4\u00e4 paremmin iskuja ja naarmuja kuin tasainen suojalasi.<\/p>\n<\/li>\n<li data-sourcepos=\"11:1-12:0\">\n<p data-sourcepos=\"11:3-11:159\"><strong>Parannettu reunasta reunaan -n\u00e4ytt\u00f6:<\/strong> 3D Bent Glass mahdollistaa reunasta reunaan -n\u00e4yt\u00f6t, jotka maksimoivat katselualueen ja luovat upeamman k\u00e4ytt\u00f6kokemuksen.<\/p>\n<\/li>\n<li data-sourcepos=\"13:1-13:131\">\n<p data-sourcepos=\"13:3-13:131\"><strong>Kosketusn\u00e4yt\u00f6n yhteensopivuus:<\/strong> 3D Bent Glass on t\u00e4ysin yhteensopiva kosketusn\u00e4ytt\u00f6teknologian kanssa, mik\u00e4 takaa saumattoman kosketusvuorovaikutuksen.<\/p>\n<\/li>\n<\/ul>\n<p data-sourcepos=\"15:1-15:27\"><strong>Karkaistun lasin taivuttaminen:<\/strong><\/p>\n<p data-sourcepos=\"17:1-17:284\">3D-taivutetun lasin luomisprosessissa karkaistua lasia kuumennetaan korkeaan l\u00e4mp\u00f6tilaan ja muotoillaan se sitten haluttuun muotoon k\u00e4ytt\u00e4m\u00e4ll\u00e4 erikoismuotteja ja -laitteita. T\u00e4ll\u00e4 prosessilla varmistetaan, ett\u00e4 lasi s\u00e4ilytt\u00e4\u00e4 lujuutensa ja kest\u00e4vyytens\u00e4 samalla, kun se saavuttaa halutun kaarevuuden.<\/p>\n<p data-sourcepos=\"19:1-19:34\"><strong>Sovellukset:<\/strong><\/p>\n<ul data-sourcepos=\"21:1-28:0\">\n<li data-sourcepos=\"21:1-22:0\">\n<p data-sourcepos=\"21:3-21:134\"><strong>\u00c4lypuhelimet:<\/strong> Sit\u00e4 k\u00e4ytet\u00e4\u00e4n laajalti huippuluokan \u00e4lypuhelimissa, mik\u00e4 vaikuttaa niiden tyylikk\u00e4\u00e4seen muotoiluun ja kest\u00e4v\u00e4\u00e4n rakenteeseen.<\/p>\n<\/li>\n<li data-sourcepos=\"23:1-24:0\">\n<p data-sourcepos=\"23:3-23:117\"><strong>Tabletit:<\/strong> Tabletit k\u00e4ytt\u00e4v\u00e4t yh\u00e4 useammin 3D Bent Glass -lasia suurempien n\u00e4ytt\u00f6jen ja paremman k\u00e4ytt\u00f6kokemuksen vuoksi.<\/p>\n<\/li>\n<li data-sourcepos=\"25:1-26:0\">\n<p data-sourcepos=\"25:3-25:112\"><strong>Kannettavat tietokoneet:<\/strong> Joissakin premium-kannettavissa on 3D Bent Glass -lasia, joka mahdollistaa kosketusta tukevat n\u00e4yt\u00f6t ja tyylikk\u00e4\u00e4n estetiikan.<\/p>\n<\/li>\n<li data-sourcepos=\"27:1-28:0\">\n<p data-sourcepos=\"27:3-27:145\"><strong>\u00c4lykellot:<\/strong> Se on l\u00f6yt\u00e4m\u00e4ss\u00e4 tiens\u00e4 \u00e4lykelloihin ja tarjoaa niiden n\u00e4yt\u00f6ille kest\u00e4v\u00e4mm\u00e4n ja visuaalisesti houkuttelevamman suojan.<\/p>\n<\/li>\n<\/ul>","protected":false},"excerpt":{"rendered":"<p>3D-taivutettu lasi on mullistava tekij\u00e4 elektronisten laitteiden maailmassa, sill\u00e4 se tarjoaa tyylikk\u00e4\u00e4n muotoilun, paremman kest\u00e4vyyden ja paremmat n\u00e4ytt\u00f6ominaisuudet. Teknologian kehittyess\u00e4 3D-taivutettu lasi on valmis yleistym\u00e4\u00e4n entisest\u00e4\u00e4n ja muokkaamaan \u00e4lypuhelinten, tablettien, kannettavien tietokoneiden ja muiden laitteiden tulevaisuutta.<\/p>","protected":false},"featured_media":1574,"template":"","meta":[],"product_cat":[15],"product_tag":[],"_links":{"self":[{"href":"https:\/\/touchscreenmfg.com\/fi\/wp-json\/wp\/v2\/product\/1613"}],"collection":[{"href":"https:\/\/touchscreenmfg.com\/fi\/wp-json\/wp\/v2\/product"}],"about":[{"href":"https:\/\/touchscreenmfg.com\/fi\/wp-json\/wp\/v2\/types\/product"}],"wp:featuredmedia":[{"embeddable":true,"href":"https:\/\/touchscreenmfg.com\/fi\/wp-json\/wp\/v2\/media\/1574"}],"wp:attachment":[{"href":"https:\/\/touchscreenmfg.com\/fi\/wp-json\/wp\/v2\/media?parent=1613"}],"wp:term":[{"taxonomy":"product_cat","embeddable":true,"href":"https:\/\/touchscreenmfg.com\/fi\/wp-json\/wp\/v2\/product_cat?post=1613"},{"taxonomy":"product_tag","embeddable":true,"href":"https:\/\/touchscreenmfg.com\/fi\/wp-json\/wp\/v2\/product_tag?post=1613"}],"curies":[{"name":"wp","href":"https:\/\/api.w.org\/{rel}","templated":true}]}}