{"id":1612,"date":"2024-06-29T01:06:10","date_gmt":"2024-06-29T01:06:10","guid":{"rendered":"https:\/\/touchscreenmfg.com\/manufacturer\/capacitive-touch-screen\/"},"modified":"2024-06-29T03:40:01","modified_gmt":"2024-06-29T03:40:01","slug":"capacitive-touch-screen","status":"publish","type":"product","link":"https:\/\/touchscreenmfg.com\/fi\/capacitive-touch-screen\/","title":{"rendered":"Kapasitiivinen kosketusn\u00e4ytt\u00f6"},"content":{"rendered":"<h2 class=\"\" data-sourcepos=\"1:1-1:102\">Kapasitiiviset kosketusn\u00e4yt\u00f6t: Ihmisen ja koneen vuorovaikutuksen mullistaminen intuitiivisen kosketusteknologian avulla.<\/h2>\n<p data-sourcepos=\"3:1-3:88\">Kapasitiiviset kosketusn\u00e4yt\u00f6t, jotka tunnetaan my\u00f6s kapasitiivisina kosketuspaneeleina tai interaktiivisina n\u00e4ytt\u00f6in\u00e4, ovat mullistaneet tavan, jolla olemme vuorovaikutuksessa teknologian kanssa. N\u00e4iss\u00e4 innovatiivisissa kosketusn\u00e4yt\u00f6iss\u00e4 k\u00e4ytet\u00e4\u00e4n n\u00e4yt\u00f6n pinnan alle upotettuja elektrodeja, jotka havaitsevat sormen tai muun johtavan esineen aiheuttamat muutokset s\u00e4hk\u00f6kent\u00e4ss\u00e4. T\u00e4m\u00e4n tekniikan avulla k\u00e4ytt\u00e4j\u00e4t voivat hallita digitaalista sis\u00e4lt\u00f6\u00e4 ja olla vuorovaikutuksessa sen kanssa intuitiivisten kosketusliikkeiden, kuten napautusten, pyyhk\u00e4isyjen, nipistysten ja zoomausten avulla.<\/p>\n<p data-sourcepos=\"5:1-5:45\"><strong>T\u00e4rkeimm\u00e4t ominaisuudet:<\/strong><\/p>\n<ul data-sourcepos=\"7:1-7:125\">\n<li data-sourcepos=\"7:1-7:125\">\n<p class=\"\" data-sourcepos=\"7:3-7:241\"><strong class=\"\">Tarkka ja reagoiva kosketustunnistus:<\/strong> Kapasitiivisissa kosketusn\u00e4yt\u00f6iss\u00e4 k\u00e4ytet\u00e4\u00e4n kehittynytt\u00e4 kosketuksen tunnistustekniikkaa, joka tallentaa ja reagoi tarkasti monenlaisiin kosketusliikkeisiin ja tarjoaa luonnollisen ja intuitiivisen k\u00e4ytt\u00f6kokemuksen.<\/p>\n<\/li>\n<li data-sourcepos=\"9:1-10:0\">\n<p data-sourcepos=\"9:3-9:210\"><strong>Monikosketuskyky:<\/strong> Monet kapasitiiviset kosketusn\u00e4yt\u00f6t tukevat monikosketusominaisuutta, jolloin k\u00e4ytt\u00e4j\u00e4t voivat olla vuorovaikutuksessa n\u00e4yt\u00f6n useiden kohtien kanssa samanaikaisesti, mik\u00e4 parantaa vuorovaikutuskokemusta.<\/p>\n<\/li>\n<li data-sourcepos=\"11:1-12:0\">\n<p data-sourcepos=\"11:3-11:206\"><strong>Kest\u00e4v\u00e4t ja naarmuuntumattomat pinnat:<\/strong> Kapasitiiviset kosketusn\u00e4yt\u00f6t on yleens\u00e4 valmistettu kest\u00e4vist\u00e4 materiaaleista, kuten karkaistusta lasista tai muovista, jotta ne kest\u00e4v\u00e4t s\u00e4\u00e4nn\u00f6llist\u00e4 k\u00e4ytt\u00f6\u00e4 ja naarmuja.<\/p>\n<\/li>\n<li data-sourcepos=\"13:1-13:35\">\n<p data-sourcepos=\"13:3-13:35\"><strong>Monipuoliset sovellukset:<\/strong> Kapasitiivisia kosketusn\u00e4ytt\u00f6j\u00e4 k\u00e4ytet\u00e4\u00e4n monenlaisissa sovelluksissa, kuten \u00e4lypuhelimissa, tableteissa, kannettavissa tietokoneissa, kioskeissa ja teollisuuden ohjausj\u00e4rjestelmiss\u00e4.<\/p>\n<\/li>\n<\/ul>\n<p data-sourcepos=\"15:1-15:32\"><strong>Kapasitiivinen kosketustekniikka:<\/strong><\/p>\n<p data-sourcepos=\"17:1-17:327\">Kapasitiivisten kosketusn\u00e4ytt\u00f6jen ytimess\u00e4 on kapasitiivisen tunnistuksen periaate. Kun johtava esine, kuten sormi, koskettaa n\u00e4ytt\u00f6\u00e4, se h\u00e4iritsee elektrodien tuottamaa s\u00e4hk\u00f6kentt\u00e4\u00e4. Kosketusanturipiiri mittaa t\u00e4m\u00e4n h\u00e4iri\u00f6n, jolloin j\u00e4rjestelm\u00e4 voi m\u00e4\u00e4ritt\u00e4\u00e4 kosketuksen sijainnin.<\/p>\n<p data-sourcepos=\"19:1-19:45\"><strong>Sovellukset:<\/strong><\/p>\n<ul data-sourcepos=\"21:1-28:0\">\n<li data-sourcepos=\"21:1-22:0\">\n<p data-sourcepos=\"21:3-21:168\"><strong>Viihde-elektroniikka:<\/strong> Kapasitiiviset kosketusn\u00e4yt\u00f6t ovat yleisi\u00e4 kulutuselektroniikkalaitteissa, ja ne mahdollistavat \u00e4lypuhelinten, tablettien ja kannettavien tietokoneiden intuitiivisen hallinnan.<\/p>\n<\/li>\n<li data-sourcepos=\"23:1-24:0\">\n<p data-sourcepos=\"23:3-23:152\"><strong>Kaupalliset n\u00e4yt\u00f6t:<\/strong> Kosketusn\u00e4ytt\u00f6j\u00e4 k\u00e4ytet\u00e4\u00e4n yh\u00e4 useammin kaupallisissa ymp\u00e4rist\u00f6iss\u00e4, kuten v\u00e4hitt\u00e4iskaupan kioskeissa, interaktiivisissa opasteissa ja opetusn\u00e4yt\u00f6iss\u00e4.<\/p>\n<\/li>\n<li data-sourcepos=\"25:1-26:0\">\n<p data-sourcepos=\"25:3-25:158\"><strong>Teollisuusautomaatio:<\/strong> Kosketusn\u00e4ytt\u00f6paneeleita k\u00e4ytet\u00e4\u00e4n teollisuusautomaatioj\u00e4rjestelmiss\u00e4 koneiden ohjaamiseen, prosessien seurantaan ja tietojen visualisointiin.<\/p>\n<\/li>\n<li data-sourcepos=\"27:1-28:0\">\n<p data-sourcepos=\"27:3-27:178\"><strong>Kotiautomaatio:<\/strong> Kapasitiiviset kosketusn\u00e4yt\u00f6t on integroitu \u00e4lykk\u00e4isiin kotij\u00e4rjestelmiin, jolloin k\u00e4ytt\u00e4j\u00e4t voivat ohjata valaistusta, laitteita ja turvaominaisuuksia pelk\u00e4ll\u00e4 kosketuksella.<\/p>\n<\/li>\n<\/ul>","protected":false},"excerpt":{"rendered":"<p>Kapasitiiviset kosketusn\u00e4yt\u00f6t ovat muuttaneet ihmisen ja koneen v\u00e4list\u00e4 vuorovaikutusta, sill\u00e4 ne tarjoavat luonnollisemman ja intuitiivisemman tavan hallita digitaalisia laitteita ja olla vuorovaikutuksessa niiden kanssa. Niiden monipuolisuus, tarkkuus ja kest\u00e4vyys tekev\u00e4t niist\u00e4 korvaamattomia komponentteja monissa eri sovelluksissa kulutuselektroniikasta teollisuusautomaatioon.<\/p>","protected":false},"featured_media":1573,"template":"","meta":[],"product_cat":[41],"product_tag":[],"_links":{"self":[{"href":"https:\/\/touchscreenmfg.com\/fi\/wp-json\/wp\/v2\/product\/1612"}],"collection":[{"href":"https:\/\/touchscreenmfg.com\/fi\/wp-json\/wp\/v2\/product"}],"about":[{"href":"https:\/\/touchscreenmfg.com\/fi\/wp-json\/wp\/v2\/types\/product"}],"wp:featuredmedia":[{"embeddable":true,"href":"https:\/\/touchscreenmfg.com\/fi\/wp-json\/wp\/v2\/media\/1573"}],"wp:attachment":[{"href":"https:\/\/touchscreenmfg.com\/fi\/wp-json\/wp\/v2\/media?parent=1612"}],"wp:term":[{"taxonomy":"product_cat","embeddable":true,"href":"https:\/\/touchscreenmfg.com\/fi\/wp-json\/wp\/v2\/product_cat?post=1612"},{"taxonomy":"product_tag","embeddable":true,"href":"https:\/\/touchscreenmfg.com\/fi\/wp-json\/wp\/v2\/product_tag?post=1612"}],"curies":[{"name":"wp","href":"https:\/\/api.w.org\/{rel}","templated":true}]}}