{"id":1611,"date":"2024-06-29T01:06:10","date_gmt":"2024-06-29T01:06:10","guid":{"rendered":"https:\/\/touchscreenmfg.com\/manufacturer\/oled-touch-screen\/"},"modified":"2024-06-29T03:46:04","modified_gmt":"2024-06-29T03:46:04","slug":"oled-touch-screen","status":"publish","type":"product","link":"https:\/\/touchscreenmfg.com\/fi\/oled-touch-screen\/","title":{"rendered":"OLED-kosketusn\u00e4ytt\u00f6"},"content":{"rendered":"<h2 class=\"\" data-sourcepos=\"3:1-3:103\">OLED-kosketusn\u00e4yt\u00f6t: N\u00e4yt\u00f6t: K\u00e4ytt\u00e4j\u00e4kokemuksen parantaminen v\u00e4rikk\u00e4ill\u00e4 n\u00e4yt\u00f6ill\u00e4 ja responsiivisella kosketusvuorovaikutuksella<\/h2>\n<p data-sourcepos=\"5:1-5:118\">OLED-kosketusn\u00e4yt\u00f6iss\u00e4, jotka tunnetaan my\u00f6s nimell\u00e4 OLED-kosketusn\u00e4yt\u00f6t, yhdistyv\u00e4t orgaanisen valodioditekniikan (OLED) ylivoimainen kuvanlaatu ja kosketusn\u00e4ytt\u00f6paneelin vuorovaikutteiset ominaisuudet. T\u00e4m\u00e4 innovatiivinen teknologia tarjoaa kiehtovan k\u00e4ytt\u00f6kokemuksen, jossa yhdistyv\u00e4t upea visuaalisuus ja intuitiivinen kosketusohjaus.<\/p>\n<p data-sourcepos=\"7:1-7:39\"><strong>T\u00e4rkeimm\u00e4t ominaisuudet:<\/strong><\/p>\n<ul data-sourcepos=\"9:1-9:134\">\n<li data-sourcepos=\"9:1-9:134\">\n<p class=\"\" data-sourcepos=\"9:3-9:190\"><strong class=\"\">Poikkeuksellinen n\u00e4yt\u00f6n laatu:<\/strong> OLED-kosketusn\u00e4yt\u00f6t tarjoavat poikkeuksellisen hyv\u00e4n kuvanlaadun, eloisat v\u00e4rit, korkean kontrastisuhteen ja todellisen mustan s\u00e4vyn, mik\u00e4 takaa visuaalisesti mukaansatempaavan kokemuksen.<\/p>\n<\/li>\n<li data-sourcepos=\"11:1-12:0\">\n<p data-sourcepos=\"11:3-11:178\"><strong>Reagoiva kosketusinteraktio:<\/strong> Kosketusn\u00e4ytt\u00f6paneelin p\u00e4\u00e4llekk\u00e4isn\u00e4yt\u00f6n avulla k\u00e4ytt\u00e4j\u00e4t voivat olla vuorovaikutuksessa n\u00e4yt\u00f6n kanssa intuitiivisten kosketuseleiden, kuten napautusten, pyyhk\u00e4isyjen ja nipistysten avulla.<\/p>\n<\/li>\n<li data-sourcepos=\"13:1-14:0\">\n<p data-sourcepos=\"13:3-13:165\"><strong>Energiatehokkuus:<\/strong> OLED-n\u00e4yt\u00f6t ovat yleens\u00e4 energiatehokkaampia kuin LCD-kosketusn\u00e4yt\u00f6t, ja ne kuluttavat v\u00e4hemm\u00e4n virtaa suorituskyvyst\u00e4 tinkim\u00e4tt\u00e4.<\/p>\n<\/li>\n<li data-sourcepos=\"15:1-16:0\">\n<p data-sourcepos=\"15:3-15:130\"><strong>Joustava muotoilu:<\/strong> OLED-n\u00e4yt\u00f6t tarjoavat enemm\u00e4n joustavuutta suunnittelussa, mik\u00e4 mahdollistaa ohuemmat, kevyemm\u00e4t ja kaarevammat kosketusn\u00e4yt\u00f6t.<\/p>\n<\/li>\n<\/ul>\n<p data-sourcepos=\"17:1-17:39\"><strong>Sovellukset:<\/strong><\/p>\n<ul data-sourcepos=\"19:1-19:151\">\n<li data-sourcepos=\"19:1-19:151\">\n<p data-sourcepos=\"19:3-19:178\"><strong>\u00c4lypuhelimet ja tabletit:<\/strong> OLED-n\u00e4ytt\u00f6j\u00e4 k\u00e4ytet\u00e4\u00e4n yh\u00e4 useammin korkealaatuisissa \u00e4lypuhelimissa ja tableteissa, jotka tarjoavat erinomaisen katselukokemuksen ja paremman vuorovaikutuksen k\u00e4ytt\u00e4j\u00e4n kanssa.<\/p>\n<\/li>\n<li data-sourcepos=\"21:1-22:0\">\n<p data-sourcepos=\"21:3-21:181\"><strong>\u00c4lykellot ja puettavat laitteet:<\/strong> OLED-n\u00e4yt\u00f6t ovat yleistym\u00e4ss\u00e4 \u00e4lykelloissa ja puettavissa laitteissa niiden kompaktin koon, alhaisen virrankulutuksen ja korkean kuvanlaadun ansiosta.<\/p>\n<\/li>\n<li data-sourcepos=\"23:1-24:0\">\n<p data-sourcepos=\"23:3-23:147\"><strong>Televisiot ja n\u00e4yt\u00f6t:<\/strong> OLED-televisiot ja -n\u00e4yt\u00f6t kasvattavat suosiotaan, sill\u00e4 ne tarjoavat poikkeuksellista kuvanlaatua ja upeita katselukokemuksia.<\/p>\n<\/li>\n<li data-sourcepos=\"25:1-26:0\">\n<p data-sourcepos=\"25:3-25:153\"><strong>Autojen n\u00e4yt\u00f6t:<\/strong> OLED-kosketusn\u00e4ytt\u00f6j\u00e4 integroidaan autojen kojelautoihin ja infotainment-j\u00e4rjestelmiin, mik\u00e4 parantaa ajokokemusta.<\/p>\n<\/li>\n<\/ul>","protected":false},"excerpt":{"rendered":"<p>OLED-kosketusn\u00e4yt\u00f6t ovat mullistaneet tapamme olla vuorovaikutuksessa digitaalisten laitteiden kanssa, sill\u00e4 ne tarjoavat yhdistelm\u00e4n upeaa visuaalista kuvaa, herkk\u00e4\u00e4 kosketusohjausta ja energiatehokkuutta. Niiden monipuolisuus ja ylivoimainen n\u00e4yt\u00f6n laatu tekev\u00e4t niist\u00e4 ensisijaisen valinnan monenlaisiin sovelluksiin \u00e4lypuhelimista ja tableteista televisioihin ja ajoneuvojen n\u00e4ytt\u00f6ihin.<\/p>","protected":false},"featured_media":1572,"template":"","meta":[],"product_cat":[41],"product_tag":[],"_links":{"self":[{"href":"https:\/\/touchscreenmfg.com\/fi\/wp-json\/wp\/v2\/product\/1611"}],"collection":[{"href":"https:\/\/touchscreenmfg.com\/fi\/wp-json\/wp\/v2\/product"}],"about":[{"href":"https:\/\/touchscreenmfg.com\/fi\/wp-json\/wp\/v2\/types\/product"}],"wp:featuredmedia":[{"embeddable":true,"href":"https:\/\/touchscreenmfg.com\/fi\/wp-json\/wp\/v2\/media\/1572"}],"wp:attachment":[{"href":"https:\/\/touchscreenmfg.com\/fi\/wp-json\/wp\/v2\/media?parent=1611"}],"wp:term":[{"taxonomy":"product_cat","embeddable":true,"href":"https:\/\/touchscreenmfg.com\/fi\/wp-json\/wp\/v2\/product_cat?post=1611"},{"taxonomy":"product_tag","embeddable":true,"href":"https:\/\/touchscreenmfg.com\/fi\/wp-json\/wp\/v2\/product_tag?post=1611"}],"curies":[{"name":"wp","href":"https:\/\/api.w.org\/{rel}","templated":true}]}}