{"id":1610,"date":"2024-06-29T01:06:10","date_gmt":"2024-06-29T01:06:10","guid":{"rendered":"https:\/\/touchscreenmfg.com\/manufacturer\/tft-touch-screen\/"},"modified":"2024-06-29T03:49:15","modified_gmt":"2024-06-29T03:49:15","slug":"tft-touch-screen","status":"publish","type":"product","link":"https:\/\/touchscreenmfg.com\/fi\/tft-touch-screen\/","title":{"rendered":"TFT-kosketusn\u00e4ytt\u00f6"},"content":{"rendered":"<h2 class=\"\" data-sourcepos=\"3:1-3:77\">TFT-kosketusn\u00e4yt\u00f6t: Yhdist\u00e4m\u00e4ll\u00e4 v\u00e4rien selkeys ja intuitiivinen kosketusvuorovaikutus.<\/h2>\n<p data-sourcepos=\"5:1-5:122\">TFT-kosketusn\u00e4yt\u00f6t, jotka tunnetaan my\u00f6s nimell\u00e4 TFT-kosketusn\u00e4yt\u00f6t, ovat kosketusn\u00e4ytt\u00f6tyyppi, jossa k\u00e4ytet\u00e4\u00e4n ohutkalvotransistoritekniikkaa (TFT) korkealaatuisten kuvien tuottamiseen ja interaktiivisen kosketusohjauksen mahdollistamiseen. N\u00e4it\u00e4 monipuolisia n\u00e4ytt\u00f6j\u00e4 k\u00e4ytet\u00e4\u00e4n laajalti erilaisissa elektroniikkalaitteissa, ja ne tarjoavat tasapainon visuaalisen selkeyden ja k\u00e4ytt\u00e4j\u00e4yst\u00e4v\u00e4llisen vuorovaikutuksen v\u00e4lill\u00e4.<\/p>\n<p data-sourcepos=\"7:1-7:38\"><strong>T\u00e4rkeimm\u00e4t ominaisuudet:<\/strong><\/p>\n<ul data-sourcepos=\"9:1-9:87\">\n<li data-sourcepos=\"9:1-9:87\">\n<p class=\"\" data-sourcepos=\"9:3-9:159\"><strong class=\"\">Eloisa v\u00e4rin\u00e4ytt\u00f6:<\/strong> TFT-kosketusn\u00e4yt\u00f6t tarjoavat laajan v\u00e4rivalikoiman ja korkean resoluution, mik\u00e4 tarjoaa visuaalisesti miellytt\u00e4v\u00e4n ja houkuttelevan k\u00e4ytt\u00f6kokemuksen.<\/p>\n<\/li>\n<li data-sourcepos=\"11:1-12:0\">\n<p data-sourcepos=\"11:3-11:177\"><strong>Reagoiva kosketusinteraktio:<\/strong> Kosketusn\u00e4ytt\u00f6paneelin p\u00e4\u00e4llekk\u00e4isn\u00e4yt\u00f6n avulla k\u00e4ytt\u00e4j\u00e4t voivat olla vuorovaikutuksessa n\u00e4yt\u00f6n kanssa intuitiivisten kosketuseleiden, kuten napautusten, pyyhk\u00e4isyjen ja nipistysten avulla.<\/p>\n<\/li>\n<li data-sourcepos=\"13:1-14:0\">\n<p data-sourcepos=\"13:3-13:158\"><strong>Kest\u00e4v\u00e4 ja monipuolinen:<\/strong> TFT-n\u00e4yt\u00f6t on yleens\u00e4 valmistettu kest\u00e4vist\u00e4 materiaaleista, kuten lasista tai muovista, joten ne soveltuvat erilaisiin sovelluksiin.<\/p>\n<\/li>\n<li data-sourcepos=\"15:1-16:0\">\n<p data-sourcepos=\"15:3-15:130\"><strong>Kustannustehokas:<\/strong> TFT-tekniikka tarjoaa tasapainoisen suorituskyvyn ja edullisuuden verrattuna muihin kosketusn\u00e4ytt\u00f6tekniikoihin.<\/p>\n<\/li>\n<\/ul>\n<p data-sourcepos=\"17:1-17:2\"><strong>Sovellukset:<\/strong><\/p>\n<ul data-sourcepos=\"19:1-26:0\">\n<li data-sourcepos=\"19:1-20:0\">\n<p data-sourcepos=\"19:3-19:171\"><strong>\u00c4lypuhelimet ja tabletit:<\/strong> TFT-n\u00e4ytt\u00f6j\u00e4 k\u00e4ytet\u00e4\u00e4n yleisesti \u00e4lypuhelimissa ja tableteissa, ja ne tarjoavat kustannustehokkaan ja monipuolisen ratkaisun kosketusk\u00e4ytt\u00f6isiin laitteisiin.<\/p>\n<\/li>\n<li data-sourcepos=\"21:1-22:0\">\n<p data-sourcepos=\"21:3-21:140\"><strong>Kannettavat ja p\u00f6yt\u00e4koneet:<\/strong> Kosketusn\u00e4yt\u00f6llisiss\u00e4 kannettavissa tietokoneissa ja AIO-p\u00f6yt\u00e4koneissa (all-in-one) k\u00e4ytet\u00e4\u00e4n usein TFT-kosketusn\u00e4ytt\u00f6j\u00e4, jotka parantavat k\u00e4ytt\u00e4j\u00e4n vuorovaikutusta.<\/p>\n<\/li>\n<li data-sourcepos=\"23:1-24:0\">\n<p data-sourcepos=\"23:3-23:171\"><strong>Kioskit ja interaktiiviset n\u00e4yt\u00f6t:<\/strong> TFT-n\u00e4ytt\u00f6j\u00e4 k\u00e4ytet\u00e4\u00e4n laajalti kioskeissa, tiedotusp\u00e4\u00e4tteiss\u00e4 ja interaktiivisissa opasteissa itsepalveluun ja tiedonsaantiin.<\/p>\n<\/li>\n<li data-sourcepos=\"25:1-26:0\">\n<p data-sourcepos=\"25:3-25:166\"><strong>POS-j\u00e4rjestelm\u00e4t:<\/strong> TFT-n\u00e4yt\u00f6t ovat POS-j\u00e4rjestelmien olennaisia osia, jotka mahdollistavat tehokkaan kassan ja tilausten hallinnan v\u00e4hitt\u00e4iskaupassa.<\/p>\n<\/li>\n<\/ul>","protected":false},"excerpt":{"rendered":"<p>TFT-kosketusn\u00e4yt\u00f6ist\u00e4 on tullut elektroniikkalaitteiden maailman peruspilari, sill\u00e4 ne tarjoavat yhdistelm\u00e4n v\u00e4rien selkeytt\u00e4, herkk\u00e4\u00e4 kosketusinteraktiota ja edullisuutta. Monipuolisuutensa ansiosta ne soveltuvat monenlaisiin sovelluksiin henkil\u00f6kohtaisista laitteista kaupallisiin ymp\u00e4rist\u00f6ihin, mik\u00e4 parantaa k\u00e4ytt\u00e4j\u00e4kokemusta ja edist\u00e4\u00e4 innovointia.<\/p>","protected":false},"featured_media":1571,"template":"","meta":[],"product_cat":[41],"product_tag":[],"_links":{"self":[{"href":"https:\/\/touchscreenmfg.com\/fi\/wp-json\/wp\/v2\/product\/1610"}],"collection":[{"href":"https:\/\/touchscreenmfg.com\/fi\/wp-json\/wp\/v2\/product"}],"about":[{"href":"https:\/\/touchscreenmfg.com\/fi\/wp-json\/wp\/v2\/types\/product"}],"wp:featuredmedia":[{"embeddable":true,"href":"https:\/\/touchscreenmfg.com\/fi\/wp-json\/wp\/v2\/media\/1571"}],"wp:attachment":[{"href":"https:\/\/touchscreenmfg.com\/fi\/wp-json\/wp\/v2\/media?parent=1610"}],"wp:term":[{"taxonomy":"product_cat","embeddable":true,"href":"https:\/\/touchscreenmfg.com\/fi\/wp-json\/wp\/v2\/product_cat?post=1610"},{"taxonomy":"product_tag","embeddable":true,"href":"https:\/\/touchscreenmfg.com\/fi\/wp-json\/wp\/v2\/product_tag?post=1610"}],"curies":[{"name":"wp","href":"https:\/\/api.w.org\/{rel}","templated":true}]}}