{"id":1609,"date":"2024-06-29T01:06:10","date_gmt":"2024-06-29T01:06:10","guid":{"rendered":"https:\/\/touchscreenmfg.com\/manufacturer\/lcd-touch-screen\/"},"modified":"2024-06-29T03:20:02","modified_gmt":"2024-06-29T03:20:02","slug":"lcd-touch-screen","status":"publish","type":"product","link":"https:\/\/touchscreenmfg.com\/fi\/lcd-touch-screen\/","title":{"rendered":"LCD-kosketusn\u00e4ytt\u00f6"},"content":{"rendered":"<h2 class=\"\" data-sourcepos=\"3:1-3:89\">LCD-kosketusn\u00e4ytt\u00f6: Visuaalisen selkeyden ja tuntoaistin avulla tapahtuvan vuorovaikutuksen parantaminen.<\/h2>\n<p data-sourcepos=\"5:1-5:121\">LCD-kosketusn\u00e4yt\u00f6t, jotka tunnetaan my\u00f6s nimell\u00e4 kosketuspaneelin\u00e4yt\u00f6t tai kosketuspaneelin\u00e4yt\u00f6t, ovat kosketusn\u00e4ytt\u00f6tyyppi, jossa yhdistyv\u00e4t nestekiden\u00e4yt\u00f6n (LCD) visuaalinen selkeys ja kosketusn\u00e4ytt\u00f6paneelin interaktiiviset ominaisuudet. N\u00e4it\u00e4 monipuolisia n\u00e4ytt\u00f6j\u00e4 k\u00e4ytet\u00e4\u00e4n laajalti erilaisissa elektroniikkalaitteissa, ja ne tarjoavat k\u00e4ytt\u00e4j\u00e4yst\u00e4v\u00e4llisen ja miellytt\u00e4v\u00e4n k\u00e4ytt\u00f6liittym\u00e4n.<\/p>\n<p data-sourcepos=\"7:1-7:38\"><strong>T\u00e4rkeimm\u00e4t ominaisuudet:<\/strong><\/p>\n<ul data-sourcepos=\"9:1-9:76\">\n<li data-sourcepos=\"9:1-9:76\">\n<p class=\"\" data-sourcepos=\"9:3-9:190\"><strong class=\"\">Selke\u00e4 ja el\u00e4v\u00e4 n\u00e4ytt\u00f6:<\/strong> LCD-kosketusn\u00e4yt\u00f6iss\u00e4 k\u00e4ytet\u00e4\u00e4n LCD-tekniikkaa, joka tuottaa korkearesoluutioisia kuvia, joissa on rikkaat v\u00e4rit ja ter\u00e4v\u00e4t yksityiskohdat, mik\u00e4 takaa visuaalisesti miellytt\u00e4v\u00e4n k\u00e4ytt\u00f6kokemuksen.<\/p>\n<\/li>\n<li data-sourcepos=\"11:1-12:0\">\n<p data-sourcepos=\"11:3-11:177\"><strong>Reagoiva kosketusinteraktio:<\/strong> Kosketusn\u00e4ytt\u00f6paneelin p\u00e4\u00e4llekk\u00e4islevyn avulla k\u00e4ytt\u00e4j\u00e4t voivat olla vuorovaikutuksessa n\u00e4yt\u00f6n kanssa intuitiivisten kosketusliikkeiden, kuten napautusten, pyyhk\u00e4isyjen ja nipistysten avulla.<\/p>\n<\/li>\n<li data-sourcepos=\"13:1-14:0\">\n<p data-sourcepos=\"13:3-13:185\"><strong>Kest\u00e4v\u00e4 ja monipuolinen:<\/strong> Ne on yleens\u00e4 valmistettu kest\u00e4vist\u00e4 materiaaleista, kuten lasista tai muovista, joten ne kest\u00e4v\u00e4t naarmuja ja soveltuvat erilaisiin sovelluksiin.<\/p>\n<\/li>\n<li data-sourcepos=\"15:1-15:72\">\n<p data-sourcepos=\"15:3-15:72\"><strong>Energiatehokas:<\/strong> Ne ovat yleens\u00e4 energiatehokkaita verrattuna muihin n\u00e4ytt\u00f6tekniikoihin, ja ne kuluttavat v\u00e4hemm\u00e4n virtaa suorituskyvyst\u00e4 tinkim\u00e4tt\u00e4.<\/p>\n<\/li>\n<\/ul>\n<p data-sourcepos=\"17:1-17:38\"><strong>Sovellukset:<\/strong><\/p>\n<ul data-sourcepos=\"19:1-26:0\">\n<li data-sourcepos=\"19:1-20:0\">\n<p data-sourcepos=\"19:3-19:159\"><strong>\u00c4lypuhelimet ja tabletit:<\/strong> Ne ovat \u00e4lypuhelinten ja tablettien ensisijainen n\u00e4ytt\u00f6tekniikka, joka tarjoaa kompaktin ja vuorovaikutteisen k\u00e4ytt\u00f6liittym\u00e4n.<\/p>\n<\/li>\n<li data-sourcepos=\"21:1-22:0\">\n<p data-sourcepos=\"21:3-21:171\"><strong>Kannettavat ja p\u00f6yt\u00e4koneet:<\/strong> Kosketusn\u00e4yt\u00f6lliset kannettavat tietokoneet ja monitoimiset AIO-p\u00f6yt\u00e4koneet ovat yh\u00e4 suositumpia, ja niiss\u00e4 k\u00e4ytet\u00e4\u00e4n LCD-kosketusn\u00e4ytt\u00f6j\u00e4, jotka parantavat k\u00e4ytt\u00e4j\u00e4n vuorovaikutusta.<\/p>\n<\/li>\n<li data-sourcepos=\"23:1-24:0\">\n<p data-sourcepos=\"23:3-23:171\"><strong>Kioskit ja interaktiiviset n\u00e4yt\u00f6t:<\/strong> LCD-kosketusn\u00e4ytt\u00f6j\u00e4 k\u00e4ytet\u00e4\u00e4n laajalti kioskeissa, tiedotusp\u00e4\u00e4tteiss\u00e4 ja interaktiivisissa opasteissa itsepalveluun ja tiedonsaantiin.<\/p>\n<\/li>\n<li data-sourcepos=\"25:1-26:0\">\n<p data-sourcepos=\"25:3-25:166\"><strong>POS-j\u00e4rjestelm\u00e4t:<\/strong> LCD-kosketusn\u00e4yt\u00f6t ovat POS-j\u00e4rjestelmien olennaisia osia, jotka mahdollistavat tehokkaan kassan ja tilausten hallinnan v\u00e4hitt\u00e4iskaupassa.<\/p>\n<\/li>\n<\/ul>","protected":false},"excerpt":{"rendered":"<p>LCD-kosketusn\u00e4yt\u00f6ist\u00e4 on tullut nykyaikaisen digitaalisen maiseman korvaamattomia osia, jotka tarjoavat saumattoman yhdistelm\u00e4n visuaalista selkeytt\u00e4, herkk\u00e4\u00e4 kosketusvuorovaikutusta ja kest\u00e4vyytt\u00e4. Monipuolisuutensa ansiosta ne soveltuvat monenlaisiin sovelluksiin henkil\u00f6kohtaisista laitteista kaupallisiin tiloihin, mik\u00e4 parantaa k\u00e4ytt\u00e4j\u00e4kokemusta ja edist\u00e4\u00e4 innovointia.<\/p>","protected":false},"featured_media":1570,"template":"","meta":[],"product_cat":[41],"product_tag":[],"_links":{"self":[{"href":"https:\/\/touchscreenmfg.com\/fi\/wp-json\/wp\/v2\/product\/1609"}],"collection":[{"href":"https:\/\/touchscreenmfg.com\/fi\/wp-json\/wp\/v2\/product"}],"about":[{"href":"https:\/\/touchscreenmfg.com\/fi\/wp-json\/wp\/v2\/types\/product"}],"wp:featuredmedia":[{"embeddable":true,"href":"https:\/\/touchscreenmfg.com\/fi\/wp-json\/wp\/v2\/media\/1570"}],"wp:attachment":[{"href":"https:\/\/touchscreenmfg.com\/fi\/wp-json\/wp\/v2\/media?parent=1609"}],"wp:term":[{"taxonomy":"product_cat","embeddable":true,"href":"https:\/\/touchscreenmfg.com\/fi\/wp-json\/wp\/v2\/product_cat?post=1609"},{"taxonomy":"product_tag","embeddable":true,"href":"https:\/\/touchscreenmfg.com\/fi\/wp-json\/wp\/v2\/product_tag?post=1609"}],"curies":[{"name":"wp","href":"https:\/\/api.w.org\/{rel}","templated":true}]}}