{"id":1608,"date":"2024-06-29T01:06:10","date_gmt":"2024-06-29T01:06:10","guid":{"rendered":"https:\/\/touchscreenmfg.com\/manufacturer\/touch-screen-lens\/"},"modified":"2024-06-29T03:53:36","modified_gmt":"2024-06-29T03:53:36","slug":"touch-screen-lens","status":"publish","type":"product","link":"https:\/\/touchscreenmfg.com\/fi\/touch-screen-lens\/","title":{"rendered":"Kosketusn\u00e4yt\u00f6n linssi"},"content":{"rendered":"<h2 class=\"\" data-sourcepos=\"3:1-3:76\">Kosketusn\u00e4yt\u00f6n linssit: Kosketusn\u00e4ytt\u00f6kokemuksen suojaaminen ja parantaminen<\/h2>\n<p data-sourcepos=\"5:1-5:166\">Kosketusn\u00e4yt\u00f6n linssit, jotka tunnetaan my\u00f6s nimell\u00e4 kosketusn\u00e4yt\u00f6n suojukset tai suojakalvot, ovat l\u00e4pin\u00e4kyvi\u00e4 kerroksia, jotka on levitetty kosketusn\u00e4ytt\u00f6jen p\u00e4\u00e4lle suojaamaan niit\u00e4 naarmuilta, iskuilta ja muilta vaurioilta. N\u00e4ill\u00e4 suojakilvill\u00e4 on ratkaiseva merkitys kosketusn\u00e4ytt\u00f6jen eheyden ja toimivuuden s\u00e4ilytt\u00e4misess\u00e4, mik\u00e4 takaa sujuvan ja reagoivan k\u00e4ytt\u00f6kokemuksen.<\/p>\n<p data-sourcepos=\"7:1-7:40\"><strong>T\u00e4rkeimm\u00e4t ominaisuudet:<\/strong><\/p>\n<ul data-sourcepos=\"9:1-9:121\">\n<li data-sourcepos=\"9:1-9:121\">\n<p class=\"\" data-sourcepos=\"9:3-9:191\"><strong class=\"\">Naarmujen kest\u00e4vyys:<\/strong> Kosketusn\u00e4yt\u00f6n linssit on suunniteltu kest\u00e4m\u00e4\u00e4n arkik\u00e4yt\u00f6st\u00e4 johtuvia naarmuja, kuten avaimia, kolikoita ja muita esineit\u00e4, jolloin herkk\u00e4 n\u00e4ytt\u00f6pinta ei vahingoitu.<\/p>\n<\/li>\n<li data-sourcepos=\"11:1-12:0\">\n<p data-sourcepos=\"11:3-11:156\"><strong>T\u00f6rm\u00e4yssuojaus:<\/strong> N\u00e4m\u00e4 suojakalvot pystyv\u00e4t vaimentamaan ja hajottamaan iskujen voimaa, mik\u00e4 v\u00e4hent\u00e4\u00e4 kosketusn\u00e4yt\u00f6n halkeamien ja murtumien riski\u00e4.<\/p>\n<\/li>\n<li data-sourcepos=\"13:1-14:0\">\n<p data-sourcepos=\"13:3-13:242\"><strong>H\u00e4ik\u00e4isynesto ja tahranpoisto:<\/strong> Joissakin kosketusn\u00e4yt\u00f6n linsseiss\u00e4 on h\u00e4ik\u00e4isynestopinnoitteet, jotka minimoivat heijastukset ja parantavat n\u00e4kyvyytt\u00e4 kirkkaissa ymp\u00e4rist\u00f6iss\u00e4. Niiss\u00e4 voi olla my\u00f6s likaantumisenesto-ominaisuuksia sormenj\u00e4lkien ja tahrojen v\u00e4hent\u00e4miseksi.<\/p>\n<\/li>\n<li data-sourcepos=\"15:1-15:56\">\n<p data-sourcepos=\"15:3-15:56\"><strong>Yhteensopivuus kosketusherkkyyden kanssa:<\/strong> Kosketusn\u00e4yt\u00f6n linssit on yleens\u00e4 suunniteltu s\u00e4ilytt\u00e4m\u00e4\u00e4n n\u00e4yt\u00f6n kosketusherkkyys, mik\u00e4 takaa saumattoman vuorovaikutuksen ja reagointikyvyn.<\/p>\n<\/li>\n<\/ul>\n<p data-sourcepos=\"17:1-17:40\"><strong>Sovellukset:<\/strong><\/p>\n<ul data-sourcepos=\"19:1-26:0\">\n<li data-sourcepos=\"19:1-20:0\">\n<p data-sourcepos=\"19:3-19:154\"><strong>\u00c4lypuhelimet ja tabletit:<\/strong> Kosketusn\u00e4yt\u00f6n linssej\u00e4 k\u00e4ytet\u00e4\u00e4n laajalti \u00e4lypuhelimissa ja tableteissa suojaamaan niiden arvokkaita n\u00e4ytt\u00f6j\u00e4 p\u00e4ivitt\u00e4iselt\u00e4 kulumiselta.<\/p>\n<\/li>\n<li data-sourcepos=\"21:1-22:0\">\n<p data-sourcepos=\"21:3-21:135\"><strong>Kannettavat ja p\u00f6yt\u00e4koneet:<\/strong> Kosketusn\u00e4yt\u00f6lliset kannettavat tietokoneet ja monitoimilaitteet (AIO) hy\u00f6tyv\u00e4t usein kosketusn\u00e4yt\u00f6n linssien suojauksesta.<\/p>\n<\/li>\n<li data-sourcepos=\"23:1-24:0\">\n<p data-sourcepos=\"23:3-23:203\"><strong>Kioskit ja interaktiiviset n\u00e4yt\u00f6t:<\/strong> Yleis\u00f6lle avoimet kioskit ja interaktiiviset n\u00e4yt\u00f6t ovat erityisen alttiita naarmuille ja iskuille, joten kosketusn\u00e4yt\u00f6n linssit ovat olennaisen t\u00e4rkeit\u00e4 niiden suojaamiseksi.<\/p>\n<\/li>\n<li data-sourcepos=\"25:1-26:0\">\n<p data-sourcepos=\"25:3-25:185\"><strong>POS-j\u00e4rjestelm\u00e4t:<\/strong> Kosketusn\u00e4yt\u00f6lliset POS-j\u00e4rjestelm\u00e4t tukeutuvat kosketusn\u00e4yt\u00f6n linsseihin, jotka suojaavat n\u00e4ytt\u00f6j\u00e4 vaurioilta ja takaavat keskeytym\u00e4tt\u00f6m\u00e4n toiminnan v\u00e4hitt\u00e4iskauppaymp\u00e4rist\u00f6iss\u00e4.<\/p>\n<\/li>\n<\/ul>","protected":false},"excerpt":{"rendered":"<p>Kosketusn\u00e4yt\u00f6n linssit toimivat kosketusn\u00e4ytt\u00f6jen elint\u00e4rke\u00e4n\u00e4 suojana, joka pident\u00e4\u00e4 niiden k\u00e4ytt\u00f6ik\u00e4\u00e4 ja s\u00e4ilytt\u00e4\u00e4 niiden toimivuuden. Niiden kyky est\u00e4\u00e4 naarmuja, iskuja ja tahroja takaa tasaisen ja miellytt\u00e4v\u00e4n k\u00e4ytt\u00f6kokemuksen monenlaisissa sovelluksissa.<\/p>","protected":false},"featured_media":1568,"template":"","meta":[],"product_cat":[41],"product_tag":[],"_links":{"self":[{"href":"https:\/\/touchscreenmfg.com\/fi\/wp-json\/wp\/v2\/product\/1608"}],"collection":[{"href":"https:\/\/touchscreenmfg.com\/fi\/wp-json\/wp\/v2\/product"}],"about":[{"href":"https:\/\/touchscreenmfg.com\/fi\/wp-json\/wp\/v2\/types\/product"}],"wp:featuredmedia":[{"embeddable":true,"href":"https:\/\/touchscreenmfg.com\/fi\/wp-json\/wp\/v2\/media\/1568"}],"wp:attachment":[{"href":"https:\/\/touchscreenmfg.com\/fi\/wp-json\/wp\/v2\/media?parent=1608"}],"wp:term":[{"taxonomy":"product_cat","embeddable":true,"href":"https:\/\/touchscreenmfg.com\/fi\/wp-json\/wp\/v2\/product_cat?post=1608"},{"taxonomy":"product_tag","embeddable":true,"href":"https:\/\/touchscreenmfg.com\/fi\/wp-json\/wp\/v2\/product_tag?post=1608"}],"curies":[{"name":"wp","href":"https:\/\/api.w.org\/{rel}","templated":true}]}}