{"id":1607,"date":"2024-06-29T01:06:10","date_gmt":"2024-06-29T01:06:10","guid":{"rendered":"https:\/\/touchscreenmfg.com\/manufacturer\/matrix-digital-touch-screen\/"},"modified":"2024-06-29T03:13:06","modified_gmt":"2024-06-29T03:13:06","slug":"matrix-digital-touch-screen","status":"publish","type":"product","link":"https:\/\/touchscreenmfg.com\/fi\/matrix-digital-touch-screen\/","title":{"rendered":"Digitaalinen Matrix-kosketusn\u00e4ytt\u00f6"},"content":{"rendered":"<h2 class=\"\" data-sourcepos=\"3:1-3:105\">Matrix Digital Touch Screen: Ihmisen ja koneen vuorovaikutuksen mullistaminen intuitiivisen kosketusteknologian avulla.<\/h2>\n<p data-sourcepos=\"5:1-5:361\">Digitaaliset matriisikosketusn\u00e4yt\u00f6t, jotka tunnetaan my\u00f6s nimell\u00e4 matriisikosketusn\u00e4yt\u00f6t tai interaktiiviset n\u00e4yt\u00f6t, ovat kehittyneit\u00e4 kosketusn\u00e4ytt\u00f6j\u00e4, joiden avulla k\u00e4ytt\u00e4j\u00e4t voivat olla vuorovaikutuksessa digitaalisen sis\u00e4ll\u00f6n ja laitteiden kanssa intuitiivisten kosketusliikkeiden avulla. N\u00e4m\u00e4 innovatiiviset kosketusn\u00e4yt\u00f6t muuttavat tapaa, jolla olemme vuorovaikutuksessa teknologian kanssa, ja tarjoavat luonnollisemman ja k\u00e4ytt\u00e4j\u00e4yst\u00e4v\u00e4llisemm\u00e4n kokemuksen.<\/p>\n<p data-sourcepos=\"7:1-7:49\"><strong>T\u00e4rkeimm\u00e4t ominaisuudet:<\/strong><\/p>\n<ul data-sourcepos=\"9:1-9:125\">\n<li data-sourcepos=\"9:1-9:125\">\n<p data-sourcepos=\"9:3-9:237\"><strong>Tarkka ja reagoiva kosketustunnistus:<\/strong> Matrixin digitaalisissa kosketusn\u00e4yt\u00f6iss\u00e4 k\u00e4ytet\u00e4\u00e4n kehittynytt\u00e4 kosketustunnistustekniikkaa, joka tallentaa ja reagoi tarkasti monenlaisiin kosketusliikkeisiin, kuten napautuksiin, pyyhk\u00e4isyihin, nipistyksiin ja zoomauksiin.<\/p>\n<\/li>\n<li data-sourcepos=\"11:1-12:0\">\n<p data-sourcepos=\"11:3-11:214\"><strong>Monikosketuskyky:<\/strong> Monet Matrix Digital Screens -n\u00e4yt\u00f6t tukevat monikosketustoimintoa, jolloin k\u00e4ytt\u00e4j\u00e4t voivat olla vuorovaikutuksessa useiden n\u00e4yt\u00f6n kohtien kanssa samanaikaisesti, mik\u00e4 parantaa vuorovaikutteista kokemusta.<\/p>\n<\/li>\n<li data-sourcepos=\"13:1-14:0\">\n<p data-sourcepos=\"13:3-13:210\"><strong>Kest\u00e4v\u00e4t ja naarmuuntumattomat pinnat:<\/strong> Digitaaliset Matrix-n\u00e4yt\u00f6t on yleens\u00e4 valmistettu kest\u00e4vist\u00e4 materiaaleista, kuten karkaistusta lasista tai muovista, jotta ne kest\u00e4v\u00e4t s\u00e4\u00e4nn\u00f6llist\u00e4 k\u00e4ytt\u00f6\u00e4 ja naarmuja.<\/p>\n<\/li>\n<li data-sourcepos=\"15:1-16:0\">\n<p data-sourcepos=\"15:3-15:181\"><strong>Monipuoliset sovellukset:<\/strong> Digitaalisia Matrix-kosketusn\u00e4ytt\u00f6j\u00e4 k\u00e4ytet\u00e4\u00e4n monenlaisissa sovelluksissa, kuten \u00e4lypuhelimissa, tableteissa, kannettavissa tietokoneissa, kioskeissa ja teollisuuden ohjausj\u00e4rjestelmiss\u00e4.<\/p>\n<\/li>\n<\/ul>\n<p data-sourcepos=\"17:1-17:49\"><strong>Sovellukset:<\/strong><\/p>\n<ul data-sourcepos=\"19:1-26:0\">\n<li data-sourcepos=\"19:1-20:0\">\n<p data-sourcepos=\"19:3-19:172\"><strong>Viihde-elektroniikka:<\/strong> Digitaaliset matriisikosketusn\u00e4yt\u00f6t ovat yleisi\u00e4 kulutuselektroniikan laitteissa, ja ne tarjoavat intuitiivisen hallinnan \u00e4lypuhelimille, tableteille ja kannettaville tietokoneille.<\/p>\n<\/li>\n<li data-sourcepos=\"21:1-22:0\">\n<p data-sourcepos=\"21:3-21:152\"><strong>Kaupalliset n\u00e4yt\u00f6t:<\/strong> Kosketusn\u00e4ytt\u00f6j\u00e4 k\u00e4ytet\u00e4\u00e4n yh\u00e4 useammin kaupallisissa ymp\u00e4rist\u00f6iss\u00e4, kuten v\u00e4hitt\u00e4iskaupan kioskeissa, interaktiivisissa opasteissa ja opetusn\u00e4yt\u00f6iss\u00e4.<\/p>\n<\/li>\n<li data-sourcepos=\"23:1-24:0\">\n<p data-sourcepos=\"23:3-23:158\"><strong>Teollisuusautomaatio:<\/strong> Kosketusn\u00e4ytt\u00f6paneeleita k\u00e4ytet\u00e4\u00e4n teollisuusautomaatioj\u00e4rjestelmiss\u00e4 koneiden ohjaamiseen, prosessien seurantaan ja tietojen visualisointiin.<\/p>\n<\/li>\n<li data-sourcepos=\"25:1-26:0\">\n<p data-sourcepos=\"25:3-25:182\"><strong>Kotiautomaatio:<\/strong> Matrixin digitaaliset kosketusn\u00e4yt\u00f6t on integroitu \u00e4lykk\u00e4isiin kotij\u00e4rjestelmiin, ja niiden avulla k\u00e4ytt\u00e4j\u00e4t voivat ohjata valaistusta, laitteita ja turvaominaisuuksia yksinkertaisella kosketuksella.<\/p>\n<\/li>\n<\/ul>","protected":false},"excerpt":{"rendered":"<p>Matrixin digitaaliset kosketusn\u00e4yt\u00f6t ovat mullistaneet ihmisen ja koneen v\u00e4lisen vuorovaikutuksen, sill\u00e4 ne tarjoavat luonnollisemman ja intuitiivisemman tavan hallita digitaalisia laitteita ja olla vuorovaikutuksessa niiden kanssa. Niiden monipuolisuus, tarkkuus ja kest\u00e4vyys tekev\u00e4t niist\u00e4 korvaamattomia komponentteja monenlaisissa sovelluksissa kulutuselektroniikasta teollisuusautomaatioon.<\/p>","protected":false},"featured_media":1567,"template":"","meta":[],"product_cat":[41],"product_tag":[],"_links":{"self":[{"href":"https:\/\/touchscreenmfg.com\/fi\/wp-json\/wp\/v2\/product\/1607"}],"collection":[{"href":"https:\/\/touchscreenmfg.com\/fi\/wp-json\/wp\/v2\/product"}],"about":[{"href":"https:\/\/touchscreenmfg.com\/fi\/wp-json\/wp\/v2\/types\/product"}],"wp:featuredmedia":[{"embeddable":true,"href":"https:\/\/touchscreenmfg.com\/fi\/wp-json\/wp\/v2\/media\/1567"}],"wp:attachment":[{"href":"https:\/\/touchscreenmfg.com\/fi\/wp-json\/wp\/v2\/media?parent=1607"}],"wp:term":[{"taxonomy":"product_cat","embeddable":true,"href":"https:\/\/touchscreenmfg.com\/fi\/wp-json\/wp\/v2\/product_cat?post=1607"},{"taxonomy":"product_tag","embeddable":true,"href":"https:\/\/touchscreenmfg.com\/fi\/wp-json\/wp\/v2\/product_tag?post=1607"}],"curies":[{"name":"wp","href":"https:\/\/api.w.org\/{rel}","templated":true}]}}