{"id":2179,"date":"2024-09-20T08:13:40","date_gmt":"2024-09-20T08:13:40","guid":{"rendered":"https:\/\/touchscreenmfg.com\/?post_type=product&#038;p=2179"},"modified":"2024-09-20T08:13:56","modified_gmt":"2024-09-20T08:13:56","slug":"pc-touch-screen","status":"publish","type":"product","link":"https:\/\/touchscreenmfg.com\/es\/pc-touch-screen\/","title":{"rendered":"Pantalla t\u00e1ctil para PC"},"content":{"rendered":"<h2>Pantallas t\u00e1ctiles para PC: Una elecci\u00f3n duradera y vers\u00e1til<\/h2>\n<h3 data-sourcepos=\"5:1-5:39\">Ventajas clave:<\/h3>\n<ul>\n<li><span class=\"citation-0 recitation\">Alta resistencia al impacto:<\/span><span class=\"citation-0 recitation citation-end-0\"> El PC es un material muy resistente a los impactos, por lo que es adecuado para dispositivos que puedan sufrir golpes o ca\u00eddas.<\/span><\/li>\n<li>Resistencia a la temperatura: El PC soporta una amplia gama de temperaturas, por lo que es adecuado para aplicaciones industriales o al aire libre.<\/li>\n<li><span class=\"citation-1 recitation\">Resistencia qu\u00edmica:<\/span><span class=\"citation-1 recitation citation-end-1\"> El PC es resistente a muchos productos qu\u00edmicos y disolventes, lo que lo hace duradero en entornos dif\u00edciles.<\/span><\/li>\n<li><span class=\"citation-2 recitation\">Claridad \u00f3ptica:<\/span><span class=\"citation-2 recitation citation-end-2\"> PC ofrece una buena claridad \u00f3ptica, lo que garantiza una experiencia t\u00e1ctil clara y sensible.<\/span><\/li>\n<\/ul>\n<h3 data-sourcepos=\"12:1-12:37\">Aplicaciones:<\/h3>\n<ul>\n<li><span class=\"citation-3 recitation\">Automatizaci\u00f3n industrial:<\/span><span class=\"citation-3 recitation citation-end-3\"> Las pantallas t\u00e1ctiles de PC se utilizan mucho en paneles de control y maquinaria industrial por su durabilidad y resistencia a condiciones duras.<\/span><\/li>\n<li>Quioscos de exterior: Las pantallas t\u00e1ctiles de PC son adecuadas para quioscos y terminales de informaci\u00f3n de exterior, ya que soportan la exposici\u00f3n a los elementos.<\/li>\n<li>Automoci\u00f3n: El PC se utiliza en los sistemas de infoentretenimiento y las pantallas de navegaci\u00f3n de los autom\u00f3viles, donde la durabilidad y la resistencia a la temperatura son esenciales.<\/li>\n<li><span class=\"citation-4 recitation\">Productos sanitarios:<\/span><span class=\"citation-4 recitation citation-end-4\"> Las pantallas t\u00e1ctiles de PC se encuentran en equipos m\u00e9dicos como dispositivos de diagn\u00f3stico y sistemas de monitorizaci\u00f3n de pacientes.<\/span><\/li>\n<\/ul>\n<h3 data-sourcepos=\"19:1-19:44\">Comparaci\u00f3n de pantallas t\u00e1ctiles de PMMA y PC:<\/h3>\n<div class=\"horizontal-scroll-wrapper\">\n<div class=\"table-block-component\">\n<div class=\"table-block\">\n<div class=\"table-content not-end-of-paragraph\">\n<table style=\"height: 170px;\" width=\"612\" data-sourcepos=\"21:1-27:25\">\n<tbody>\n<tr data-sourcepos=\"21:1-21:23\">\n<th data-sourcepos=\"21:1-21:9\">Caracter\u00edstica<\/th>\n<th data-sourcepos=\"21:11-21:16\">PMMA<\/th>\n<th data-sourcepos=\"21:18-21:21\">PC<\/th>\n<\/tr>\n<tr data-sourcepos=\"23:1-23:40\">\n<td data-sourcepos=\"23:1-23:19\">Resistencia a los impactos<\/td>\n<td data-sourcepos=\"23:21-23:26\">Bien<\/td>\n<td data-sourcepos=\"23:28-23:38\">Excelente<\/td>\n<\/tr>\n<tr data-sourcepos=\"24:1-24:45\">\n<td data-sourcepos=\"24:1-24:24\">Resistencia a la temperatura<\/td>\n<td data-sourcepos=\"24:26-24:31\">Bien<\/td>\n<td data-sourcepos=\"24:33-24:43\">Excelente<\/td>\n<\/tr>\n<tr data-sourcepos=\"25:1-25:42\">\n<td data-sourcepos=\"25:1-25:21\">Resistencia qu\u00edmica<\/td>\n<td data-sourcepos=\"25:23-25:28\">Bien<\/td>\n<td data-sourcepos=\"25:30-25:40\">Excelente<\/td>\n<\/tr>\n<tr data-sourcepos=\"26:1-26:38\">\n<td data-sourcepos=\"26:1-26:17\">Claridad \u00f3ptica<\/td>\n<td data-sourcepos=\"26:19-26:29\">Excelente<\/td>\n<td data-sourcepos=\"26:31-26:36\">Bien<\/td>\n<\/tr>\n<tr data-sourcepos=\"27:1-27:25\">\n<td data-sourcepos=\"27:1-27:6\">Coste<\/td>\n<td data-sourcepos=\"27:8-27:14\">Baja<\/td>\n<td data-sourcepos=\"27:16-27:23\">M\u00e1s alto<\/td>\n<\/tr>\n<\/tbody>\n<\/table>\n<\/div>\n<\/div>\n<\/div>\n<\/div>","protected":false},"excerpt":{"rendered":"<p>Las pantallas t\u00e1ctiles de PC (policarbonato) son otra opci\u00f3n popular para dispositivos electr\u00f3nicos, ya que ofrecen una excelente durabilidad y resistencia a los impactos. Suelen utilizarse en aplicaciones en las que la durabilidad y la resistencia son esenciales.<\/p>\n<p>En conclusi\u00f3n, tanto las pantallas t\u00e1ctiles de PMMA como las de PC ofrecen un rendimiento y una durabilidad excelentes. La elecci\u00f3n entre ambos materiales depende de los requisitos espec\u00edficos de la aplicaci\u00f3n. El PMMA suele ser m\u00e1s rentable y ofrece una claridad \u00f3ptica excelente, mientras que el PC es conocido por su excepcional resistencia a los impactos y a la temperatura.<\/p>","protected":false},"featured_media":2180,"template":"","meta":[],"product_cat":[43],"product_tag":[],"_links":{"self":[{"href":"https:\/\/touchscreenmfg.com\/es\/wp-json\/wp\/v2\/product\/2179"}],"collection":[{"href":"https:\/\/touchscreenmfg.com\/es\/wp-json\/wp\/v2\/product"}],"about":[{"href":"https:\/\/touchscreenmfg.com\/es\/wp-json\/wp\/v2\/types\/product"}],"wp:featuredmedia":[{"embeddable":true,"href":"https:\/\/touchscreenmfg.com\/es\/wp-json\/wp\/v2\/media\/2180"}],"wp:attachment":[{"href":"https:\/\/touchscreenmfg.com\/es\/wp-json\/wp\/v2\/media?parent=2179"}],"wp:term":[{"taxonomy":"product_cat","embeddable":true,"href":"https:\/\/touchscreenmfg.com\/es\/wp-json\/wp\/v2\/product_cat?post=2179"},{"taxonomy":"product_tag","embeddable":true,"href":"https:\/\/touchscreenmfg.com\/es\/wp-json\/wp\/v2\/product_tag?post=2179"}],"curies":[{"name":"wp","href":"https:\/\/api.w.org\/{rel}","templated":true}]}}