{"id":2177,"date":"2024-09-20T08:00:55","date_gmt":"2024-09-20T08:00:55","guid":{"rendered":"https:\/\/touchscreenmfg.com\/?post_type=product&#038;p=2177"},"modified":"2025-03-15T09:13:16","modified_gmt":"2025-03-15T09:13:16","slug":"pmma-touch-screen","status":"publish","type":"product","link":"https:\/\/touchscreenmfg.com\/es\/pmma-touch-screen\/","title":{"rendered":"Pantalla t\u00e1ctil de PMMA"},"content":{"rendered":"<h2>Pantallas t\u00e1ctiles de PMMA: Una elecci\u00f3n clara y sensible<\/h2>\n<h3 data-sourcepos=\"5:1-5:38\">Ventajas clave:<\/h3>\n<ul data-sourcepos=\"7:1-8:61\">\n<li data-sourcepos=\"7:1-7:108\">Alta transparencia: <a href=\"https:\/\/nylon-granules.com\/acrylic-sheet\/\" target=\"_blank\" rel=\"noopener\">PMMA<\/a> proporciona una claridad y visibilidad excelentes, garantizando una visualizaci\u00f3n clara y n\u00edtida.<\/li>\n<li data-sourcepos=\"8:1-8:61\">Ligereza: El PMMA es un material relativamente ligero, lo que lo hace adecuado para dispositivos port\u00e1tiles.<\/li>\n<li data-sourcepos=\"9:1-9:97\">Resistencia a los ara\u00f1azos: El PMMA ofrece una buena resistencia a los ara\u00f1azos, protegiendo la pantalla de posibles da\u00f1os.<\/li>\n<li data-sourcepos=\"10:1-10:29\">Resistencia qu\u00edmica: El PMMA es resistente a diversos productos qu\u00edmicos, por lo que es adecuado para su uso en entornos dif\u00edciles.<\/li>\n<li data-sourcepos=\"11:1-12:0\">Rentable: El PMMA es generalmente m\u00e1s rentable en comparaci\u00f3n con otros materiales como el vidrio.<\/li>\n<\/ul>\n<h3 data-sourcepos=\"13:1-13:39\">Aplicaciones:<\/h3>\n<ul data-sourcepos=\"15:1-17:89\">\n<li data-sourcepos=\"15:1-15:170\">Smartphones y tabletas: El PMMA se utiliza habitualmente en las pantallas t\u00e1ctiles de smartphones y tabletas por su combinaci\u00f3n de claridad, durabilidad y rentabilidad.<\/li>\n<li data-sourcepos=\"16:1-16:150\">Sistemas de punto de venta (TPV): Las pantallas t\u00e1ctiles de PMMA se utilizan ampliamente en los sectores minorista y hostelero para las interacciones y transacciones con los clientes.<\/li>\n<li data-sourcepos=\"17:1-17:89\">Automatizaci\u00f3n industrial: Las pantallas t\u00e1ctiles de PMMA se utilizan en paneles de control y m\u00e1quinas industriales para la introducci\u00f3n de datos por parte del operario.<\/li>\n<li data-sourcepos=\"18:1-19:0\">Dispositivos m\u00e9dicos: Las pantallas t\u00e1ctiles de PMMA se encuentran en equipos m\u00e9dicos como dispositivos de diagn\u00f3stico y sistemas de monitorizaci\u00f3n de pacientes.<\/li>\n<\/ul>\n<h3 data-sourcepos=\"20:1-20:68\">Aunque el PMMA ofrece muchas ventajas, tambi\u00e9n tiene algunas limitaciones:<\/h3>\n<ul data-sourcepos=\"22:1-24:0\">\n<li data-sourcepos=\"22:1-22:86\">Dureza: El PMMA no es tan duro como el vidrio, por lo que es m\u00e1s susceptible a los ara\u00f1azos.<\/li>\n<li data-sourcepos=\"23:1-24:0\">Sensibilidad a la temperatura: El PMMA puede verse afectado por temperaturas extremas, lo que puede repercutir en su rendimiento.<\/li>\n<\/ul>","protected":false},"excerpt":{"rendered":"<p data-sourcepos=\"3:1-3:93\">El PMMA, o polimetilmetacrilato, es un material popular para pantallas t\u00e1ctiles por sus excelentes propiedades \u00f3pticas y su durabilidad. Las pantallas t\u00e1ctiles de PMMA ofrecen una soluci\u00f3n clara, sensible y rentable para diversos dispositivos electr\u00f3nicos.<\/p>\n<p data-sourcepos=\"3:1-3:93\">En general, las pantallas t\u00e1ctiles de PMMA ofrecen una soluci\u00f3n fiable y rentable para una amplia gama de aplicaciones. Su combinaci\u00f3n de claridad, durabilidad y asequibilidad las convierte en una opci\u00f3n popular en la industria electr\u00f3nica.<\/p>","protected":false},"featured_media":2178,"template":"","meta":[],"product_cat":[43],"product_tag":[],"_links":{"self":[{"href":"https:\/\/touchscreenmfg.com\/es\/wp-json\/wp\/v2\/product\/2177"}],"collection":[{"href":"https:\/\/touchscreenmfg.com\/es\/wp-json\/wp\/v2\/product"}],"about":[{"href":"https:\/\/touchscreenmfg.com\/es\/wp-json\/wp\/v2\/types\/product"}],"wp:featuredmedia":[{"embeddable":true,"href":"https:\/\/touchscreenmfg.com\/es\/wp-json\/wp\/v2\/media\/2178"}],"wp:attachment":[{"href":"https:\/\/touchscreenmfg.com\/es\/wp-json\/wp\/v2\/media?parent=2177"}],"wp:term":[{"taxonomy":"product_cat","embeddable":true,"href":"https:\/\/touchscreenmfg.com\/es\/wp-json\/wp\/v2\/product_cat?post=2177"},{"taxonomy":"product_tag","embeddable":true,"href":"https:\/\/touchscreenmfg.com\/es\/wp-json\/wp\/v2\/product_tag?post=2177"}],"curies":[{"name":"wp","href":"https:\/\/api.w.org\/{rel}","templated":true}]}}