{"id":1871,"date":"2024-08-07T02:46:18","date_gmt":"2024-08-07T02:46:18","guid":{"rendered":"https:\/\/touchscreenmfg.com\/?post_type=product&#038;p=1871"},"modified":"2024-08-07T02:58:47","modified_gmt":"2024-08-07T02:58:47","slug":"car-light-touch-switch","status":"publish","type":"product","link":"https:\/\/touchscreenmfg.com\/es\/car-light-touch-switch\/","title":{"rendered":"Interruptor t\u00e1ctil de luces de coche"},"content":{"rendered":"<h3><strong><b>Ventajas de los interruptores t\u00e1ctiles para luces de coche<\/b><\/strong><\/h3>\n<ul>\n<li><strong>Est\u00e9tica mejorada:<\/strong>\u00a0Su dise\u00f1o elegante y minimalista contribuye a crear un interior de autom\u00f3vil moderno.<\/li>\n<li><strong>Mayor facilidad de uso:<\/strong>\u00a0La intuitiva interfaz t\u00e1ctil reduce las distracciones del conductor.<\/li>\n<li><strong>Durabilidad:<\/strong>\u00a0Resistente al desgaste, garantiza un rendimiento duradero.<\/li>\n<li><strong>Personalizaci\u00f3n:<\/strong>\u00a0Puede programarse con diversas funciones y modos de iluminaci\u00f3n.<\/li>\n<li><strong>Higiene:<\/strong>\u00a0M\u00e1s f\u00e1cil de limpiar que los botones f\u00edsicos.<\/li>\n<\/ul>\n<h3><strong><b>Tipos de interruptores t\u00e1ctiles para luces de coche<\/b><\/strong><\/h3>\n<ul>\n<li><strong>Interruptores t\u00e1ctiles capacitivos:<\/strong>\u00a0Responder a los cambios de capacitancia provocados por el cuerpo humano.<\/li>\n<li><strong>Interruptores t\u00e1ctiles resistivos:<\/strong>\u00a0Detectar cambios en la resistencia el\u00e9ctrica al pulsar.<\/li>\n<li><strong>Interruptores t\u00e1ctiles capacitivos proyectados:<\/strong>\u00a0Ofrecen mayor sensibilidad y precisi\u00f3n.<\/li>\n<\/ul>\n<h3><strong><b>Aplicaciones en veh\u00edculos<\/b><\/strong><\/h3>\n<p>Los interruptores t\u00e1ctiles de las luces del coche se utilizan habitualmente para:<\/p>\n<ul>\n<li><strong>Mandos de los faros:<\/strong>\u00a0Ajuste del brillo, el haz de luz y las funciones de encendido\/apagado autom\u00e1tico.<\/li>\n<li><strong>Iluminaci\u00f3n interior:<\/strong>\u00a0Control de la iluminaci\u00f3n ambiental, las luces de lectura y la iluminaci\u00f3n ambiental.<\/li>\n<li><strong>Controles del salpicadero:<\/strong>\u00a0Manejo del climatizador, los sistemas de audio y otros elementos del veh\u00edculo.<\/li>\n<\/ul>","protected":false},"excerpt":{"rendered":"<h3 data-sourcepos=\"5:1-5:37\">C\u00f3mo funcionan los interruptores t\u00e1ctiles de las luces del coche<\/h3>\n<p data-sourcepos=\"7:1-7:243\"><span class=\"citation-1 recitation citation-end-1\">Los interruptores t\u00e1ctiles para coches suelen utilizar tecnolog\u00eda capacitiva o resistiva para detectar el contacto de los dedos.<\/span> Cuando un dedo toca la superficie del interruptor, se produce un cambio de capacitancia o resistencia que activa la funci\u00f3n deseada.<\/p>","protected":false},"featured_media":1872,"template":"","meta":[],"product_cat":[42],"product_tag":[],"_links":{"self":[{"href":"https:\/\/touchscreenmfg.com\/es\/wp-json\/wp\/v2\/product\/1871"}],"collection":[{"href":"https:\/\/touchscreenmfg.com\/es\/wp-json\/wp\/v2\/product"}],"about":[{"href":"https:\/\/touchscreenmfg.com\/es\/wp-json\/wp\/v2\/types\/product"}],"wp:featuredmedia":[{"embeddable":true,"href":"https:\/\/touchscreenmfg.com\/es\/wp-json\/wp\/v2\/media\/1872"}],"wp:attachment":[{"href":"https:\/\/touchscreenmfg.com\/es\/wp-json\/wp\/v2\/media?parent=1871"}],"wp:term":[{"taxonomy":"product_cat","embeddable":true,"href":"https:\/\/touchscreenmfg.com\/es\/wp-json\/wp\/v2\/product_cat?post=1871"},{"taxonomy":"product_tag","embeddable":true,"href":"https:\/\/touchscreenmfg.com\/es\/wp-json\/wp\/v2\/product_tag?post=1871"}],"curies":[{"name":"wp","href":"https:\/\/api.w.org\/{rel}","templated":true}]}}