{"id":1862,"date":"2024-08-07T02:42:39","date_gmt":"2024-08-07T02:42:39","guid":{"rendered":"https:\/\/touchscreenmfg.com\/?post_type=product&#038;p=1862"},"modified":"2024-08-07T02:54:53","modified_gmt":"2024-08-07T02:54:53","slug":"car-center-console-touch-film","status":"publish","type":"product","link":"https:\/\/touchscreenmfg.com\/es\/car-center-console-touch-film\/","title":{"rendered":"Pel\u00edcula t\u00e1ctil para la consola central del coche"},"content":{"rendered":"<h3><strong>Aplicaciones de pel\u00edculas t\u00e1ctiles<\/strong><\/h3>\n<p id=\"tw-target-text\" class=\"tw-data-text tw-text-large tw-ta\" dir=\"ltr\" data-placeholder=\"Translation\" aria-label=\"Texto traducido\" data-ved=\"2ahUKEwie_Z3B7OGHAxW_bfUHHYxgEGkQ3ewLegQIERAU\"><span class=\"Y2IQFc\" lang=\"en\">La autocondensaci\u00f3n determina si un dedo toca el electrodo detectando cambios en la capacitancia electrost\u00e1tica. La capacitancia se escanea y detecta seg\u00fan un ciclo determinado. Se puede juzgar si un dedo toca el electrodo bas\u00e1ndose en el cambio del valor medido. La MCU realiza ciclos de acuerdo con un ciclo determinado. La capacitancia del electrodo se escanea y detecta. Cuando el dedo est\u00e1 lejos del electrodo, el valor de la capacitancia permanece en un valor de recuento estable. Cuando un dedo se acerca o toca el valor de capacitancia, el valor de capacitancia aumenta y el valor de recuento aumenta. Cuando el dedo se aleja del electrodo, el valor de capacitancia disminuye en el valor de recuento. El valor de recuento que disminuye y permanece en un valor estable cuando el dedo se aleja del electrodo se denomina valor base. A este valor base le superponemos un valor umbral como valor cr\u00edtico. Cuando el valor de recuento es superior a este valor cr\u00edtico, el interruptor de sentencia est\u00e1 en ON. Cuando el valor de recuento est\u00e1 por debajo de este valor cr\u00edtico, el interruptor de juicio est\u00e1 en OFF.<\/span><\/p>","protected":false},"excerpt":{"rendered":"<h3 id=\"tw-target-text\" class=\"tw-data-text tw-text-large tw-ta\" dir=\"ltr\" data-placeholder=\"Translation\" aria-label=\"Texto traducido\" data-ved=\"2ahUKEwie_Z3B7OGHAxW_bfUHHYxgEGkQ3ewLegQIERAU\"><strong><span class=\"Y2IQFc\" lang=\"en\">Principio de aplicaci\u00f3n de la pel\u00edcula t\u00e1ctil<\/span><\/strong><\/h3>\n<p>La velocidad de movimiento de la carga es constante, por lo que cuanto mayor sea la capacitancia, mayor ser\u00e1 el tiempo de carga y descarga, y mayor la cantidad de corriente. Por lo tanto, podemos utilizar la duraci\u00f3n del tiempo de carga y descarga y la cantidad de corriente de carga y descarga para juzgar el tama\u00f1o del condensador. ,Siempre que haya un estado que podamos alcanzar y recoger un cambio de estado estable, podemos utilizar este cambio para implementar una se\u00f1al de conmutaci\u00f3n.<\/p>","protected":false},"featured_media":1863,"template":"","meta":[],"product_cat":[42],"product_tag":[],"_links":{"self":[{"href":"https:\/\/touchscreenmfg.com\/es\/wp-json\/wp\/v2\/product\/1862"}],"collection":[{"href":"https:\/\/touchscreenmfg.com\/es\/wp-json\/wp\/v2\/product"}],"about":[{"href":"https:\/\/touchscreenmfg.com\/es\/wp-json\/wp\/v2\/types\/product"}],"wp:featuredmedia":[{"embeddable":true,"href":"https:\/\/touchscreenmfg.com\/es\/wp-json\/wp\/v2\/media\/1863"}],"wp:attachment":[{"href":"https:\/\/touchscreenmfg.com\/es\/wp-json\/wp\/v2\/media?parent=1862"}],"wp:term":[{"taxonomy":"product_cat","embeddable":true,"href":"https:\/\/touchscreenmfg.com\/es\/wp-json\/wp\/v2\/product_cat?post=1862"},{"taxonomy":"product_tag","embeddable":true,"href":"https:\/\/touchscreenmfg.com\/es\/wp-json\/wp\/v2\/product_tag?post=1862"}],"curies":[{"name":"wp","href":"https:\/\/api.w.org\/{rel}","templated":true}]}}