{"id":1627,"date":"2024-06-29T01:18:12","date_gmt":"2024-06-29T01:18:12","guid":{"rendered":"https:\/\/touchscreenmfg.com\/?post_type=product&#038;p=1627"},"modified":"2024-06-29T01:50:18","modified_gmt":"2024-06-29T01:50:18","slug":"planar-resistive-touch-screen","status":"publish","type":"product","link":"https:\/\/touchscreenmfg.com\/es\/planar-resistive-touch-screen\/","title":{"rendered":"Pantalla t\u00e1ctil planar resistiva"},"content":{"rendered":"<p data-sourcepos=\"3:1-3:111\">Las pantallas t\u00e1ctiles planas resistivas ofrecen una soluci\u00f3n probada y rentable para aplicaciones t\u00e1ctiles. Estas duraderas pantallas t\u00e1ctiles utilizan una capa sensible a la presi\u00f3n que responde al contacto f\u00edsico, proporcionando una experiencia t\u00e1ctil fiable e intuitiva.<\/p>\n<p data-sourcepos=\"5:1-5:51\"><strong>Caracter\u00edsticas principales:<\/strong><\/p>\n<ul data-sourcepos=\"7:1-9:11\">\n<li data-sourcepos=\"7:1-8:0\">\n<p data-sourcepos=\"7:3-7:185\"><strong>Reconocimiento t\u00e1ctil preciso y sensible:<\/strong> Las pantallas t\u00e1ctiles planas resistivas ofrecen una detecci\u00f3n t\u00e1ctil precisa, lo que garantiza una interacci\u00f3n precisa y sensible con las pantallas t\u00e1ctiles.<\/p>\n<\/li>\n<li data-sourcepos=\"9:1-9:11\">\n<p data-sourcepos=\"9:3-9:11\"><strong>Construcci\u00f3n duradera:<\/strong> El robusto dise\u00f1o de las pantallas t\u00e1ctiles resistivas soporta un uso intensivo y entornos dif\u00edciles, por lo que son ideales para aplicaciones comerciales e industriales.<\/p>\n<\/li>\n<li data-sourcepos=\"11:1-11:27\">\n<p data-sourcepos=\"11:3-11:27\"><strong>Soluci\u00f3n rentable:<\/strong> En comparaci\u00f3n con las pantallas t\u00e1ctiles capacitivas, las pantallas t\u00e1ctiles basadas en la presi\u00f3n ofrecen una opci\u00f3n m\u00e1s asequible, sobre todo para los tama\u00f1os de pantalla m\u00e1s grandes.<\/p>\n<\/li>\n<\/ul>\n<p data-sourcepos=\"13:1-13:51\"><strong>Aplicaciones:<\/strong><\/p>\n<ul data-sourcepos=\"15:1-18:0\">\n<li data-sourcepos=\"15:1-16:0\">\n<p data-sourcepos=\"15:3-15:180\"><strong>Sistemas de punto de venta (TPV):<\/strong> Las pantallas t\u00e1ctiles resistivas se utilizan ampliamente en los sistemas de punto de venta debido a su fiabilidad, asequibilidad y capacidad para soportar toques frecuentes.<\/p>\n<\/li>\n<li data-sourcepos=\"17:1-18:0\">\n<p data-sourcepos=\"17:3-17:177\"><strong>Paneles de control industrial:<\/strong> En entornos industriales, las pantallas t\u00e1ctiles resistivas ofrecen una soluci\u00f3n resistente y duradera para controlar la maquinaria y supervisar los procesos.<\/p>\n<\/li>\n<li data-sourcepos=\"19:1-20:0\">\n<p data-sourcepos=\"19:3-19:161\"><strong>Quioscos de informaci\u00f3n al p\u00fablico:<\/strong> Las pantallas t\u00e1ctiles planas resistivas permiten instalar quioscos de informaci\u00f3n p\u00fablica interactivos que facilitan la navegaci\u00f3n y el acceso a la informaci\u00f3n.<\/p>\n<\/li>\n<li data-sourcepos=\"21:1-22:0\">\n<p data-sourcepos=\"21:3-21:176\"><strong>Exposiciones educativas:<\/strong> En entornos educativos, las pantallas t\u00e1ctiles basadas en la presi\u00f3n facilitan las experiencias de aprendizaje interactivo y atraen a los estudiantes con actividades t\u00e1ctiles.<\/p>\n<\/li>\n<\/ul>","protected":false},"excerpt":{"rendered":"<p>Las pantallas t\u00e1ctiles planas resistivas siguen siendo una opci\u00f3n popular para una amplia gama de aplicaciones debido a su rendimiento fiable, asequibilidad y durabilidad. Ofrecen una soluci\u00f3n probada y rentable para pantallas t\u00e1ctiles, lo que las convierte en un activo valioso para diversos sectores y entornos.<\/p>","protected":false},"featured_media":1569,"template":"","meta":[],"product_cat":[41],"product_tag":[],"_links":{"self":[{"href":"https:\/\/touchscreenmfg.com\/es\/wp-json\/wp\/v2\/product\/1627"}],"collection":[{"href":"https:\/\/touchscreenmfg.com\/es\/wp-json\/wp\/v2\/product"}],"about":[{"href":"https:\/\/touchscreenmfg.com\/es\/wp-json\/wp\/v2\/types\/product"}],"wp:featuredmedia":[{"embeddable":true,"href":"https:\/\/touchscreenmfg.com\/es\/wp-json\/wp\/v2\/media\/1569"}],"wp:attachment":[{"href":"https:\/\/touchscreenmfg.com\/es\/wp-json\/wp\/v2\/media?parent=1627"}],"wp:term":[{"taxonomy":"product_cat","embeddable":true,"href":"https:\/\/touchscreenmfg.com\/es\/wp-json\/wp\/v2\/product_cat?post=1627"},{"taxonomy":"product_tag","embeddable":true,"href":"https:\/\/touchscreenmfg.com\/es\/wp-json\/wp\/v2\/product_tag?post=1627"}],"curies":[{"name":"wp","href":"https:\/\/api.w.org\/{rel}","templated":true}]}}