{"id":1626,"date":"2024-06-29T01:13:20","date_gmt":"2024-06-29T01:13:20","guid":{"rendered":"https:\/\/touchscreenmfg.com\/?post_type=product&#038;p=1626"},"modified":"2024-06-29T02:10:54","modified_gmt":"2024-06-29T02:10:54","slug":"4-wire-resistive-touch-screens","status":"publish","type":"product","link":"https:\/\/touchscreenmfg.com\/es\/4-wire-resistive-touch-screens\/","title":{"rendered":"Pantallas t\u00e1ctiles resistivas de 4 hilos"},"content":{"rendered":"<h2 class=\"\" data-sourcepos=\"4:1-4:104\">Pantallas t\u00e1ctiles resistivas de 4 hilos: Interacci\u00f3n t\u00e1ctil fiable y rentable para se\u00f1alizaci\u00f3n interactiva<\/h2>\n<p data-sourcepos=\"6:1-6:51\">Las pantallas t\u00e1ctiles resistivas de 4 hilos ofrecen una soluci\u00f3n probada y asequible para crear soluciones de se\u00f1alizaci\u00f3n atractivas e interactivas. Estas duraderas pantallas t\u00e1ctiles utilizan una capa sensible a la presi\u00f3n que responde al contacto f\u00edsico, lo que permite una interacci\u00f3n intuitiva con las pantallas interactivas.<\/p>\n<p data-sourcepos=\"8:1-8:51\"><strong>Caracter\u00edsticas principales de las pantallas t\u00e1ctiles resistivas de 4 hilos:<\/strong><\/p>\n<ul data-sourcepos=\"10:1-10:95\">\n<li data-sourcepos=\"10:1-10:95\">\n<p class=\"\" data-sourcepos=\"10:3-10:183\"><strong class=\"\">Reconocimiento t\u00e1ctil preciso y sensible:<\/strong> Las pantallas t\u00e1ctiles resistivas de 4 hilos ofrecen una detecci\u00f3n t\u00e1ctil precisa, lo que garantiza una interacci\u00f3n precisa y receptiva con la se\u00f1alizaci\u00f3n interactiva.<\/p>\n<\/li>\n<li data-sourcepos=\"12:1-13:0\">\n<p data-sourcepos=\"12:3-12:175\"><strong>Construcci\u00f3n duradera:<\/strong> El robusto dise\u00f1o de las pantallas t\u00e1ctiles resistivas de 4 hilos soporta un uso intensivo y entornos dif\u00edciles, lo que las hace ideales para aplicaciones de se\u00f1alizaci\u00f3n p\u00fablica.<\/p>\n<\/li>\n<li data-sourcepos=\"14:1-15:0\">\n<p data-sourcepos=\"14:3-14:170\"><strong>Soluci\u00f3n rentable:<\/strong> En comparaci\u00f3n con las pantallas t\u00e1ctiles capacitivas, las pantallas t\u00e1ctiles resistivas de 4 hilos ofrecen una opci\u00f3n m\u00e1s asequible, sobre todo para tama\u00f1os de pantalla m\u00e1s grandes.<\/p>\n<\/li>\n<\/ul>\n<p data-sourcepos=\"16:1-16:51\"><strong>Aplicaciones de las pantallas t\u00e1ctiles resistivas de 4 hilos:<\/strong><\/p>\n<ul data-sourcepos=\"18:1-20:26\">\n<li data-sourcepos=\"18:1-19:0\">\n<p data-sourcepos=\"18:3-18:195\"><strong>Se\u00f1alizaci\u00f3n digital interactiva:<\/strong> Las pantallas t\u00e1ctiles resistivas de 4 hilos se utilizan ampliamente en la se\u00f1alizaci\u00f3n digital interactiva, lo que permite a los espectadores interactuar con el contenido, realizar selecciones y acceder a la informaci\u00f3n.<\/p>\n<\/li>\n<li data-sourcepos=\"20:1-20:26\">\n<p data-sourcepos=\"20:3-20:26\"><strong>Expositores para comercios y hosteler\u00eda:<\/strong> En comercios y hosteler\u00eda, las pantallas t\u00e1ctiles resistivas de 4 hilos mejoran los quioscos de autoservicio, permitiendo a los clientes examinar f\u00e1cilmente los productos, hacer pedidos y efectuar pagos.<\/p>\n<\/li>\n<li data-sourcepos=\"22:1-23:0\">\n<p data-sourcepos=\"22:3-22:194\"><strong>Quioscos de informaci\u00f3n al p\u00fablico:<\/strong> Las pantallas t\u00e1ctiles resistivas de 4 hilos facilitan los quioscos interactivos de informaci\u00f3n p\u00fablica, proporcionando a los visitantes un f\u00e1cil acceso a mapas, directorios y otra informaci\u00f3n.<\/p>\n<\/li>\n<li data-sourcepos=\"24:1-25:0\">\n<p data-sourcepos=\"24:3-24:196\"><strong>Exposiciones y museos:<\/strong> Las pantallas t\u00e1ctiles resistivas de 4 hilos mejoran las exhibiciones de museos y exposiciones, permitiendo a los visitantes explorar los objetos expuestos de forma interactiva y aprender m\u00e1s sobre ellos.<\/p>\n<\/li>\n<\/ul>","protected":false},"excerpt":{"rendered":"<p>Las pantallas t\u00e1ctiles resistivas de 4 hilos siguen siendo una opci\u00f3n popular para la se\u00f1alizaci\u00f3n interactiva debido a su rendimiento fiable, asequibilidad y durabilidad. Ofrecen una soluci\u00f3n probada y rentable para pantallas t\u00e1ctiles, lo que las convierte en un activo valioso para diversas aplicaciones de se\u00f1alizaci\u00f3n.<\/p>","protected":false},"featured_media":1546,"template":"","meta":[],"product_cat":[41],"product_tag":[],"_links":{"self":[{"href":"https:\/\/touchscreenmfg.com\/es\/wp-json\/wp\/v2\/product\/1626"}],"collection":[{"href":"https:\/\/touchscreenmfg.com\/es\/wp-json\/wp\/v2\/product"}],"about":[{"href":"https:\/\/touchscreenmfg.com\/es\/wp-json\/wp\/v2\/types\/product"}],"wp:featuredmedia":[{"embeddable":true,"href":"https:\/\/touchscreenmfg.com\/es\/wp-json\/wp\/v2\/media\/1546"}],"wp:attachment":[{"href":"https:\/\/touchscreenmfg.com\/es\/wp-json\/wp\/v2\/media?parent=1626"}],"wp:term":[{"taxonomy":"product_cat","embeddable":true,"href":"https:\/\/touchscreenmfg.com\/es\/wp-json\/wp\/v2\/product_cat?post=1626"},{"taxonomy":"product_tag","embeddable":true,"href":"https:\/\/touchscreenmfg.com\/es\/wp-json\/wp\/v2\/product_tag?post=1626"}],"curies":[{"name":"wp","href":"https:\/\/api.w.org\/{rel}","templated":true}]}}