{"id":1625,"date":"2024-06-29T01:12:48","date_gmt":"2024-06-29T01:12:48","guid":{"rendered":"https:\/\/touchscreenmfg.com\/?post_type=product&#038;p=1625"},"modified":"2024-06-29T02:14:44","modified_gmt":"2024-06-29T02:14:44","slug":"5-wire-resistive-touch-screens","status":"publish","type":"product","link":"https:\/\/touchscreenmfg.com\/es\/5-wire-resistive-touch-screens\/","title":{"rendered":"Pantallas t\u00e1ctiles resistivas de 5 hilos"},"content":{"rendered":"<h2 class=\"\" data-sourcepos=\"1:1-1:95\">Pantallas t\u00e1ctiles resistivas de 5 hilos: Durabilidad mejorada para pizarras y pantallas inteligentes interactivas<\/h2>\n<p data-sourcepos=\"3:1-3:87\">Las pantallas t\u00e1ctiles resistivas de 5 hilos elevan la experiencia de interacci\u00f3n t\u00e1ctil de las pizarras y pantallas inteligentes interactivas, ofreciendo una mayor durabilidad, precisi\u00f3n y asequibilidad. Estas pantallas t\u00e1ctiles avanzadas emplean un dise\u00f1o exclusivo con un hilo sensor adicional, lo que proporciona varias ventajas sobre las pantallas t\u00e1ctiles resistivas tradicionales de 4 hilos.<\/p>\n<p data-sourcepos=\"5:1-5:51\"><strong>Caracter\u00edsticas principales de las pantallas t\u00e1ctiles resistivas de 5 hilos:<\/strong><\/p>\n<ul data-sourcepos=\"7:1-7:60\">\n<li data-sourcepos=\"7:1-7:60\">\n<p data-sourcepos=\"7:3-7:199\"><strong>Durabilidad superior:<\/strong> El hilo sensor adicional en las pantallas t\u00e1ctiles resistivas de 5 hilos mejora la durabilidad, haci\u00e9ndolas resistentes a ara\u00f1azos y contaminantes, ideales para entornos de mucho tr\u00e1fico.<\/p>\n<\/li>\n<li data-sourcepos=\"9:1-9:45\">\n<p data-sourcepos=\"9:3-9:45\"><strong>Distorsi\u00f3n de bordes reducida:<\/strong> El cable adicional ayuda a compensar la distorsi\u00f3n de los bordes, un problema habitual en las pantallas interactivas de mayor tama\u00f1o, garantizando una precisi\u00f3n t\u00e1ctil uniforme en toda la pantalla.<\/p>\n<\/li>\n<li data-sourcepos=\"11:1-12:0\">\n<p data-sourcepos=\"11:3-11:164\"><strong>Rendimiento estable:<\/strong> Las pantallas t\u00e1ctiles resistivas de 5 hilos ofrecen un rendimiento estable incluso en entornos dif\u00edciles, como aquellos con mucha luz ambiental o polvo.<\/p>\n<\/li>\n<li data-sourcepos=\"13:1-14:0\">\n<p data-sourcepos=\"13:3-13:167\"><strong>Soluci\u00f3n rentable:<\/strong> En comparaci\u00f3n con las pantallas t\u00e1ctiles capacitivas, las pantallas t\u00e1ctiles resistivas de 5 hilos ofrecen una soluci\u00f3n m\u00e1s rentable para grandes pantallas interactivas.<\/p>\n<\/li>\n<\/ul>\n<p data-sourcepos=\"15:1-15:51\"><strong>Aplicaciones de las pantallas t\u00e1ctiles resistivas de 5 hilos:<\/strong><\/p>\n<ul data-sourcepos=\"17:1-24:0\">\n<li data-sourcepos=\"17:1-18:0\">\n<p data-sourcepos=\"17:3-17:212\"><strong>Pizarras inteligentes interactivas:<\/strong> Las pantallas t\u00e1ctiles resistivas de 5 hilos son ideales para pizarras inteligentes interactivas utilizadas en aulas, salas de conferencias y centros de formaci\u00f3n, que permiten el aprendizaje colaborativo y las presentaciones.<\/p>\n<\/li>\n<li data-sourcepos=\"19:1-20:0\">\n<p data-sourcepos=\"19:3-19:225\"><strong>Se\u00f1alizaci\u00f3n digital y quioscos:<\/strong> En comercios, hosteler\u00eda y espacios p\u00fablicos, las pantallas t\u00e1ctiles resistivas de 5 hilos mejoran la se\u00f1alizaci\u00f3n digital y los quioscos, permitiendo a los usuarios interactuar con el contenido, hacer selecciones y acceder a la informaci\u00f3n.<\/p>\n<\/li>\n<li data-sourcepos=\"21:1-22:0\">\n<p data-sourcepos=\"21:3-21:179\"><strong>Sistemas de control industrial:<\/strong> Las pantallas t\u00e1ctiles resistivas de 5 hilos ofrecen una soluci\u00f3n fiable y duradera para controlar maquinaria y supervisar procesos en entornos industriales.<\/p>\n<\/li>\n<li data-sourcepos=\"23:1-24:0\">\n<p data-sourcepos=\"23:3-23:193\"><strong>Sistemas de im\u00e1genes m\u00e9dicas:<\/strong> La durabilidad y precisi\u00f3n de las pantallas t\u00e1ctiles resistivas de 5 hilos las hacen id\u00f3neas para los sistemas de imagen m\u00e9dica, ya que permiten a los m\u00e9dicos interactuar con las im\u00e1genes con precisi\u00f3n.<\/p>\n<\/li>\n<\/ul>","protected":false},"excerpt":{"rendered":"<p>Las pantallas t\u00e1ctiles resistivas de 5 hilos ofrecen una convincente combinaci\u00f3n de durabilidad, precisi\u00f3n y asequibilidad, lo que las convierte en la opci\u00f3n preferida para una amplia gama de aplicaciones de pizarras y pantallas inteligentes interactivas. Proporcionan una soluci\u00f3n fiable y rentable para pantallas t\u00e1ctiles, mejorando la participaci\u00f3n del usuario y la productividad en diversos entornos.<\/p>","protected":false},"featured_media":1548,"template":"","meta":[],"product_cat":[41],"product_tag":[],"_links":{"self":[{"href":"https:\/\/touchscreenmfg.com\/es\/wp-json\/wp\/v2\/product\/1625"}],"collection":[{"href":"https:\/\/touchscreenmfg.com\/es\/wp-json\/wp\/v2\/product"}],"about":[{"href":"https:\/\/touchscreenmfg.com\/es\/wp-json\/wp\/v2\/types\/product"}],"wp:featuredmedia":[{"embeddable":true,"href":"https:\/\/touchscreenmfg.com\/es\/wp-json\/wp\/v2\/media\/1548"}],"wp:attachment":[{"href":"https:\/\/touchscreenmfg.com\/es\/wp-json\/wp\/v2\/media?parent=1625"}],"wp:term":[{"taxonomy":"product_cat","embeddable":true,"href":"https:\/\/touchscreenmfg.com\/es\/wp-json\/wp\/v2\/product_cat?post=1625"},{"taxonomy":"product_tag","embeddable":true,"href":"https:\/\/touchscreenmfg.com\/es\/wp-json\/wp\/v2\/product_tag?post=1625"}],"curies":[{"name":"wp","href":"https:\/\/api.w.org\/{rel}","templated":true}]}}